{"id":12310,"date":"2020-08-03T14:09:05","date_gmt":"2020-08-03T11:09:05","guid":{"rendered":"https:\/\/esentevibrationale.com\/?post_type=product&#038;p=12310"},"modified":"2025-12-31T11:35:16","modified_gmt":"2025-12-31T09:35:16","slug":"esenta-oceanului-nr-12","status":"publish","type":"product","link":"https:\/\/esentevibrationale.com\/?product=esenta-oceanului-nr-12","title":{"rendered":"12. Ocean Essence No. 12 \/ Esen\u021ba Oceanic\u0103 Nr. 12"},"content":{"rendered":"<p><strong>Efectul energetic al esen\u021bei:<\/strong><br \/>\nEsen\u021ba ne conduce energic p\u00e2n\u0103 la \u00eenceputul crea\u021biei lui Dumnezeu. Ne conecteaz\u0103 cu informa\u021biile originale, neadecvate care sunt con\u021binute \u0219i \u00een primele celule originale. Are un efect de echilibrare asupra plexului solar \u0219i chakrei inimii. Armonizeaz\u0103 \u0219i echilibreaz\u0103 sentimentele. Conexiune la origine. Esen\u021ba ne d\u0103 un sentiment ca revenind la origine. Conexiunea cu Alfa \u0219i Omega. Experien\u021ba primei celule din p\u00e2ntece. Minunatul sentiment de a fi conectat la toate, a face parte din tot ceea ce este. Are efect energetic asupra primei Chakre. Este excelent\u0103 pentru centrare \u0219i \u00eemp\u0103m\u00e2ntare, corespunde esen\u021bei planetare a soarelui, afecteaz\u0103 centrul nostru ca soarele \u00een reprezentarea arborelui vie\u021bii \u00een geometria sacr\u0103.<\/p>\n","protected":false},"excerpt":{"rendered":"<p>Efectul energetic al esen\u021bei: Esen\u021ba ne conduce energic p\u00e2n\u0103 la \u00eenceputul crea\u021biei lui Dumnezeu. Ne conecteaz\u0103 cu informa\u021biile originale, neadecvate care sunt con\u021binute \u0219i \u00een primele celule originale. Are un efect de echilibrare asupra plexului solar \u0219i chakrei inimii. Armonizeaz\u0103 \u0219i echilibreaz\u0103 sentimentele. Conexiune la origine. Esen\u021ba ne d\u0103 un sentiment ca revenind la origine. &hellip; <a href=\"https:\/\/esentevibrationale.com\/?product=esenta-oceanului-nr-12\" class=\"more-link\">Continu\u0103 lectura <span class=\"screen-reader-text\">12. Ocean Essence No. 12 \/ Esen\u021ba Oceanic\u0103 Nr. 12<\/span> <span class=\"meta-nav\">&rarr;<\/span><\/a><\/p>\n","protected":false},"featured_media":12313,"template":"","meta":[],"product_brand":[],"product_cat":[72],"product_tag":[],"class_list":{"0":"post-12310","1":"product","2":"type-product","3":"status-publish","4":"has-post-thumbnail","6":"product_cat-esentele-ocenului","7":"pa_size-15ml","8":"pa_size-30ml","10":"first","11":"instock","12":"shipping-taxable","13":"purchasable","14":"product-type-variable","15":"has-default-attributes"},"_links":{"self":[{"href":"https:\/\/esentevibrationale.com\/index.php?rest_route=\/wp\/v2\/product\/12310","targetHints":{"allow":["GET"]}}],"collection":[{"href":"https:\/\/esentevibrationale.com\/index.php?rest_route=\/wp\/v2\/product"}],"about":[{"href":"https:\/\/esentevibrationale.com\/index.php?rest_route=\/wp\/v2\/types\/product"}],"wp:featuredmedia":[{"embeddable":true,"href":"https:\/\/esentevibrationale.com\/index.php?rest_route=\/wp\/v2\/media\/12313"}],"wp:attachment":[{"href":"https:\/\/esentevibrationale.com\/index.php?rest_route=%2Fwp%2Fv2%2Fmedia&parent=12310"}],"wp:term":[{"taxonomy":"product_brand","embeddable":true,"href":"https:\/\/esentevibrationale.com\/index.php?rest_route=%2Fwp%2Fv2%2Fproduct_brand&post=12310"},{"taxonomy":"product_cat","embeddable":true,"href":"https:\/\/esentevibrationale.com\/index.php?rest_route=%2Fwp%2Fv2%2Fproduct_cat&post=12310"},{"taxonomy":"product_tag","embeddable":true,"href":"https:\/\/esentevibrationale.com\/index.php?rest_route=%2Fwp%2Fv2%2Fproduct_tag&post=12310"}],"curies":[{"name":"wp","href":"https:\/\/api.w.org\/{rel}","templated":true}]}}