{"id":12318,"date":"2020-08-03T14:31:33","date_gmt":"2020-08-03T11:31:33","guid":{"rendered":"https:\/\/esentevibrationale.com\/?post_type=product&#038;p=12318"},"modified":"2026-01-02T06:51:39","modified_gmt":"2026-01-02T04:51:39","slug":"esenta-oceanului-nr-14","status":"publish","type":"product","link":"https:\/\/esentevibrationale.com\/?product=esenta-oceanului-nr-14","title":{"rendered":"14. Ocean Essence No. 14 \/ Esen\u021ba Oceanic\u0103 Nr. 14"},"content":{"rendered":"<p><strong>Efectul energetic al esen\u021bei:<\/strong><br \/>\nEsen\u021ba are un efect energic de eliberare asupra blocajelor ad\u00e2nci. Ne elibereaz\u0103 intern de limit\u0103rile \u0219i tiparele vechi, care ne afecteaz\u0103 stima de sine. Esen\u021ba are un\u00a0 puternic efect energetic asupra creierului. Zona lateral\u0103 a creierului \u0219i lobul frontal sunt activate.<\/p>\n<p>Pe plan emo\u021bional, ne ajut\u0103 s\u0103 echilibr\u0103m energiile plexului solar. Se \u00eent\u0103re\u0219te energetic, atunci c\u00e2nd avem prea pu\u021bin\u0103 stim\u0103 de sine sau lini\u0219titoare c\u00e2nd avem prea mult ego. Acest lucru ne face s\u0103 ne sim\u021bim mai egali cu ceilal\u021bi. Acest lucru face mai u\u0219oar\u0103 colaborarea \u0219i comportamentul de cooperare. Ajut\u0103 la eliberarea mai bun\u0103 a lucrurilor vechi \u0219i la recunoa\u0219terea adev\u0103ratei lor dimensiuni, care pot ameliora tensiunea, \u00een special zona gurii \u0219i maxilarului. Are efect energetic asupra Chakrei a-2-a.<\/p>\n","protected":false},"excerpt":{"rendered":"<p>Efectul energetic al esen\u021bei: Esen\u021ba are un efect energic de eliberare asupra blocajelor ad\u00e2nci. Ne elibereaz\u0103 intern de limit\u0103rile \u0219i tiparele vechi, care ne afecteaz\u0103 stima de sine. Esen\u021ba are un\u00a0 puternic efect energetic asupra creierului. Zona lateral\u0103 a creierului \u0219i lobul frontal sunt activate. Pe plan emo\u021bional, ne ajut\u0103 s\u0103 echilibr\u0103m energiile plexului solar. &hellip; <a href=\"https:\/\/esentevibrationale.com\/?product=esenta-oceanului-nr-14\" class=\"more-link\">Continu\u0103 lectura <span class=\"screen-reader-text\">14. Ocean Essence No. 14 \/ Esen\u021ba Oceanic\u0103 Nr. 14<\/span> <span class=\"meta-nav\">&rarr;<\/span><\/a><\/p>\n","protected":false},"featured_media":12320,"template":"","meta":[],"product_brand":[],"product_cat":[72],"product_tag":[],"class_list":{"0":"post-12318","1":"product","2":"type-product","3":"status-publish","4":"has-post-thumbnail","6":"product_cat-esentele-ocenului","7":"pa_size-15ml","8":"pa_size-30ml","10":"first","11":"instock","12":"shipping-taxable","13":"purchasable","14":"product-type-variable","15":"has-default-attributes"},"_links":{"self":[{"href":"https:\/\/esentevibrationale.com\/index.php?rest_route=\/wp\/v2\/product\/12318","targetHints":{"allow":["GET"]}}],"collection":[{"href":"https:\/\/esentevibrationale.com\/index.php?rest_route=\/wp\/v2\/product"}],"about":[{"href":"https:\/\/esentevibrationale.com\/index.php?rest_route=\/wp\/v2\/types\/product"}],"wp:featuredmedia":[{"embeddable":true,"href":"https:\/\/esentevibrationale.com\/index.php?rest_route=\/wp\/v2\/media\/12320"}],"wp:attachment":[{"href":"https:\/\/esentevibrationale.com\/index.php?rest_route=%2Fwp%2Fv2%2Fmedia&parent=12318"}],"wp:term":[{"taxonomy":"product_brand","embeddable":true,"href":"https:\/\/esentevibrationale.com\/index.php?rest_route=%2Fwp%2Fv2%2Fproduct_brand&post=12318"},{"taxonomy":"product_cat","embeddable":true,"href":"https:\/\/esentevibrationale.com\/index.php?rest_route=%2Fwp%2Fv2%2Fproduct_cat&post=12318"},{"taxonomy":"product_tag","embeddable":true,"href":"https:\/\/esentevibrationale.com\/index.php?rest_route=%2Fwp%2Fv2%2Fproduct_tag&post=12318"}],"curies":[{"name":"wp","href":"https:\/\/api.w.org\/{rel}","templated":true}]}}