{"id":12323,"date":"2020-08-03T14:35:34","date_gmt":"2020-08-03T11:35:34","guid":{"rendered":"https:\/\/esentevibrationale.com\/?post_type=product&#038;p=12323"},"modified":"2026-01-02T06:52:30","modified_gmt":"2026-01-02T04:52:30","slug":"esenta-oceanului-nr-15","status":"publish","type":"product","link":"https:\/\/esentevibrationale.com\/?product=esenta-oceanului-nr-15","title":{"rendered":"15. Ocean Essence No. 15 \/ Esen\u021ba Oceanic\u0103 Nr. 15"},"content":{"rendered":"<p><strong>Efectul energetic al esen\u021bei:<\/strong><br \/>\nEsen\u021ba ne readuce energic la prima stare ini\u021bial\u0103, informa\u021bia primei celule dup\u0103 fuziunea ADN-ului \u00een crearea vie\u021bii. Ne amintim informa\u021biile originale, netulburate, neschimbate, momentul cre\u0103rii lui Dumnezeu, Esen\u021ba, originalul din noi.<br \/>\nEsen\u021ba ne d\u0103 un sentiment de a fi cufundat \u00een aceast\u0103 stare primordial\u0103 a oceanului \u00een Evul Mediu \u00een urm\u0103 cu milioane de ani, de a participa la prima via\u021b\u0103 \u00een acest ocean primordial, de a fi unul \u00een acest moment al crea\u021biei divine, de a fi readus la origine din tot ceea ce este.<br \/>\nAre efect energetic asupra Chakrei 1.<\/p>\n","protected":false},"excerpt":{"rendered":"<p>Efectul energetic al esen\u021bei: Esen\u021ba ne readuce energic la prima stare ini\u021bial\u0103, informa\u021bia primei celule dup\u0103 fuziunea ADN-ului \u00een crearea vie\u021bii. Ne amintim informa\u021biile originale, netulburate, neschimbate, momentul cre\u0103rii lui Dumnezeu, Esen\u021ba, originalul din noi. Esen\u021ba ne d\u0103 un sentiment de a fi cufundat \u00een aceast\u0103 stare primordial\u0103 a oceanului \u00een Evul Mediu \u00een urm\u0103 &hellip; <a href=\"https:\/\/esentevibrationale.com\/?product=esenta-oceanului-nr-15\" class=\"more-link\">Continu\u0103 lectura <span class=\"screen-reader-text\">15. Ocean Essence No. 15 \/ Esen\u021ba Oceanic\u0103 Nr. 15<\/span> <span class=\"meta-nav\">&rarr;<\/span><\/a><\/p>\n","protected":false},"featured_media":12326,"template":"","meta":[],"product_brand":[],"product_cat":[72],"product_tag":[],"class_list":{"0":"post-12323","1":"product","2":"type-product","3":"status-publish","4":"has-post-thumbnail","6":"product_cat-esentele-ocenului","7":"pa_size-15ml","8":"pa_size-30ml","10":"first","11":"instock","12":"shipping-taxable","13":"purchasable","14":"product-type-variable","15":"has-default-attributes"},"_links":{"self":[{"href":"https:\/\/esentevibrationale.com\/index.php?rest_route=\/wp\/v2\/product\/12323","targetHints":{"allow":["GET"]}}],"collection":[{"href":"https:\/\/esentevibrationale.com\/index.php?rest_route=\/wp\/v2\/product"}],"about":[{"href":"https:\/\/esentevibrationale.com\/index.php?rest_route=\/wp\/v2\/types\/product"}],"wp:featuredmedia":[{"embeddable":true,"href":"https:\/\/esentevibrationale.com\/index.php?rest_route=\/wp\/v2\/media\/12326"}],"wp:attachment":[{"href":"https:\/\/esentevibrationale.com\/index.php?rest_route=%2Fwp%2Fv2%2Fmedia&parent=12323"}],"wp:term":[{"taxonomy":"product_brand","embeddable":true,"href":"https:\/\/esentevibrationale.com\/index.php?rest_route=%2Fwp%2Fv2%2Fproduct_brand&post=12323"},{"taxonomy":"product_cat","embeddable":true,"href":"https:\/\/esentevibrationale.com\/index.php?rest_route=%2Fwp%2Fv2%2Fproduct_cat&post=12323"},{"taxonomy":"product_tag","embeddable":true,"href":"https:\/\/esentevibrationale.com\/index.php?rest_route=%2Fwp%2Fv2%2Fproduct_tag&post=12323"}],"curies":[{"name":"wp","href":"https:\/\/api.w.org\/{rel}","templated":true}]}}