{"id":12328,"date":"2020-08-03T14:45:48","date_gmt":"2020-08-03T11:45:48","guid":{"rendered":"https:\/\/esentevibrationale.com\/?post_type=product&#038;p=12328"},"modified":"2026-01-02T06:53:14","modified_gmt":"2026-01-02T04:53:14","slug":"esenta-oceanului-nr-16","status":"publish","type":"product","link":"https:\/\/esentevibrationale.com\/?product=esenta-oceanului-nr-16","title":{"rendered":"16. Ocean Essence No. 16 \/ Esen\u021ba Oceanic\u0103 Nr. 16"},"content":{"rendered":"<p><strong>Efectul energetic al esen\u021bei:<\/strong><br \/>\nEsen\u021ba are un efect energizant de eliberare asupra modelelor \u0219i sentimentelor vechi, sentimentele de limitare interioar\u0103 pot fi transformate \u00een acest fel. Bloc\u0103rile pot fi rezolvate, devenim mai \u00eencrez\u0103tori \u0219i \u00eei putem aborda pe ceilal\u021bi mai cald \u0219i f\u0103r\u0103 prejudec\u0103\u021bi. Promoveaz\u0103 comunicarea \u0219i conexiunile energetice. Deci, are \u0219i un efect pozitiv asupra vitalit\u0103\u021bii \u0219i energiei noastre. Aceasta activeaz\u0103 corpul nostru u\u0219or \u0219i energia torului.<br \/>\nEsen\u021ba ne aduce energia vie\u021bii \u0219i for\u021ba s\u0103 curg\u0103, limit\u0103rile \u0219i blocajele sunt transformate, energia curge \u0219i \u00een m\u00e2ini \u0219i \u020bn picioare, tensiunile pot fi eliberate \u0219i Chakra inimii se extinde \u0219i se stabilizeaz\u0103 energetic. Are efect energetic asupra Chakrei a-2-a.<\/p>\n","protected":false},"excerpt":{"rendered":"<p>Efectul energetic al esen\u021bei: Esen\u021ba are un efect energizant de eliberare asupra modelelor \u0219i sentimentelor vechi, sentimentele de limitare interioar\u0103 pot fi transformate \u00een acest fel. Bloc\u0103rile pot fi rezolvate, devenim mai \u00eencrez\u0103tori \u0219i \u00eei putem aborda pe ceilal\u021bi mai cald \u0219i f\u0103r\u0103 prejudec\u0103\u021bi. Promoveaz\u0103 comunicarea \u0219i conexiunile energetice. Deci, are \u0219i un efect pozitiv &hellip; <a href=\"https:\/\/esentevibrationale.com\/?product=esenta-oceanului-nr-16\" class=\"more-link\">Continu\u0103 lectura <span class=\"screen-reader-text\">16. Ocean Essence No. 16 \/ Esen\u021ba Oceanic\u0103 Nr. 16<\/span> <span class=\"meta-nav\">&rarr;<\/span><\/a><\/p>\n","protected":false},"featured_media":12329,"template":"","meta":[],"product_brand":[],"product_cat":[72],"product_tag":[],"class_list":{"0":"post-12328","1":"product","2":"type-product","3":"status-publish","4":"has-post-thumbnail","6":"product_cat-esentele-ocenului","7":"pa_size-15ml","8":"pa_size-30ml","10":"first","11":"instock","12":"shipping-taxable","13":"purchasable","14":"product-type-variable","15":"has-default-attributes"},"_links":{"self":[{"href":"https:\/\/esentevibrationale.com\/index.php?rest_route=\/wp\/v2\/product\/12328","targetHints":{"allow":["GET"]}}],"collection":[{"href":"https:\/\/esentevibrationale.com\/index.php?rest_route=\/wp\/v2\/product"}],"about":[{"href":"https:\/\/esentevibrationale.com\/index.php?rest_route=\/wp\/v2\/types\/product"}],"wp:featuredmedia":[{"embeddable":true,"href":"https:\/\/esentevibrationale.com\/index.php?rest_route=\/wp\/v2\/media\/12329"}],"wp:attachment":[{"href":"https:\/\/esentevibrationale.com\/index.php?rest_route=%2Fwp%2Fv2%2Fmedia&parent=12328"}],"wp:term":[{"taxonomy":"product_brand","embeddable":true,"href":"https:\/\/esentevibrationale.com\/index.php?rest_route=%2Fwp%2Fv2%2Fproduct_brand&post=12328"},{"taxonomy":"product_cat","embeddable":true,"href":"https:\/\/esentevibrationale.com\/index.php?rest_route=%2Fwp%2Fv2%2Fproduct_cat&post=12328"},{"taxonomy":"product_tag","embeddable":true,"href":"https:\/\/esentevibrationale.com\/index.php?rest_route=%2Fwp%2Fv2%2Fproduct_tag&post=12328"}],"curies":[{"name":"wp","href":"https:\/\/api.w.org\/{rel}","templated":true}]}}