{"id":12332,"date":"2020-08-03T14:58:44","date_gmt":"2020-08-03T11:58:44","guid":{"rendered":"https:\/\/esentevibrationale.com\/?post_type=product&#038;p=12332"},"modified":"2026-01-02T06:54:01","modified_gmt":"2026-01-02T04:54:01","slug":"esenta-oceanului-nr-17","status":"publish","type":"product","link":"https:\/\/esentevibrationale.com\/?product=esenta-oceanului-nr-17","title":{"rendered":"17. Ocean Essence No. 17 \/ Esen\u021ba Oceanic\u0103 Nr. 17"},"content":{"rendered":"<p><strong>Efectul energetic al esen\u021bei:<\/strong><br \/>\nEsen\u021ba creeaz\u0103 mai mult spa\u021biu pentru flexibilitate, \u00eencredere \u00een sine \u0219i flexibilitate \u00een noi.<br \/>\nEfectul este asupra blocajelor ad\u00e2nci din subcon\u0219tient. Sentimentele ca frica \u0219i vinov\u0103\u021bia sau ru\u0219inea pot fi eliberate energic. Ne ajut\u0103 s\u0103 cre\u0103m claritate interioar\u0103 \u0219i s\u0103 dezvolt\u0103m mai mult\u0103 stim\u0103 de sine. Ne sim\u021bim elibera\u021bi \u0219i dezlega\u021bi \u00een interior. Astfel, ne putem sim\u021bi mai agili \u0219i mai flexibili \u0219i putem merge mai departe cu mai mult\u0103 \u00eencredere \u00een sine \u0219i u\u0219urin\u021b\u0103 \u00een via\u021b\u0103.<br \/>\nEsen\u021ba ne ajut\u0103 s\u0103 ne sim\u021bim liberi \u0219i relaxa\u021bi \u00een interior. Blocajele \u0219i rigiditatea se pot dizolva, de asemenea, coloana vertebral\u0103 se simte mai liber\u0103 \u0219i mai flexibil\u0103. Ne sim\u021bim proteja\u021bi \u0219i centra\u021bi \u00een inima conectat\u0103 la lumin\u0103. Are efect energetic asupra Chakrei a-2-a.<\/p>\n","protected":false},"excerpt":{"rendered":"<p>Efectul energetic al esen\u021bei: Esen\u021ba creeaz\u0103 mai mult spa\u021biu pentru flexibilitate, \u00eencredere \u00een sine \u0219i flexibilitate \u00een noi. Efectul este asupra blocajelor ad\u00e2nci din subcon\u0219tient. Sentimentele ca frica \u0219i vinov\u0103\u021bia sau ru\u0219inea pot fi eliberate energic. Ne ajut\u0103 s\u0103 cre\u0103m claritate interioar\u0103 \u0219i s\u0103 dezvolt\u0103m mai mult\u0103 stim\u0103 de sine. Ne sim\u021bim elibera\u021bi \u0219i dezlega\u021bi &hellip; <a href=\"https:\/\/esentevibrationale.com\/?product=esenta-oceanului-nr-17\" class=\"more-link\">Continu\u0103 lectura <span class=\"screen-reader-text\">17. Ocean Essence No. 17 \/ Esen\u021ba Oceanic\u0103 Nr. 17<\/span> <span class=\"meta-nav\">&rarr;<\/span><\/a><\/p>\n","protected":false},"featured_media":12335,"template":"","meta":[],"product_brand":[],"product_cat":[72],"product_tag":[],"class_list":{"0":"post-12332","1":"product","2":"type-product","3":"status-publish","4":"has-post-thumbnail","6":"product_cat-esentele-ocenului","7":"pa_size-15ml","8":"pa_size-30ml","10":"first","11":"instock","12":"shipping-taxable","13":"purchasable","14":"product-type-variable","15":"has-default-attributes"},"_links":{"self":[{"href":"https:\/\/esentevibrationale.com\/index.php?rest_route=\/wp\/v2\/product\/12332","targetHints":{"allow":["GET"]}}],"collection":[{"href":"https:\/\/esentevibrationale.com\/index.php?rest_route=\/wp\/v2\/product"}],"about":[{"href":"https:\/\/esentevibrationale.com\/index.php?rest_route=\/wp\/v2\/types\/product"}],"wp:featuredmedia":[{"embeddable":true,"href":"https:\/\/esentevibrationale.com\/index.php?rest_route=\/wp\/v2\/media\/12335"}],"wp:attachment":[{"href":"https:\/\/esentevibrationale.com\/index.php?rest_route=%2Fwp%2Fv2%2Fmedia&parent=12332"}],"wp:term":[{"taxonomy":"product_brand","embeddable":true,"href":"https:\/\/esentevibrationale.com\/index.php?rest_route=%2Fwp%2Fv2%2Fproduct_brand&post=12332"},{"taxonomy":"product_cat","embeddable":true,"href":"https:\/\/esentevibrationale.com\/index.php?rest_route=%2Fwp%2Fv2%2Fproduct_cat&post=12332"},{"taxonomy":"product_tag","embeddable":true,"href":"https:\/\/esentevibrationale.com\/index.php?rest_route=%2Fwp%2Fv2%2Fproduct_tag&post=12332"}],"curies":[{"name":"wp","href":"https:\/\/api.w.org\/{rel}","templated":true}]}}