{"id":12336,"date":"2020-08-03T15:07:37","date_gmt":"2020-08-03T12:07:37","guid":{"rendered":"https:\/\/esentevibrationale.com\/?post_type=product&#038;p=12336"},"modified":"2026-01-02T06:55:07","modified_gmt":"2026-01-02T04:55:07","slug":"esenta-oceanului-nr-18","status":"publish","type":"product","link":"https:\/\/esentevibrationale.com\/?product=esenta-oceanului-nr-18","title":{"rendered":"18. Ocean Essence No. 18 \/ Esen\u021ba Oceanic\u0103 Nr. 18"},"content":{"rendered":"<p><strong>Efectul energetic al esen\u021bei:<\/strong><br \/>\nEsen\u021ba ne ajut\u0103 s\u0103 cur\u0103\u021b\u0103m corpul mental. Efectul \u00eencepe \u00een zona capului, g\u00e2ndurile devin mai clare \u0219i pot fi mai bine clasificate. Capul se \u0219terge, g\u00e2ndurile devin limpezi \u0219i con\u0219tiente. Atunci aceast\u0103 lumin\u0103 curge \u0219i \u00een corpul nostru. \u00cenv\u0103\u021b\u0103m s\u0103 cur\u0103\u021b\u0103m emo\u021biile sau g\u00e2ndurile \u00eentunecate cu lumin\u0103 \u0219i s\u0103 respir\u0103m clar \u0219i con\u0219tient. Corpul u\u0219or este \u00eent\u0103rit, energia este stimulat\u0103 \u0219i, astfel, radia\u021bia noastr\u0103 energetic\u0103 este consolidat\u0103. Esen\u021ba ne ofer\u0103 o cur\u0103\u021bare \u0219i con\u0219tientizare energetic\u0103. Emo\u021biile \u0219i g\u00e2ndurile sunt clarificate, respira\u021bia con\u0219tient\u0103 se \u00eent\u0103re\u0219te \u0219i se \u00eent\u0103re\u0219te. Lumina ne cur\u0103\u021b\u0103 \u0219i ce este vechi curge departe de noi. Are efect energetic asupra Chakrei a-II-a.<\/p>\n","protected":false},"excerpt":{"rendered":"<p>Efectul energetic al esen\u021bei: Esen\u021ba ne ajut\u0103 s\u0103 cur\u0103\u021b\u0103m corpul mental. Efectul \u00eencepe \u00een zona capului, g\u00e2ndurile devin mai clare \u0219i pot fi mai bine clasificate. Capul se \u0219terge, g\u00e2ndurile devin limpezi \u0219i con\u0219tiente. Atunci aceast\u0103 lumin\u0103 curge \u0219i \u00een corpul nostru. \u00cenv\u0103\u021b\u0103m s\u0103 cur\u0103\u021b\u0103m emo\u021biile sau g\u00e2ndurile \u00eentunecate cu lumin\u0103 \u0219i s\u0103 respir\u0103m clar &hellip; <a href=\"https:\/\/esentevibrationale.com\/?product=esenta-oceanului-nr-18\" class=\"more-link\">Continu\u0103 lectura <span class=\"screen-reader-text\">18. Ocean Essence No. 18 \/ Esen\u021ba Oceanic\u0103 Nr. 18<\/span> <span class=\"meta-nav\">&rarr;<\/span><\/a><\/p>\n","protected":false},"featured_media":12340,"template":"","meta":[],"product_brand":[],"product_cat":[72],"product_tag":[],"class_list":{"0":"post-12336","1":"product","2":"type-product","3":"status-publish","4":"has-post-thumbnail","6":"product_cat-esentele-ocenului","7":"pa_size-15ml","8":"pa_size-30ml","10":"first","11":"instock","12":"shipping-taxable","13":"purchasable","14":"product-type-variable","15":"has-default-attributes"},"_links":{"self":[{"href":"https:\/\/esentevibrationale.com\/index.php?rest_route=\/wp\/v2\/product\/12336","targetHints":{"allow":["GET"]}}],"collection":[{"href":"https:\/\/esentevibrationale.com\/index.php?rest_route=\/wp\/v2\/product"}],"about":[{"href":"https:\/\/esentevibrationale.com\/index.php?rest_route=\/wp\/v2\/types\/product"}],"wp:featuredmedia":[{"embeddable":true,"href":"https:\/\/esentevibrationale.com\/index.php?rest_route=\/wp\/v2\/media\/12340"}],"wp:attachment":[{"href":"https:\/\/esentevibrationale.com\/index.php?rest_route=%2Fwp%2Fv2%2Fmedia&parent=12336"}],"wp:term":[{"taxonomy":"product_brand","embeddable":true,"href":"https:\/\/esentevibrationale.com\/index.php?rest_route=%2Fwp%2Fv2%2Fproduct_brand&post=12336"},{"taxonomy":"product_cat","embeddable":true,"href":"https:\/\/esentevibrationale.com\/index.php?rest_route=%2Fwp%2Fv2%2Fproduct_cat&post=12336"},{"taxonomy":"product_tag","embeddable":true,"href":"https:\/\/esentevibrationale.com\/index.php?rest_route=%2Fwp%2Fv2%2Fproduct_tag&post=12336"}],"curies":[{"name":"wp","href":"https:\/\/api.w.org\/{rel}","templated":true}]}}