{"id":12341,"date":"2020-08-03T15:16:04","date_gmt":"2020-08-03T12:16:04","guid":{"rendered":"https:\/\/esentevibrationale.com\/?post_type=product&#038;p=12341"},"modified":"2026-01-02T06:57:03","modified_gmt":"2026-01-02T04:57:03","slug":"esenta-oceanului-nr-19","status":"publish","type":"product","link":"https:\/\/esentevibrationale.com\/?product=esenta-oceanului-nr-19","title":{"rendered":"19. Ocean Essence No. 19 \/ Esen\u021ba Oceanic\u0103 Nr. 19"},"content":{"rendered":"<p><strong>Efectul energetic al esen\u021bei:<\/strong><br \/>\nEsen\u021ba ne stimuleaz\u0103 energetic metabolismul, sunt stimulate procesele interne. Pe plan emo\u021bional, esen\u021ba ne ajut\u0103 s\u0103 ne eliber\u0103m intern, s\u0103 d\u0103m drumul celor vechi, s\u0103 eliberam emo\u021biile, s\u0103 ne eliber\u0103m \u0219i s\u0103 permitem spa\u021biu pentru noi g\u00e2nduri \u0219i sugestii. \u00cen comunicare, esen\u021ba faciliteaz\u0103 schimbul clar cu ceilal\u021bi. Ne consolideaz\u0103 \u00eencrederea \u00een sine, devenim mai siguri \u0219i mai clari \u00een interior. Drept urmare, ne sim\u021bim elibera\u021bi \u0219i liberi \u00een interior \u0219i putem trece prin via\u021b\u0103 mai u\u0219or \u0219i cu entuziasm. Esen\u021ba stimuleaz\u0103 \u00eentregul corp. O senza\u021bie pl\u0103cut\u0103 de furnic\u0103turi, care are un efect pl\u0103cut \u0219i elimin\u0103 \u0219i transform\u0103 blocajele \u0219i limit\u0103rile. Ne sim\u021bim liberi \u00een interior \u0219i suntem conecta\u021bi la fluxul vie\u021bii. Are efect energetic asupra Chakrei I.<\/p>\n","protected":false},"excerpt":{"rendered":"<p>Efectul energetic al esen\u021bei: Esen\u021ba ne stimuleaz\u0103 energetic metabolismul, sunt stimulate procesele interne. Pe plan emo\u021bional, esen\u021ba ne ajut\u0103 s\u0103 ne eliber\u0103m intern, s\u0103 d\u0103m drumul celor vechi, s\u0103 eliberam emo\u021biile, s\u0103 ne eliber\u0103m \u0219i s\u0103 permitem spa\u021biu pentru noi g\u00e2nduri \u0219i sugestii. \u00cen comunicare, esen\u021ba faciliteaz\u0103 schimbul clar cu ceilal\u021bi. Ne consolideaz\u0103 \u00eencrederea \u00een &hellip; <a href=\"https:\/\/esentevibrationale.com\/?product=esenta-oceanului-nr-19\" class=\"more-link\">Continu\u0103 lectura <span class=\"screen-reader-text\">19. Ocean Essence No. 19 \/ Esen\u021ba Oceanic\u0103 Nr. 19<\/span> <span class=\"meta-nav\">&rarr;<\/span><\/a><\/p>\n","protected":false},"featured_media":12342,"template":"","meta":[],"product_brand":[],"product_cat":[72],"product_tag":[],"class_list":{"0":"post-12341","1":"product","2":"type-product","3":"status-publish","4":"has-post-thumbnail","6":"product_cat-esentele-ocenului","7":"pa_size-15ml","8":"pa_size-30ml","10":"first","11":"instock","12":"shipping-taxable","13":"purchasable","14":"product-type-variable","15":"has-default-attributes"},"_links":{"self":[{"href":"https:\/\/esentevibrationale.com\/index.php?rest_route=\/wp\/v2\/product\/12341","targetHints":{"allow":["GET"]}}],"collection":[{"href":"https:\/\/esentevibrationale.com\/index.php?rest_route=\/wp\/v2\/product"}],"about":[{"href":"https:\/\/esentevibrationale.com\/index.php?rest_route=\/wp\/v2\/types\/product"}],"wp:featuredmedia":[{"embeddable":true,"href":"https:\/\/esentevibrationale.com\/index.php?rest_route=\/wp\/v2\/media\/12342"}],"wp:attachment":[{"href":"https:\/\/esentevibrationale.com\/index.php?rest_route=%2Fwp%2Fv2%2Fmedia&parent=12341"}],"wp:term":[{"taxonomy":"product_brand","embeddable":true,"href":"https:\/\/esentevibrationale.com\/index.php?rest_route=%2Fwp%2Fv2%2Fproduct_brand&post=12341"},{"taxonomy":"product_cat","embeddable":true,"href":"https:\/\/esentevibrationale.com\/index.php?rest_route=%2Fwp%2Fv2%2Fproduct_cat&post=12341"},{"taxonomy":"product_tag","embeddable":true,"href":"https:\/\/esentevibrationale.com\/index.php?rest_route=%2Fwp%2Fv2%2Fproduct_tag&post=12341"}],"curies":[{"name":"wp","href":"https:\/\/api.w.org\/{rel}","templated":true}]}}