{"id":12345,"date":"2020-08-03T15:22:21","date_gmt":"2020-08-03T12:22:21","guid":{"rendered":"https:\/\/esentevibrationale.com\/?post_type=product&#038;p=12345"},"modified":"2026-01-02T07:01:01","modified_gmt":"2026-01-02T05:01:01","slug":"esenta-oceanului-nr-20","status":"publish","type":"product","link":"https:\/\/esentevibrationale.com\/?product=esenta-oceanului-nr-20","title":{"rendered":"20. Ocean Essence No. 20 \/ Esen\u021ba Oceanic\u0103 Nr. 20"},"content":{"rendered":"<p><strong>Efectul energetic al esen\u021bei:<\/strong><br \/>\nEsen\u021ba ne conecteaz\u0103 cu subcon\u0219tientul profund \u0219i ne ajut\u0103 s\u0103 dizolv\u0103m blocaje \u0219i modele vechi. Are un efect eliberator \u00een interior, ne face con\u0219tien\u021bi de locurile \u00een care mai exist\u0103 blocaje, claritate \u0219i un efect de eliberare intern. Eliber\u00e2nd emo\u021bii vechi, sim\u021bim c\u0103 suntem elibera\u021bi pe plan intern \u0219i putem parcurge via\u021ba \u00eentr-un mod mai \u00eenc\u00e2ntat \u0219i mai relaxat \u0219i s\u0103 combin\u0103m \u0219i s\u0103 ne bucur\u0103m de noua lejeritate cu bucurie.<br \/>\nEsen\u021ba ne d\u0103 senza\u021bia de a ne cufunda profund. Are un efect stimulator \u0219i pulsatoriu. Vechiul poate fi dezbr\u0103cat \u0219i predat \u00een ap\u0103. Ne sim\u021bim transparen\u021bi, liberi \u0219i relaxa\u021bi \u0219i ne putem bucura astfel de u\u0219urin\u021ba fiin\u021bei.\u00a0 Are efect energetic asupra Chakrei a-II-a<\/p>\n","protected":false},"excerpt":{"rendered":"<p>Efectul energetic al esen\u021bei: Esen\u021ba ne conecteaz\u0103 cu subcon\u0219tientul profund \u0219i ne ajut\u0103 s\u0103 dizolv\u0103m blocaje \u0219i modele vechi. Are un efect eliberator \u00een interior, ne face con\u0219tien\u021bi de locurile \u00een care mai exist\u0103 blocaje, claritate \u0219i un efect de eliberare intern. Eliber\u00e2nd emo\u021bii vechi, sim\u021bim c\u0103 suntem elibera\u021bi pe plan intern \u0219i putem parcurge &hellip; <a href=\"https:\/\/esentevibrationale.com\/?product=esenta-oceanului-nr-20\" class=\"more-link\">Continu\u0103 lectura <span class=\"screen-reader-text\">20. Ocean Essence No. 20 \/ Esen\u021ba Oceanic\u0103 Nr. 20<\/span> <span class=\"meta-nav\">&rarr;<\/span><\/a><\/p>\n","protected":false},"featured_media":12346,"template":"","meta":[],"product_brand":[],"product_cat":[72],"product_tag":[],"class_list":{"0":"post-12345","1":"product","2":"type-product","3":"status-publish","4":"has-post-thumbnail","6":"product_cat-esentele-ocenului","7":"pa_size-15ml","8":"pa_size-30ml","10":"first","11":"instock","12":"shipping-taxable","13":"purchasable","14":"product-type-variable","15":"has-default-attributes"},"_links":{"self":[{"href":"https:\/\/esentevibrationale.com\/index.php?rest_route=\/wp\/v2\/product\/12345","targetHints":{"allow":["GET"]}}],"collection":[{"href":"https:\/\/esentevibrationale.com\/index.php?rest_route=\/wp\/v2\/product"}],"about":[{"href":"https:\/\/esentevibrationale.com\/index.php?rest_route=\/wp\/v2\/types\/product"}],"wp:featuredmedia":[{"embeddable":true,"href":"https:\/\/esentevibrationale.com\/index.php?rest_route=\/wp\/v2\/media\/12346"}],"wp:attachment":[{"href":"https:\/\/esentevibrationale.com\/index.php?rest_route=%2Fwp%2Fv2%2Fmedia&parent=12345"}],"wp:term":[{"taxonomy":"product_brand","embeddable":true,"href":"https:\/\/esentevibrationale.com\/index.php?rest_route=%2Fwp%2Fv2%2Fproduct_brand&post=12345"},{"taxonomy":"product_cat","embeddable":true,"href":"https:\/\/esentevibrationale.com\/index.php?rest_route=%2Fwp%2Fv2%2Fproduct_cat&post=12345"},{"taxonomy":"product_tag","embeddable":true,"href":"https:\/\/esentevibrationale.com\/index.php?rest_route=%2Fwp%2Fv2%2Fproduct_tag&post=12345"}],"curies":[{"name":"wp","href":"https:\/\/api.w.org\/{rel}","templated":true}]}}