{"id":12349,"date":"2020-08-03T15:29:10","date_gmt":"2020-08-03T12:29:10","guid":{"rendered":"https:\/\/esentevibrationale.com\/?post_type=product&#038;p=12349"},"modified":"2026-01-02T07:02:36","modified_gmt":"2026-01-02T05:02:36","slug":"esenta-oceanului-nr-21","status":"publish","type":"product","link":"https:\/\/esentevibrationale.com\/?product=esenta-oceanului-nr-21","title":{"rendered":"21. Ocean Essence No. 21 \/ Esen\u021ba Oceanic\u0103 Nr. 21"},"content":{"rendered":"<p><strong>Efectul energetic al esen\u021bei:<\/strong><br \/>\nLa nivel energetic, esen\u021ba ac\u021bioneaz\u0103 ca un tonic pentru \u00eentregul corp. Sistemul nervos este consolidat energetic \u0219i echilibrat. Are o for\u021b\u0103 puternic\u0103 de regenerare, energiz\u00e2nd \u0219i Chakra a-II-a. Sprijin\u0103 consolidarea vitalit\u0103\u021bii pentru organism. Esen\u021ba ne d\u0103 senza\u021bia modului \u00een care for\u021ba curge \u00een noi \u0219i inund\u0103 toate celulele, organele \u0219i sim\u021burile, se activeaz\u0103 \u0219i se clarific\u0103 energetic. Sim\u021burile noastre sunt ascu\u021bite energetic \u0219i \u00eentregul sistem este stimulat energetic. Are efect energetic asupra Chakrei a-II-a<\/p>\n","protected":false},"excerpt":{"rendered":"<p>Efectul energetic al esen\u021bei: La nivel energetic, esen\u021ba ac\u021bioneaz\u0103 ca un tonic pentru \u00eentregul corp. Sistemul nervos este consolidat energetic \u0219i echilibrat. Are o for\u021b\u0103 puternic\u0103 de regenerare, energiz\u00e2nd \u0219i Chakra a-II-a. Sprijin\u0103 consolidarea vitalit\u0103\u021bii pentru organism. Esen\u021ba ne d\u0103 senza\u021bia modului \u00een care for\u021ba curge \u00een noi \u0219i inund\u0103 toate celulele, organele \u0219i sim\u021burile, &hellip; <a href=\"https:\/\/esentevibrationale.com\/?product=esenta-oceanului-nr-21\" class=\"more-link\">Continu\u0103 lectura <span class=\"screen-reader-text\">21. Ocean Essence No. 21 \/ Esen\u021ba Oceanic\u0103 Nr. 21<\/span> <span class=\"meta-nav\">&rarr;<\/span><\/a><\/p>\n","protected":false},"featured_media":12350,"template":"","meta":[],"product_brand":[],"product_cat":[72],"product_tag":[],"class_list":{"0":"post-12349","1":"product","2":"type-product","3":"status-publish","4":"has-post-thumbnail","6":"product_cat-esentele-ocenului","7":"pa_size-15ml","8":"pa_size-30ml","10":"first","11":"instock","12":"shipping-taxable","13":"purchasable","14":"product-type-variable","15":"has-default-attributes"},"_links":{"self":[{"href":"https:\/\/esentevibrationale.com\/index.php?rest_route=\/wp\/v2\/product\/12349","targetHints":{"allow":["GET"]}}],"collection":[{"href":"https:\/\/esentevibrationale.com\/index.php?rest_route=\/wp\/v2\/product"}],"about":[{"href":"https:\/\/esentevibrationale.com\/index.php?rest_route=\/wp\/v2\/types\/product"}],"wp:featuredmedia":[{"embeddable":true,"href":"https:\/\/esentevibrationale.com\/index.php?rest_route=\/wp\/v2\/media\/12350"}],"wp:attachment":[{"href":"https:\/\/esentevibrationale.com\/index.php?rest_route=%2Fwp%2Fv2%2Fmedia&parent=12349"}],"wp:term":[{"taxonomy":"product_brand","embeddable":true,"href":"https:\/\/esentevibrationale.com\/index.php?rest_route=%2Fwp%2Fv2%2Fproduct_brand&post=12349"},{"taxonomy":"product_cat","embeddable":true,"href":"https:\/\/esentevibrationale.com\/index.php?rest_route=%2Fwp%2Fv2%2Fproduct_cat&post=12349"},{"taxonomy":"product_tag","embeddable":true,"href":"https:\/\/esentevibrationale.com\/index.php?rest_route=%2Fwp%2Fv2%2Fproduct_tag&post=12349"}],"curies":[{"name":"wp","href":"https:\/\/api.w.org\/{rel}","templated":true}]}}