{"id":1235,"date":"2018-11-05T12:06:56","date_gmt":"2018-11-05T11:06:56","guid":{"rendered":"http:\/\/phiessences.com\/Romania\/?post_type=product&#038;p=1235"},"modified":"2026-01-02T09:57:09","modified_gmt":"2026-01-02T07:57:09","slug":"relese-cactus-cactusul-eliberare","status":"publish","type":"product","link":"https:\/\/esentevibrationale.com\/?product=relese-cactus-cactusul-eliberare","title":{"rendered":"Relese Cactus \/ Cactusul Eliberare"},"content":{"rendered":"<p><strong>(Ceropegia fusca) <\/strong><\/p>\n<p><em>Aceast\u0103 plant\u0103 cu aspect primitiv are doar tulpini argintii str\u0103lucitoare f\u0103r\u0103 a avea frunze \u0219i poate ajunge p\u00e2n\u0103 la 50 &#8211; 80 cm \u00een\u0103l\u021bime. Cre\u0219te \u00een Insulele Canare cu tulpini c\u0103rnoase \u00eens\u0103 este foarte greu de g\u0103sit. Florile sale mici apar \u00een martie \u0219i formeaz\u0103 o \u021beav\u0103 \u00eentunecat\u0103 \u00een form\u0103 de p\u00e2lnie. Extremitatea mai \u00eenchis\u0103 a p\u00e2lniei se afl\u0103 \u00een fa\u021b\u0103 \u0219i este \u00eemp\u0103r\u021bit\u0103 \u00een cinci foi, care cresc \u00eempreun\u0103 unite \u00een v\u00e2rf.<\/em><\/p>\n<p><strong><em>Efectul Esen\u021bei: <\/em><\/strong>Esen\u021ba Cactusului Eliberare ne ajut\u0103 s\u0103 sc\u0103p\u0103m de obiceiurile vechi, pe care le consider\u0103m negative. Efectul s\u0103u este extrem de profund \u0219i atinge niveluri incon\u0219tiente \u0219i de con\u0219tiin\u021b\u0103 celular\u0103, \u00eenl\u0103tur\u0103 blocajele \u0219i sprijin\u0103 re\u00eennoirea noastr\u0103.<\/p>\n<p><strong><em>Efectul Esen\u021bei la Nivel Fizic: <\/em><\/strong>A\u0219a cum\u00a0 silueta acestei plante suculente cu tulpinile sale segmentate ne aminte\u0219te de coloana vertebral\u0103, esen\u021ba sa are un mesaj energetic transmis coloanei vertebrale. Ac\u021bioneaz\u0103 asupra coloanei vertebrale oferindu-i energie \u0219i trezind la toate nivelurile energia vital\u0103 emanat\u0103 de Prima Chakr\u0103 \u0219i din cap\u0103tul inferior al coloanei. Ne ajut\u0103 s\u0103 r\u0103m\u00e2nem drep\u021bi \u00een via\u021b\u0103, \u00een ciuda problemelor emo\u021bionale, care ne fac s\u0103 ced\u0103m.<\/p>\n<p><strong><em>Efectul Esen\u021bei la Nivel Emo\u021bional: <\/em><\/strong>Esen\u021ba curge prin noi cu o energie puternic\u0103 \u0219i motrice. Este indicat\u0103 persoanelor care au tr\u0103it experien\u021be care le-au erodat \u00eencrederea \u00een ele \u00eensele. Devin st\u0103p\u00e2nii emo\u021biilor care amenin\u021b\u0103 c\u0103 \u00eei &#8222;sf\u00e2\u0219ie&#8221; \u0219i dezvolt\u0103 o nou\u0103 \u00eencrederea \u00een ei \u00een\u0219i\u0219i \u0219i o for\u021b\u0103 interioar\u0103.<\/p>\n<p><strong><em>Efectul Esen\u021bei la Nivel Mental: <\/em><\/strong>Esen\u021ba ne permite s\u0103 ne schimb\u0103m p\u0103rerea \u0219i s\u0103 lu\u0103m direc\u021bii noi, chiar \u0219i atunci c\u00e2nd ne confrunt\u0103m cu aspecte ad\u00e2nc \u00eenr\u0103d\u0103cinate \u00een noi \u00een\u0219ine. Vom putea dezvolta energia mental\u0103 necesar\u0103 pentru a dep\u0103\u0219i vechile tipare comportamentale (stiluri de via\u021b\u0103 fanatice, filozofii, etc.). Astfel, vom fi \u00eenzestra\u021bi cu for\u021ba mental\u0103 necesar\u0103 pentru a persista \u00een orice situa\u021bie \u0219i de a r\u0103m\u00e2ne fermi pentru \u00eendeplinirea obiectivul.<\/p>\n<p><strong><em>Efectul Esen\u021bei la Nivel Spiritual: <\/em><\/strong>Experien\u021bele intense pe care le avem \u00een timpul medita\u021biei pot fi stimulate de aceast\u0103 esen\u021b\u0103. Promoveaz\u0103 relaxarea complet\u0103 \u0219i ne pune \u00een contact cu energia care s\u0103l\u0103\u0219luie\u0219te \u00een noi \u00een\u0219ine. \u00cen special, de aceast\u0103 esen\u021b\u0103 pot beneficia cei care se consider\u0103 slabi, deoarece vor sim\u021bi \u00een interior un flux cald de energie \u0219i energia vital\u0103 autentic\u0103, pe care aceast\u0103 esen\u021b\u0103 o poate declan\u0219a. Vom putea s\u0103 identific\u0103m \u0219i s\u0103 elimin\u0103m blocajele spirituale cauzate de noi \u00een\u0219ine sau de ceilal\u021bi.<\/p>\n<p><strong><em>Afirma\u021bia: <\/em><\/strong>Totul curge \u0219i m\u0103 simt puternic\/\u0103 \u00een fluxul vie\u021bii.<\/p>\n","protected":false},"excerpt":{"rendered":"<p>(Ceropegia fusca) Aceast\u0103 plant\u0103 cu aspect primitiv are doar tulpini argintii str\u0103lucitoare f\u0103r\u0103 a avea frunze \u0219i poate ajunge p\u00e2n\u0103 la 50 &#8211; 80 cm \u00een\u0103l\u021bime. Cre\u0219te \u00een Insulele Canare cu tulpini c\u0103rnoase \u00eens\u0103 este foarte greu de g\u0103sit. Florile sale mici apar \u00een martie \u0219i formeaz\u0103 o \u021beav\u0103 \u00eentunecat\u0103 \u00een form\u0103 de p\u00e2lnie. Extremitatea &hellip; <a href=\"https:\/\/esentevibrationale.com\/?product=relese-cactus-cactusul-eliberare\" class=\"more-link\">Continu\u0103 lectura <span class=\"screen-reader-text\">Relese Cactus \/ Cactusul Eliberare<\/span> <span class=\"meta-nav\">&rarr;<\/span><\/a><\/p>\n","protected":false},"featured_media":13196,"template":"","meta":[],"product_brand":[],"product_cat":[41],"product_tag":[],"class_list":{"0":"post-1235","1":"product","2":"type-product","3":"status-publish","4":"has-post-thumbnail","6":"product_cat-esente-de-cactus","7":"pa_size-15ml","8":"pa_size-30ml","10":"first","11":"instock","12":"shipping-taxable","13":"purchasable","14":"product-type-variable","15":"has-default-attributes"},"_links":{"self":[{"href":"https:\/\/esentevibrationale.com\/index.php?rest_route=\/wp\/v2\/product\/1235","targetHints":{"allow":["GET"]}}],"collection":[{"href":"https:\/\/esentevibrationale.com\/index.php?rest_route=\/wp\/v2\/product"}],"about":[{"href":"https:\/\/esentevibrationale.com\/index.php?rest_route=\/wp\/v2\/types\/product"}],"wp:featuredmedia":[{"embeddable":true,"href":"https:\/\/esentevibrationale.com\/index.php?rest_route=\/wp\/v2\/media\/13196"}],"wp:attachment":[{"href":"https:\/\/esentevibrationale.com\/index.php?rest_route=%2Fwp%2Fv2%2Fmedia&parent=1235"}],"wp:term":[{"taxonomy":"product_brand","embeddable":true,"href":"https:\/\/esentevibrationale.com\/index.php?rest_route=%2Fwp%2Fv2%2Fproduct_brand&post=1235"},{"taxonomy":"product_cat","embeddable":true,"href":"https:\/\/esentevibrationale.com\/index.php?rest_route=%2Fwp%2Fv2%2Fproduct_cat&post=1235"},{"taxonomy":"product_tag","embeddable":true,"href":"https:\/\/esentevibrationale.com\/index.php?rest_route=%2Fwp%2Fv2%2Fproduct_tag&post=1235"}],"curies":[{"name":"wp","href":"https:\/\/api.w.org\/{rel}","templated":true}]}}