{"id":1239,"date":"2018-11-05T12:11:21","date_gmt":"2018-11-05T11:11:21","guid":{"rendered":"http:\/\/phiessences.com\/Romania\/?post_type=product&#038;p=1239"},"modified":"2026-01-02T09:40:06","modified_gmt":"2026-01-02T07:40:06","slug":"inner-cleansing-cactus-cactusul-curatare-interioara","status":"publish","type":"product","link":"https:\/\/esentevibrationale.com\/?product=inner-cleansing-cactus-cactusul-curatare-interioara","title":{"rendered":"Inner Cleansing Cactus \/  Cactusul Cur\u0103\u0163are Interioar\u0103"},"content":{"rendered":"<p><strong>(Cleistocactus ritterij)<\/strong><\/p>\n<p><em>Cleistocactus sunt cactu\u0219i columnari, sub\u021biri au tulpina \u00een form\u0103 de coloan\u0103, ramurile de la baz\u0103 sunt \u00eenconjurate de o multitudine de nervuri \u0219i sunt acoperite dens de spini delica\u021bi. Speciile Cleistocactus ritterii au fost descoperite \u00een nordul Boliviei. Se caracterizeaz\u0103 prin capul lor pufos \u0219i cu flori tubulare lungi galben l\u0103m\u00e2ie, care par a fi fost create pentru pas\u0103rile colibri, care vin cu ciocul lor ascu\u021bit \u0219i au grij\u0103 de polenizare. L\u0103starii sunt sub\u021biri \u0219i acoperi\u021bi de spini fini, moi \u0219i albi.<\/em><\/p>\n<p><strong><em>Efectul Esen\u021bei: <\/em><\/strong>Cactusul Cur\u0103\u021bare Interioar\u0103 stimuleaz\u0103 procesarea \u0219i &#8222;digestia&#8221; lin\u0103 a tuturor impresiilor noastre. Promoveaz\u0103 purificarea \u0219i stimuleaz\u0103 procesele interne.<\/p>\n<p><strong><em>Efectul Esen\u021bei la Nivel Fizic<\/em><\/strong><em>: <\/em>Aceast\u0103 esen\u021b\u0103 sprijin\u0103 toate procesele corporale de purificare la nivel energetic. \u00cen special, a fost determinat efectul s\u0103u energetic asupra tractului digestiv (intestinelor). Impulsul energetic asupra func\u021biilor de cur\u0103\u021bare, de exemplu: poate s\u0103 sprijine terapia cu hidrocoloni, o cur\u0103 de post \u0219i \u00eendep\u0103rtarea produselor metabolice care au acid uric, etc.<\/p>\n<p><strong><em>Efectul Esen\u021bei la Nivel Emo\u021bional: <\/em><\/strong>Cei care se simt adesea ataca\u021bi de ceilal\u021bi \u0219i \u00een consecin\u021b\u0103, care se lupt\u0103 cu emo\u021biile rebele, sunt de obicei atra\u0219i de aceast\u0103 esen\u021b\u0103. Transmite o protec\u021bie energetic\u0103 puternic\u0103 \u0219i ne ajut\u0103 s\u0103 &#8222;diger\u0103m&#8221; experien\u021bele negative care ne atac\u0103. Esen\u021ba poate fi administrat\u0103 \u0219i pe perioada pubert\u0103\u021bii, ca energie protectoare.<\/p>\n<p><strong><em>Efectul Esen\u021bei la Nivel Mental: <\/em><\/strong>Esen\u021b\u0103 creeaz\u0103 o aur\u0103 protectoare \u00een jurul capului \u0219i astfel, poate fi folositoare \u00een special, acelora care &#8222;\u021bin capul sus&#8221; (de exemplu: \u00een domeniul profesional). Esen\u021ba ne \u00eenva\u021b\u0103 s\u0103 ne descurc\u0103m mai bine \u00een ceea ce prive\u0219te agresivitatea \u0219i s\u0103 ne p\u0103str\u0103m mintea limpede departe de aceasta, \u00een loc s\u0103 ne g\u00e2ndim zile \u00een \u0219ir la nimicuri. \u00cenconjura\u021bi de aura sa protectoare, putem dezvolta for\u021ba mental\u0103 f\u0103r\u0103 s\u0103 fim afecta\u021bi de distragerile exterioare.<\/p>\n<p><strong><em>Efectul Esen\u021bei la Nivel Spiritual: <\/em><\/strong>Cu aceast\u0103 esen\u021b\u0103, putem elimina cu calmitate de la nivel spiritual, aderarea noastr\u0103 la vechile modele comportamentale, care se manifest\u0103 \u00een corp, de exemplu: constipa\u021bia. Vom fi capabili s\u0103 ne deschidem noilor experien\u021be \u0219i s\u0103 sim\u021bim \u0219i s\u0103 avem o nou\u0103 con\u0219tiin\u021b\u0103. Energia eliberat\u0103, sc\u0103p\u00e2nd de obiceiurile vechi, ne va ajuta \u00een via\u021ba spiritual\u0103.<\/p>\n<p><strong><em>Afirma\u021bia: <\/em><\/strong>M\u0103 purific pe mine \u0219i corpul meu de tot ceea ce m\u0103 \u00eempov\u0103reaz\u0103 (\u00eempiedic\u0103).<\/p>\n","protected":false},"excerpt":{"rendered":"<p>(Cleistocactus ritterij) Cleistocactus sunt cactu\u0219i columnari, sub\u021biri au tulpina \u00een form\u0103 de coloan\u0103, ramurile de la baz\u0103 sunt \u00eenconjurate de o multitudine de nervuri \u0219i sunt acoperite dens de spini delica\u021bi. Speciile Cleistocactus ritterii au fost descoperite \u00een nordul Boliviei. Se caracterizeaz\u0103 prin capul lor pufos \u0219i cu flori tubulare lungi galben l\u0103m\u00e2ie, care par &hellip; <a href=\"https:\/\/esentevibrationale.com\/?product=inner-cleansing-cactus-cactusul-curatare-interioara\" class=\"more-link\">Continu\u0103 lectura <span class=\"screen-reader-text\">Inner Cleansing Cactus \/  Cactusul Cur\u0103\u0163are Interioar\u0103<\/span> <span class=\"meta-nav\">&rarr;<\/span><\/a><\/p>\n","protected":false},"featured_media":1242,"template":"","meta":[],"product_brand":[],"product_cat":[41],"product_tag":[],"class_list":{"0":"post-1239","1":"product","2":"type-product","3":"status-publish","4":"has-post-thumbnail","6":"product_cat-esente-de-cactus","7":"pa_size-15ml","8":"pa_size-30ml","10":"first","11":"instock","12":"shipping-taxable","13":"purchasable","14":"product-type-variable","15":"has-default-attributes"},"_links":{"self":[{"href":"https:\/\/esentevibrationale.com\/index.php?rest_route=\/wp\/v2\/product\/1239","targetHints":{"allow":["GET"]}}],"collection":[{"href":"https:\/\/esentevibrationale.com\/index.php?rest_route=\/wp\/v2\/product"}],"about":[{"href":"https:\/\/esentevibrationale.com\/index.php?rest_route=\/wp\/v2\/types\/product"}],"wp:featuredmedia":[{"embeddable":true,"href":"https:\/\/esentevibrationale.com\/index.php?rest_route=\/wp\/v2\/media\/1242"}],"wp:attachment":[{"href":"https:\/\/esentevibrationale.com\/index.php?rest_route=%2Fwp%2Fv2%2Fmedia&parent=1239"}],"wp:term":[{"taxonomy":"product_brand","embeddable":true,"href":"https:\/\/esentevibrationale.com\/index.php?rest_route=%2Fwp%2Fv2%2Fproduct_brand&post=1239"},{"taxonomy":"product_cat","embeddable":true,"href":"https:\/\/esentevibrationale.com\/index.php?rest_route=%2Fwp%2Fv2%2Fproduct_cat&post=1239"},{"taxonomy":"product_tag","embeddable":true,"href":"https:\/\/esentevibrationale.com\/index.php?rest_route=%2Fwp%2Fv2%2Fproduct_tag&post=1239"}],"curies":[{"name":"wp","href":"https:\/\/api.w.org\/{rel}","templated":true}]}}