{"id":1247,"date":"2018-11-05T12:37:49","date_gmt":"2018-11-05T11:37:49","guid":{"rendered":"http:\/\/phiessences.com\/Romania\/?post_type=product&#038;p=1247"},"modified":"2026-01-02T09:28:45","modified_gmt":"2026-01-02T07:28:45","slug":"beauty-cactus-cactusul-frumusete","status":"publish","type":"product","link":"https:\/\/esentevibrationale.com\/?product=beauty-cactus-cactusul-frumusete","title":{"rendered":"Beauty Cactus \/ Cactusul Frumuse\u0163e"},"content":{"rendered":"<p><strong>(Echinocereus scheeri)<\/strong><\/p>\n<p><em>Aceast\u0103 variant\u0103 foarte frumoas\u0103 de echinocereus scheeri a fost descoperit\u0103 de europeni \u00een anul 1978 pe drumul de la Durango spre Mazatlan, \u00een statul mexican Sinaloa. Cre\u0219te ca iarba, adesea \u00eempreun\u0103 cu ferigi rare, agavi \u0219i cactusul Mammilaria guillauminiana. Are doar 10 &#8211; 15 cm \u00een\u0103l\u021bime, are un corp de culoare verde deschis \u0219i nu are spini. Cu florile mari, minunate, roz, str\u0103luce\u0219te aproape de p\u0103m\u00e2nt \u0219i exprim\u0103 frumuse\u021bea care poate cre\u0219te \u0219i la &#8222;nivelele superioare&#8221;.<\/em><\/p>\n<p><strong><em>Efectul Esen\u021bei : <\/em><\/strong>Esen\u021ba Cactusului Frumuse\u021be ne ajut\u0103 s\u0103 ne dezvolt\u0103m frumuse\u021bea interioar\u0103. Energia noastr\u0103 cardiac\u0103 se echilibreaz\u0103. Esen\u021ba \u00eencurajeaz\u0103 persoanele timide, d\u00e2ndu-le posibilitatea s\u0103-\u0219i exprime mai puternic personalitatea. Pe de alt\u0103 parte, cei care au tendin\u021ba s\u0103 \u00ee\u0219i dea prea mult\u0103 importan\u021b\u0103 \u00ee\u0219i dezvolt\u0103 modestia \u0219i r\u0103bdarea.<\/p>\n<p><strong><em>Efectul Esen\u021bei la Nivel Fizic: <\/em><\/strong>Aceast\u0103 esen\u021b\u0103 are un efect benefic \u0219i energetic de \u00eent\u0103rire la nivelul inimii, de care beneficiaz\u0103 diferite afec\u021biuni ale inimii. \u00cenva\u021b\u0103 oamenii s\u0103 \u00ee\u0219i descopere frumuse\u021bea interioar\u0103 \u0219i astfel, o pot ar\u0103ta \u0219i pot tr\u0103i \u00een exterior cu aceasta. Esen\u021ba este foarte util\u0103 celor care nu sunt mul\u021bumi\u021bi de corpul lor \u0219i pentru cei care sunt extrem de mode\u0219ti \u0219i discre\u021bi. Totodat\u0103, se recomand\u0103 celor care sunt prea vizibile \u00een aparen\u021b\u0103 \u0219i care au uitat de valori precum modestia, smerenia \u0219i r\u0103bdarea.<\/p>\n<p><strong><em>Efectul Esen\u021bei la Nivel Emo\u021bional: <\/em><\/strong>Aspectul nostru poate trezi \u00een noi multiple emo\u021bii,de exemplu: nemul\u021bumire, furie, disperare,\u00eendoieli, frustrare, indiferen\u021b\u0103, ur\u0103 fa\u021b\u0103 de noi \u00een\u0219ine, indiferen\u021b\u0103,\u00a0\u00eens\u0103 \u0219i<\/p>\n<p>sentimente de m\u00e2ndrie, arogan\u021b\u0103, l\u0103comie, etc. Esen\u021ba ne ajut\u0103 s\u0103 ne eliber\u0103m de toate aceste emo\u021bii nes\u0103n\u0103toase \u0219i \u00een acela\u0219i timp, se trezesc \u00een noi sentimente &#8222;frumoase&#8221;, care ne arat\u0103 frumuse\u021bea real\u0103.<\/p>\n<p><strong><em>Efectul Esen\u021bei la Nivel Mental: <\/em><\/strong>Esen\u021ba ajut\u0103 la dezvoltarea frumuse\u021bii noastre \u00een armonie cu imagine noastr\u0103 interioar\u0103. Prin intermediul esen\u021bei putem renun\u021ba la idealurile ipotetice de frumuse\u021be sau putem \u00eenv\u0103\u021ba s\u0103 fim mult mai frumo\u0219i dec\u00e2t ne-am a\u0219teptat.<\/p>\n<p><strong><em>Efectul Esen\u021bei la Nivel Spiritual: <\/em><\/strong>Esen\u021ba ne \u00eenva\u021b\u0103 s\u0103 nu experiment\u0103m frumuse\u021bea ca pe o experien\u021b\u0103 pur\u0103 \u00een fa\u021ba oglinzii. Ne arat\u0103 frumuse\u021bea ca un sentiment de pace \u0219i bucurie, care nu mai caut\u0103 altceva pentru a- \u0219i atinge scopul final. Acum centrul inimii se poate deschide \u0219i cu fiecare raz\u0103 de iubire care iese \u00een eviden\u021b\u0103, tr\u0103s\u0103turile noastre faciale devin mai fine \u0219i z\u00e2mbetul va fi mai accentuat.<\/p>\n<p><strong><em>Afirma\u021bia: <\/em><\/strong>Bucuria mea interioar\u0103 m\u0103 face <em>frumos\/frumoas\u0103 <\/em>\u0219i str\u0103luce\u0219te prin inima mea spre exterior.<\/p>\n","protected":false},"excerpt":{"rendered":"<p>(Echinocereus scheeri) Aceast\u0103 variant\u0103 foarte frumoas\u0103 de echinocereus scheeri a fost descoperit\u0103 de europeni \u00een anul 1978 pe drumul de la Durango spre Mazatlan, \u00een statul mexican Sinaloa. Cre\u0219te ca iarba, adesea \u00eempreun\u0103 cu ferigi rare, agavi \u0219i cactusul Mammilaria guillauminiana. Are doar 10 &#8211; 15 cm \u00een\u0103l\u021bime, are un corp de culoare verde deschis &hellip; <a href=\"https:\/\/esentevibrationale.com\/?product=beauty-cactus-cactusul-frumusete\" class=\"more-link\">Continu\u0103 lectura <span class=\"screen-reader-text\">Beauty Cactus \/ Cactusul Frumuse\u0163e<\/span> <span class=\"meta-nav\">&rarr;<\/span><\/a><\/p>\n","protected":false},"featured_media":13189,"template":"","meta":[],"product_brand":[],"product_cat":[41],"product_tag":[],"class_list":{"0":"post-1247","1":"product","2":"type-product","3":"status-publish","4":"has-post-thumbnail","6":"product_cat-esente-de-cactus","7":"pa_size-15ml","8":"pa_size-30ml","10":"first","11":"instock","12":"shipping-taxable","13":"purchasable","14":"product-type-variable","15":"has-default-attributes"},"_links":{"self":[{"href":"https:\/\/esentevibrationale.com\/index.php?rest_route=\/wp\/v2\/product\/1247","targetHints":{"allow":["GET"]}}],"collection":[{"href":"https:\/\/esentevibrationale.com\/index.php?rest_route=\/wp\/v2\/product"}],"about":[{"href":"https:\/\/esentevibrationale.com\/index.php?rest_route=\/wp\/v2\/types\/product"}],"wp:featuredmedia":[{"embeddable":true,"href":"https:\/\/esentevibrationale.com\/index.php?rest_route=\/wp\/v2\/media\/13189"}],"wp:attachment":[{"href":"https:\/\/esentevibrationale.com\/index.php?rest_route=%2Fwp%2Fv2%2Fmedia&parent=1247"}],"wp:term":[{"taxonomy":"product_brand","embeddable":true,"href":"https:\/\/esentevibrationale.com\/index.php?rest_route=%2Fwp%2Fv2%2Fproduct_brand&post=1247"},{"taxonomy":"product_cat","embeddable":true,"href":"https:\/\/esentevibrationale.com\/index.php?rest_route=%2Fwp%2Fv2%2Fproduct_cat&post=1247"},{"taxonomy":"product_tag","embeddable":true,"href":"https:\/\/esentevibrationale.com\/index.php?rest_route=%2Fwp%2Fv2%2Fproduct_tag&post=1247"}],"curies":[{"name":"wp","href":"https:\/\/api.w.org\/{rel}","templated":true}]}}