{"id":1251,"date":"2018-11-05T12:42:56","date_gmt":"2018-11-05T11:42:56","guid":{"rendered":"http:\/\/phiessences.com\/Romania\/?post_type=product&#038;p=1251"},"modified":"2026-01-02T09:47:44","modified_gmt":"2026-01-02T07:47:44","slug":"inspiration-cactus-cactusul-inspiratie","status":"publish","type":"product","link":"https:\/\/esentevibrationale.com\/?product=inspiration-cactus-cactusul-inspiratie","title":{"rendered":"Inspiration Cactus \/ Cactusul Inspira\u0163ie"},"content":{"rendered":"<p><strong>(Echinopsis oxygona) <\/strong><\/p>\n<p><em>\u00a0<\/em><\/p>\n<p><em>Echinopsis oxygona provine din Brazilia, Uruguay \u0219i Argentina. F\u0103r\u0103 flori prezen\u021ba acestui cactus este umil\u0103 \u0219i de neobservat. C\u00e2nd \u00eenflore\u0219te \u0219i florile se deschid sunt imense (ca de lotus) \u0219i albe cu tonuri de roz pal. Este o imagine a frumuse\u021bii \u0219i esteticii pure.<\/em><\/p>\n<p><strong><em>Efectul Esen\u021bei: <\/em><\/strong>Esen\u021ba Cactusului Inspira\u021bie exercit\u0103 o ac\u021biune de expansiune \u0219i cur\u0103\u021bare asupra zonei noastre mentale. Ne protejeaz\u0103 fa\u021b\u0103 de g\u00e2ndurile \u0219i influen\u021bele negative.<\/p>\n<p><strong><em>Efectul Esen\u021bei la Nivel Fizic: <\/em><\/strong>Esen\u021ba ac\u021bioneaz\u0103 la nivel corporal prin mental. \u00cen principal, se caracterizeaz\u0103 prin dizolvarea g\u00e2ndurile negative despre noi \u00een\u0219ine, care astfel se pot manifesta ca disfunc\u021bii fizice. Ajut\u0103 oamenii s\u0103 se accepte pe ei \u00een\u0219i\u0219i exact a\u0219a cum sunt \u0219i \u00eencurajeaz\u0103 iubirea de sine.<\/p>\n<p><strong><em>Efectul Esen\u021bei la Nivel Emo\u021bional: <\/em><\/strong>G\u00e2ndurile negative pot conduce la o energie proprie auto-distructiv\u0103. Emo\u021bii diferite se pot acumula \u0219i le putem fa\u021b\u0103 cu ajutorul esen\u021bei. \u00cen general, vom avea o imagine clara despre noi \u00een\u0219ine \u0219i sentimentele noastre \u0219i vom fi capabili s\u0103 g\u0103sim o linie dreapt\u0103 \u00een via\u021b\u0103. Pe de alt\u0103 parte, sus\u021bine procesele de deta\u0219are \u0219i separare, \u00een special, pentru fetele \u0219i femeile care nu se pot desprinde de tat\u0103l lor \u0219i care compar\u0103 \u00eentotdeauna partenerul cu exemplu tat\u0103lui sau invers la b\u0103ie\u021bi cu mamele lor. \u00cen acest procesul, esen\u021ba promoveaz\u0103 independen\u021ba \u0219i ne preg\u0103te\u0219te s\u0103 ne rupem perspectiva \u00eengust\u0103 asupra p\u0103rintelui \u0219i s\u0103 mergem pe drumul nostru.<\/p>\n<p><strong><em>Efectul Esen\u021bei la Nivel Mental: <\/em><\/strong>Aceast\u0103 esen\u021b\u0103 stimuleaz\u0103 Al Treilea Ochi \u0219i absorb\u021bia de oxigen \u0219i astfel, promoveaz\u0103 toate procesele mentale. G\u00e2ndurile \u0219i influen\u021bele perturbatoare pot fi purificate \u0219i clarificate pentru a avea loc propria inspira\u021bie \u0219i intui\u021bie. Astfel, esen\u021ba ne \u00eenva\u021b\u0103 s\u0103 nu ne mai complic\u0103m via\u021ba cu g\u00e2nduri negative \u0219i aduce u\u0219urin\u021b\u0103 \u00een structurile \u0219i planurile noastre de g\u00e2ndire.<\/p>\n<p><strong><em>Efectul Esen\u021bei la Nivel Spiritual: <\/em><\/strong>Esen\u021ba ne va permite s\u0103 tr\u0103im diferite etape ale vie\u021bii dintr-un punct de vedere nou \u0219i con\u0219tient. Vom \u00eenv\u0103\u021ba s\u0103 ducem via\u021ba mai u\u0219or s\u0103 accept\u0103m cursul s\u0103u \u0219i s\u0103 \u00eei accept\u0103m sf\u00e2r\u0219itul la final. \u00cen acest sens, esen\u021ba faciliteaz\u0103 moartea precum \u0219i procesele permanent de desp\u0103r\u021bire \u0219i de desprindere.<\/p>\n<p><strong><em>Afirma\u021bia: <\/em><\/strong>Energia g\u00e2ndirii mele este curat\u0103 \u0219i sunt con\u0219tient\/\u0103 de independen\u021ba mea \u00een cursul vie\u021bii.<\/p>\n","protected":false},"excerpt":{"rendered":"<p>(Echinopsis oxygona) \u00a0 Echinopsis oxygona provine din Brazilia, Uruguay \u0219i Argentina. F\u0103r\u0103 flori prezen\u021ba acestui cactus este umil\u0103 \u0219i de neobservat. C\u00e2nd \u00eenflore\u0219te \u0219i florile se deschid sunt imense (ca de lotus) \u0219i albe cu tonuri de roz pal. Este o imagine a frumuse\u021bii \u0219i esteticii pure. Efectul Esen\u021bei: Esen\u021ba Cactusului Inspira\u021bie exercit\u0103 o ac\u021biune &hellip; <a href=\"https:\/\/esentevibrationale.com\/?product=inspiration-cactus-cactusul-inspiratie\" class=\"more-link\">Continu\u0103 lectura <span class=\"screen-reader-text\">Inspiration Cactus \/ Cactusul Inspira\u0163ie<\/span> <span class=\"meta-nav\">&rarr;<\/span><\/a><\/p>\n","protected":false},"featured_media":13190,"template":"","meta":[],"product_brand":[],"product_cat":[41],"product_tag":[],"class_list":{"0":"post-1251","1":"product","2":"type-product","3":"status-publish","4":"has-post-thumbnail","6":"product_cat-esente-de-cactus","7":"pa_size-15ml","8":"pa_size-30ml","10":"first","11":"instock","12":"shipping-taxable","13":"purchasable","14":"product-type-variable","15":"has-default-attributes"},"_links":{"self":[{"href":"https:\/\/esentevibrationale.com\/index.php?rest_route=\/wp\/v2\/product\/1251","targetHints":{"allow":["GET"]}}],"collection":[{"href":"https:\/\/esentevibrationale.com\/index.php?rest_route=\/wp\/v2\/product"}],"about":[{"href":"https:\/\/esentevibrationale.com\/index.php?rest_route=\/wp\/v2\/types\/product"}],"wp:featuredmedia":[{"embeddable":true,"href":"https:\/\/esentevibrationale.com\/index.php?rest_route=\/wp\/v2\/media\/13190"}],"wp:attachment":[{"href":"https:\/\/esentevibrationale.com\/index.php?rest_route=%2Fwp%2Fv2%2Fmedia&parent=1251"}],"wp:term":[{"taxonomy":"product_brand","embeddable":true,"href":"https:\/\/esentevibrationale.com\/index.php?rest_route=%2Fwp%2Fv2%2Fproduct_brand&post=1251"},{"taxonomy":"product_cat","embeddable":true,"href":"https:\/\/esentevibrationale.com\/index.php?rest_route=%2Fwp%2Fv2%2Fproduct_cat&post=1251"},{"taxonomy":"product_tag","embeddable":true,"href":"https:\/\/esentevibrationale.com\/index.php?rest_route=%2Fwp%2Fv2%2Fproduct_tag&post=1251"}],"curies":[{"name":"wp","href":"https:\/\/api.w.org\/{rel}","templated":true}]}}