{"id":1255,"date":"2018-11-05T13:01:03","date_gmt":"2018-11-05T12:01:03","guid":{"rendered":"http:\/\/phiessences.com\/Romania\/?post_type=product&#038;p=1255"},"modified":"2026-01-02T09:59:29","modified_gmt":"2026-01-02T07:59:29","slug":"self-estim-cactus-cactusul-stima-de-sine","status":"publish","type":"product","link":"https:\/\/esentevibrationale.com\/?product=self-estim-cactus-cactusul-stima-de-sine","title":{"rendered":"Self-Estim Cactus \/ Cactusul Stim\u0103 de Sine"},"content":{"rendered":"<p><strong>(Ferocactus schwarzi) <\/strong><\/p>\n<p><em>Ferocactus schwarzii apare \u00een zona destul de umed\u0103 a junglei masivului occidental Sierra Madre de pe coasta de vest a Mexicului. Cre\u0219te acolo \u00eempreun\u0103 cu lichenii, mu\u0219chii \u0219i orhideele pitice, care populeaz\u0103 cr\u0103p\u0103turile st\u00e2ncoase \u0219i inaccesibile \u00een\u0103l\u021bimi ale cheilor r\u00e2ului. Puie\u021bii s\u0103i mici sunt acoperi\u021bi de negi mari care ulterior se transform\u0103 \u00een nervuri. Florile galbene, au diametru 4 cm \u00een diametru \u0219i apar c\u00e2nd planta are aproximativ 12 ani.<\/em><\/p>\n<p><em>\u00a0<\/em><strong><em>Efectul Esen\u021bei: <\/em><\/strong>Esen\u021ba Cactusului Stim\u0103 de Sine \u00eent\u0103re\u0219te \u00eencredere \u00een sine, \u00een timp ce sus\u021bine energetic sistemul nostru imunitar. Pe de alt\u0103 parte, \u00eencurajeaz\u0103 con\u0219tiin\u021ba grupului \u00een sensul puterii \u0219i compasiunii \u00eemp\u0103rt\u0103\u0219ite fa\u021b\u0103 de toate fiin\u021bele vii din jurul nostru.<\/p>\n<p><strong><em>Efectul Esen\u021bei la Nivel Fizic: <\/em><\/strong>Esen\u021ba ne treze\u0219te \u0219i \u00eent\u0103re\u0219te abilitatea de ap\u0103rare la nivel energetic, acest lucru aduce beneficii asupra \u00eentregului organism. Totodat\u0103, ajut\u0103 la detoxificarea \u00eentregului organism \u0219i prin urmare poate sus\u021bine bine vindec\u0103rile din timpul postului. Totodat\u0103, aceast\u0103 esen\u021b\u0103 poate fi ad\u0103ugat\u0103 \u00een uleiul de masaj \u0219i \u00een apa \u00een care ne \u00eemb\u0103iem.<\/p>\n<p><strong><em>Efectul Esen\u021bei la Nivel Emo\u021bional: <\/em><\/strong>For\u021ba incredibil\u0103 a acestui cactus radiat\u0103 poate fi perceput\u0103 \u00een esen\u021ba sa. Vom primi stimuli care ne vor impulsiona s\u0103 dep\u0103\u0219im emo\u021biile de sl\u0103biciune (neajutorare, f\u0103r\u0103 speran\u021b\u0103) \u0219i s\u0103 l\u0103s\u0103m \u00een schimb s\u0103 ias\u0103 la lumin\u0103 puterile noastre interioare. C\u00e2\u0219tig\u0103m \u00eencredere \u00een noi \u00een\u0219ine, putem avea \u00eencredere \u00een ceilal\u021bi \u0219i \u00een via\u021b\u0103 \u0219i \u00een sf\u00e2r\u0219it, avem \u00eencredere \u00een noi \u00een\u0219ine, pentru a face ceea ce ne dorim. Sentimentele de conectare cu grupul, (bune pentru munca \u00een echip\u0103 \u0219i experien\u021be de grup) care joac\u0103 un rol important, de ase- menea, sunt promovate cu ajutorul esen\u021bei.<\/p>\n<p><strong><em>Efectul Esen\u021bei la Nivel Mental: <\/em><\/strong>Cu aceast\u0103 esen\u021b\u0103 putem g\u0103si o calitate mai bun\u0103 a auto- evalu\u0103rii. Intr\u0103m \u00een planurile noastre cu mai multa for\u021b\u0103 mental\u0103 \u0219i putem vedea c\u0103 dezvolt\u0103m o dorin\u021b\u0103 mai mare de a ne implica \u00een munca de grup \u0219i de a ne bucura de schimbul mental \u00een grupuri. Prin urmare, singuraticii pot beneficia de aceast\u0103 esen\u021b\u0103.<\/p>\n<p><strong><em>Efectul Esen\u021bei la Nivel Spiritual: <\/em><\/strong>Aceast\u0103 esen\u021b\u0103 aduce sentimentul de expansiune spiritual\u0103 \u00een vie\u021bile noastre. Cu noua confirmare interioar\u0103, ne sim\u021bim suficient de puternici pentru a ne &#8222;\u00eembina&#8221; cu ceilal\u021bi \u00een procesele de grup. Carisma noastr\u0103 se extinde \u0219i sim\u021bim o leg\u0103tur\u0103 puternic\u0103 cu ceilal\u021bi.<\/p>\n<p><strong><em>Afirma\u021bia: <\/em><\/strong>Renun\u021b la &#8222;ego-ul meu&#8221; care a devenit prea str\u00e2ns \u0219i m\u0103 deschid vie\u021bii \u0219i oamenilor.<\/p>\n","protected":false},"excerpt":{"rendered":"<p><strong><em>\u00a0\u00a0\u00a0\u00a0 <\/em><\/strong><\/p>\n<p>&nbsp;<\/p>\n","protected":false},"featured_media":13191,"template":"","meta":[],"product_brand":[],"product_cat":[41],"product_tag":[],"class_list":{"0":"post-1255","1":"product","2":"type-product","3":"status-publish","4":"has-post-thumbnail","6":"product_cat-esente-de-cactus","7":"pa_size-15ml","8":"pa_size-30ml","10":"first","11":"instock","12":"shipping-taxable","13":"purchasable","14":"product-type-variable","15":"has-default-attributes"},"_links":{"self":[{"href":"https:\/\/esentevibrationale.com\/index.php?rest_route=\/wp\/v2\/product\/1255","targetHints":{"allow":["GET"]}}],"collection":[{"href":"https:\/\/esentevibrationale.com\/index.php?rest_route=\/wp\/v2\/product"}],"about":[{"href":"https:\/\/esentevibrationale.com\/index.php?rest_route=\/wp\/v2\/types\/product"}],"wp:featuredmedia":[{"embeddable":true,"href":"https:\/\/esentevibrationale.com\/index.php?rest_route=\/wp\/v2\/media\/13191"}],"wp:attachment":[{"href":"https:\/\/esentevibrationale.com\/index.php?rest_route=%2Fwp%2Fv2%2Fmedia&parent=1255"}],"wp:term":[{"taxonomy":"product_brand","embeddable":true,"href":"https:\/\/esentevibrationale.com\/index.php?rest_route=%2Fwp%2Fv2%2Fproduct_brand&post=1255"},{"taxonomy":"product_cat","embeddable":true,"href":"https:\/\/esentevibrationale.com\/index.php?rest_route=%2Fwp%2Fv2%2Fproduct_cat&post=1255"},{"taxonomy":"product_tag","embeddable":true,"href":"https:\/\/esentevibrationale.com\/index.php?rest_route=%2Fwp%2Fv2%2Fproduct_tag&post=1255"}],"curies":[{"name":"wp","href":"https:\/\/api.w.org\/{rel}","templated":true}]}}