{"id":1259,"date":"2018-11-05T13:06:27","date_gmt":"2018-11-05T12:06:27","guid":{"rendered":"http:\/\/phiessences.com\/Romania\/?post_type=product&#038;p=1259"},"modified":"2026-01-02T09:38:07","modified_gmt":"2026-01-02T07:38:07","slug":"here-and-now-cactus-cactusul-aici-si-acum","status":"publish","type":"product","link":"https:\/\/esentevibrationale.com\/?product=here-and-now-cactus-cactusul-aici-si-acum","title":{"rendered":"Here and Now Cactus \/ Cactusul Aici \u015fi Acum"},"content":{"rendered":"<p><strong>(Hylocereus undatus) <\/strong><\/p>\n<p><em>Aceast\u0103 plant\u0103 apar\u021bine grupei Hylocereus, toate sunt epifite. Asta \u00eenseamn\u0103 c\u0103 se dezvolt\u0103 &#8211; f\u0103r\u0103 a distruge planta gazd\u0103 &#8211; pe copaci sau tufi\u0219uri. Copacii mari precum \u0219i rocile mari, sunt adesea acoperite complet de acest cactus cu ascensiune rapid\u0103. Cu florile sale mari, de aproximativ 25 cm l\u0103\u021bime, Hylocereus are o carism\u0103 fascinant\u0103. Florile se deschid noaptea \u0219i r\u0103m\u00e2n deschise p\u00e2n\u0103 \u00een jurul orei 9:00 a.m. Fructele acestui cactus sunt similare m\u0103rului \u0219i sunt foarte suculente \u0219i dulci, fiind populare \u00een Mexic \u0219i Antilele.<\/em><\/p>\n<p><strong><em>Efectul Esen\u021bei : <\/em><\/strong>Esen\u021ba Cactusului Aici \u0219i Acum ne ajut\u0103 cu vibra\u021bia sa de con\u0219tientizare s\u0103 accept\u0103m \u0219i s\u0103 iubim \u00eentruparea noastr\u0103. Stimuleaz\u0103 contactul cu materia \u0219i iubirea fa\u021b\u0103 de P\u0103m\u00e2nt, natur\u0103 \u0219i a propriului corp.<\/p>\n<p><strong><em>Efectul Esen\u021bei la Nivel Fizic: <\/em><\/strong>Atunci c\u00e2nd nu ne sim\u021bim confortabili \u00een corpul nostru, c\u00e2nd exist\u0103 ni\u0219te probleme de s\u0103n\u0103tate, care \u00eentr-un fel nu &#8222;corespund&#8221;, nu ne putem accepta corpul, aceast\u0103 esen\u021b\u0103 poate transmite impulsuri energetice care duc la un sentiment de &#8222;acas\u0103&#8221; \u00een corpul nostru. Putem dezvolta o con\u0219tientizare corporal\u0103 mai bun\u0103, de exemplu: s\u0103 interpret\u0103m mai bine semnalele corpului nostru \u0219i s\u0103 le folosim pentru s\u0103n\u0103tatea noastr\u0103.<\/p>\n<p><strong><em>Efectul Esen\u021bei la Nivel Emo\u021bional: <\/em><\/strong>Sunt multe motive din cauza c\u0103rora evit\u0103m s\u0103 fim &#8222;aici \u0219i acum&#8221;. De exemplu: sunt sentimente dureroase, pe care prefer\u0103m s\u0103 le suprim\u0103m \u00een loc s\u0103 le facem fa\u021b\u0103. Cu esen\u021ba dezvolt\u0103m noi puteri pentru a face fa\u021b\u0103 emo\u021biilor noastre \u0219i de a merge pe alte c\u0103i. Totodat\u0103, aceast\u0103 tendin\u021b\u0103 ne poate ajuta, s\u0103 ne \u00eentoarcem la realitate, dac\u0103 avem tendin\u021ba de a visa cu ochii deschi\u0219i.<\/p>\n<p><strong><em>Efectul Esen\u021bei la Nivel Mental: <\/em><\/strong>Atunci c\u00e2nd evad\u0103m din realitate, for\u021bele noastre mentale sunt dominate de goliciune. Esen\u021ba Cactusului Aici \u0219i Acum ne sprijin\u0103 energetic pentru a ne concentra din nou puterea de g\u00e2ndire pe un punct \u0219i pentru a ne modela via\u021ba \u00een mod creativ.<\/p>\n<p><strong><em>Efectul Esen\u021bei la Nivel Spiritual: <\/em><\/strong>\u00cen mod special, esen\u021ba este indicat\u0103 persoanelor transfigurate spiritual. Dup\u0103 cum sugereaz\u0103 \u0219i numele, esen\u021ba ne ajut\u0103 s\u0103 fim aici \u0219i acum cu trupul \u0219i cu mintea<\/p>\n<p><strong><em>Afirma\u021bia: <\/em><\/strong>M\u0103 percep intens pe mine \u00eensumi \/ \u00eens\u0103mi, simt for\u021ba corpului meu, claritatea min\u021bii \u0219i iubirea sufletului meu.<\/p>\n","protected":false},"excerpt":{"rendered":"<p>(Hylocereus undatus) Aceast\u0103 plant\u0103 apar\u021bine grupei Hylocereus, toate sunt epifite. Asta \u00eenseamn\u0103 c\u0103 se dezvolt\u0103 &#8211; f\u0103r\u0103 a distruge planta gazd\u0103 &#8211; pe copaci sau tufi\u0219uri. Copacii mari precum \u0219i rocile mari, sunt adesea acoperite complet de acest cactus cu ascensiune rapid\u0103. Cu florile sale mari, de aproximativ 25 cm l\u0103\u021bime, Hylocereus are o carism\u0103 &hellip; <a href=\"https:\/\/esentevibrationale.com\/?product=here-and-now-cactus-cactusul-aici-si-acum\" class=\"more-link\">Continu\u0103 lectura <span class=\"screen-reader-text\">Here and Now Cactus \/ Cactusul Aici \u015fi Acum<\/span> <span class=\"meta-nav\">&rarr;<\/span><\/a><\/p>\n","protected":false},"featured_media":1262,"template":"","meta":[],"product_brand":[],"product_cat":[41],"product_tag":[],"class_list":{"0":"post-1259","1":"product","2":"type-product","3":"status-publish","4":"has-post-thumbnail","6":"product_cat-esente-de-cactus","7":"pa_size-15ml","8":"pa_size-30ml","10":"first","11":"instock","12":"shipping-taxable","13":"purchasable","14":"product-type-variable","15":"has-default-attributes"},"_links":{"self":[{"href":"https:\/\/esentevibrationale.com\/index.php?rest_route=\/wp\/v2\/product\/1259","targetHints":{"allow":["GET"]}}],"collection":[{"href":"https:\/\/esentevibrationale.com\/index.php?rest_route=\/wp\/v2\/product"}],"about":[{"href":"https:\/\/esentevibrationale.com\/index.php?rest_route=\/wp\/v2\/types\/product"}],"wp:featuredmedia":[{"embeddable":true,"href":"https:\/\/esentevibrationale.com\/index.php?rest_route=\/wp\/v2\/media\/1262"}],"wp:attachment":[{"href":"https:\/\/esentevibrationale.com\/index.php?rest_route=%2Fwp%2Fv2%2Fmedia&parent=1259"}],"wp:term":[{"taxonomy":"product_brand","embeddable":true,"href":"https:\/\/esentevibrationale.com\/index.php?rest_route=%2Fwp%2Fv2%2Fproduct_brand&post=1259"},{"taxonomy":"product_cat","embeddable":true,"href":"https:\/\/esentevibrationale.com\/index.php?rest_route=%2Fwp%2Fv2%2Fproduct_cat&post=1259"},{"taxonomy":"product_tag","embeddable":true,"href":"https:\/\/esentevibrationale.com\/index.php?rest_route=%2Fwp%2Fv2%2Fproduct_tag&post=1259"}],"curies":[{"name":"wp","href":"https:\/\/api.w.org\/{rel}","templated":true}]}}