{"id":1263,"date":"2018-11-05T13:09:59","date_gmt":"2018-11-05T12:09:59","guid":{"rendered":"http:\/\/phiessences.com\/Romania\/?post_type=product&#038;p=1263"},"modified":"2026-01-02T09:34:46","modified_gmt":"2026-01-02T07:34:46","slug":"formation-cactus-cactusul-formatiune","status":"publish","type":"product","link":"https:\/\/esentevibrationale.com\/?product=formation-cactus-cactusul-formatiune","title":{"rendered":"Forma\u0163ion Cactus \/ Cactusul Forma\u0163iune"},"content":{"rendered":"<p><strong>(Strelitzia rubrograndis) <\/strong><\/p>\n<p><em>Acest cactus rotunjit, care are diametrul de 35 cm a fost descoperit \u00een anul 1972 \u00een Mexic. Aceast\u0103 specie are un model \u00een form\u0103 de diamant, pe ale c\u0103rui v\u00e2rfuri piramidale, spinii cresc \u00een form\u0103 de stea. Florile sale sunt de culoare roz str\u0103lucitor \u0219i formeaz\u0103 mici cercuri de \u00eenflorire pe coroana cactusului. Petalele florilor dau impresia c\u0103 sunt u\u0219or sf\u0103r\u00e2mate, ceea ce confer\u0103 cactusului o not\u0103 aproape vesel\u0103 \u00een floare.<\/em><\/p>\n<p><em>\u00a0<\/em><strong><em>Efectul Esen\u021bei: <\/em><\/strong>Esen\u021ba Cactusului Forma\u021biune are un efect stabilizator \u0219i protectiv pe toate nivelurile formei \u2013 de la nivel celular la cel informa\u021bional.<\/p>\n<p><strong><em>Efectul Esen\u021bei la Nivel Fizic: <\/em><\/strong>La nivel energetic, esen\u021ba exercit\u0103 un efect protector asupra organelor \u0219i a proceselor interioare. Vibra\u021bia de \u00eent\u0103rire are un efect pozitiv asupra \u021besutului contaminat (de exemplu: r\u0103ni) \u0219i al organelor. Din punct de vedere energetic are un efect de cur\u0103\u021bare \u0219i promoveaz\u0103 desc\u0103rcarea energiilor negative din organism. \u021aesutul este str\u00e2ns energetic \u0219i acest lucru se observ\u0103 \u00een pielea obosit\u0103. Esen\u021ba va transmite iubire organelor afecta- te \u0219i \u021besutului \u00eencordat. \u00cen acela\u0219i timp, vibra\u021bia iubirii sus\u021bine foarte profund procesele de vindecare. Esen\u021ba poate armoiza \u0219i stabiliza, din punct de vedere energetic, toate func\u021biile ritmice din organism: pulsul \u0219i b\u0103t\u0103ile inimii, pulsul organelor, circula\u021bia, etc.<\/p>\n<p><strong><em>Efectul Esen\u021bei la Nivel Emo\u021bional: <\/em><\/strong>Poverile emo\u021bionale profunde, care se dezvolt\u0103 \u00een timpul procesului de vindecare au un sprijin energetic pozitiv de la esen\u021b\u0103.De asemenea, impulsurile de cur\u0103\u021bare amelioreaz\u0103 corpul nostru emo\u021bional \u0219i ne elibereaz\u0103 de stres \u0219i ne putem echilibra. Energetic, tensiunile din zona inimii sunt eliberate.<\/p>\n<p><strong><em>Efectul Esen\u021bei la Nivel Mental: <\/em><\/strong>C\u00e2nd sim\u021bim c\u0103 ne-am pierdut ritmul vie\u021bii din punct de vedere fizic \u0219i este necesar s\u0103 ne lupt\u0103m \u00eempotriva tuturor problemelor men\u021bionate mai sus, puterea noastr\u0103 mental\u0103 este redus\u0103. Esen\u021b\u0103 va transmite un impuls nou mental, g\u00e2ndurile noastre vor fi mai clare \u0219i vom fi capabili s\u0103 ne exprim\u0103m ideile \u0219i proiectele noastre \u0219i le vom putea pune \u00een practic\u0103 \u00eentr-un context de echilibru interior.<\/p>\n<p><strong><em>Efectul Esen\u021bei la Nivel Spiritual: <\/em><\/strong>Aceast\u0103 esen\u021b\u0103 ne permite s\u0103 devenim con\u0219tien\u021bi de contextul general al st\u0103rii \u0219i situa\u021biei noastre actuale. Con\u0219tiin\u021ba noastr\u0103 se deschide la toate nivelurile fiin\u021bei noastre pentru a primi noi experien\u021be, impulsuri, informa\u021bii \u0219i energie vindec\u0103toare \u0219i apoi se stabilizeaz\u0103 la nivel superior.<\/p>\n<p><strong><em>Afirma\u021bia: <\/em><\/strong>Dragostea \u0219i stabilitatea curg \u00een mine \u0219i m\u0103 elibereaz\u0103 de toate poverile.<\/p>\n<p>&nbsp;<\/p>\n","protected":false},"excerpt":{"rendered":"<p>(Strelitzia rubrograndis) Acest cactus rotunjit, care are diametrul de 35 cm a fost descoperit \u00een anul 1972 \u00een Mexic. Aceast\u0103 specie are un model \u00een form\u0103 de diamant, pe ale c\u0103rui v\u00e2rfuri piramidale, spinii cresc \u00een form\u0103 de stea. Florile sale sunt de culoare roz str\u0103lucitor \u0219i formeaz\u0103 mici cercuri de \u00eenflorire pe coroana cactusului. &hellip; <a href=\"https:\/\/esentevibrationale.com\/?product=formation-cactus-cactusul-formatiune\" class=\"more-link\">Continu\u0103 lectura <span class=\"screen-reader-text\">Forma\u0163ion Cactus \/ Cactusul Forma\u0163iune<\/span> <span class=\"meta-nav\">&rarr;<\/span><\/a><\/p>\n","protected":false},"featured_media":13192,"template":"","meta":[],"product_brand":[],"product_cat":[41],"product_tag":[],"class_list":{"0":"post-1263","1":"product","2":"type-product","3":"status-publish","4":"has-post-thumbnail","6":"product_cat-esente-de-cactus","7":"pa_size-15ml","8":"pa_size-30ml","10":"first","11":"instock","12":"shipping-taxable","13":"purchasable","14":"product-type-variable","15":"has-default-attributes"},"_links":{"self":[{"href":"https:\/\/esentevibrationale.com\/index.php?rest_route=\/wp\/v2\/product\/1263","targetHints":{"allow":["GET"]}}],"collection":[{"href":"https:\/\/esentevibrationale.com\/index.php?rest_route=\/wp\/v2\/product"}],"about":[{"href":"https:\/\/esentevibrationale.com\/index.php?rest_route=\/wp\/v2\/types\/product"}],"wp:featuredmedia":[{"embeddable":true,"href":"https:\/\/esentevibrationale.com\/index.php?rest_route=\/wp\/v2\/media\/13192"}],"wp:attachment":[{"href":"https:\/\/esentevibrationale.com\/index.php?rest_route=%2Fwp%2Fv2%2Fmedia&parent=1263"}],"wp:term":[{"taxonomy":"product_brand","embeddable":true,"href":"https:\/\/esentevibrationale.com\/index.php?rest_route=%2Fwp%2Fv2%2Fproduct_brand&post=1263"},{"taxonomy":"product_cat","embeddable":true,"href":"https:\/\/esentevibrationale.com\/index.php?rest_route=%2Fwp%2Fv2%2Fproduct_cat&post=1263"},{"taxonomy":"product_tag","embeddable":true,"href":"https:\/\/esentevibrationale.com\/index.php?rest_route=%2Fwp%2Fv2%2Fproduct_tag&post=1263"}],"curies":[{"name":"wp","href":"https:\/\/api.w.org\/{rel}","templated":true}]}}