{"id":1267,"date":"2018-11-05T13:16:45","date_gmt":"2018-11-05T12:16:45","guid":{"rendered":"http:\/\/phiessences.com\/Romania\/?post_type=product&#038;p=1267"},"modified":"2026-01-02T09:30:33","modified_gmt":"2026-01-02T07:30:33","slug":"blueberry-cactus-cactusul-afina","status":"publish","type":"product","link":"https:\/\/esentevibrationale.com\/?product=blueberry-cactus-cactusul-afina","title":{"rendered":"Blueberry Cactus \/ Cactusul Afin\u0103"},"content":{"rendered":"<p><strong><em>(Specia geometrizans)<\/em> <\/strong><\/p>\n<p><em>Acest cactus comestibil foarte cunoscut, poate fi g\u0103sit adesea pe platoul \u00eenalt din Mexic p\u00e2n\u0103 la Puebla \u0219i Oaxaca. Este una dintre cele mai cunoscute specii comestibile. Cresc\u00e2nd dintr-un trunchi, se ramific\u0103 \u00eentr-un arbust impun\u0103tor de aproximativ 2,5 X 2,5 m l\u0103\u021bime, are culoare verde \u00eenchis. \u00cen martie, florile sale verzi delicate, radiale, se deschid la v\u00e2rfurile \u0219i laturile cactusului \u0219i r\u0103sp\u00e2ndesc un parfum dulce-zah\u0103r. Fructele seam\u0103n\u0103 cu afinele noastre at\u00e2t ca aspect, c\u00e2t \u0219i ca gust.<\/em><\/p>\n<p><strong><em>Efectul Esen\u021bei : <\/em><\/strong>Esen\u021ba Cactusului Afin\u0103 ne ajut\u0103 la \u00eenv\u0103\u021barea separ\u0103rii \u0219i protej\u0103rii nivelului emo\u021bional. Ne \u00eent\u0103re\u0219te intern astfel, putem s\u0103 ne bucur\u0103m de poten\u021bialul nostru complet \u0219i de frumuse\u021bea vie\u021bii.<\/p>\n<p><strong><em>Efectul Esen\u021bei la Nivel Fizic: <\/em><\/strong>Un poten\u021bial neexperimentat \u0219i bucuria de a tr\u0103i suprimat\u0103 se pot reflecta \u00een multe afec\u021biuni corporale. Presiunea interioar\u0103 vast\u0103, poate rezulta dintr-un poten\u021bial nerecunoscut sau suprimat, care c\u0103uta o cale de evadare \u00een corp. Oprimarea bucuriei de via\u021b\u0103 se poate reflecta \u00een \u00eenf\u0103\u021bi\u0219area facial\u0103 uzat\u0103 care provoac\u0103 riduri profunde. Esen\u021ba ne ajut\u0103 s\u0103 g\u0103sim ie\u0219irea din &#8222;strada unidirec\u021bional\u0103&#8221; pentru a ajunge la propria surs\u0103 de for\u021b\u0103 \u0219i s\u0103 iubim via\u021ba cu impulsurile sale motivante. \u00cen timpul sarcinii, ne ajut\u0103 la dezvoltarea complet\u0103 \u0219i la acceptarea situa\u021biei.<\/p>\n<p><strong><em>Efectul Esen\u021bei la Nivel Emo\u021bional: <\/em><\/strong>De\u0219i, adesea dorim laude \u0219i iubire, uneori este dificil s\u0103 le accept\u0103m. Aici esen\u021ba ne ajut\u0103 s\u0103 ne deschidem \u0219i s\u0103 ne bucur\u0103m de cuvin- tele pozitive primite de la al\u021bii, l\u0103s\u00e2ndu-le s\u0103 aib\u0103 o influen\u021b\u0103 pozitiv\u0103 asupra propriei vie\u021bi. Vom putea dep\u0103\u0219i repro\u0219ul fa\u021b\u0103 de noi \u00een\u0219ine \u0219i nemul\u021bumirea \u0219i \u00eei accept\u0103m pe ceilal\u021bi a\u0219a cum sunt. Esen\u021ba ne consolideaz\u0103 capacitatea de a ne diferen\u021bia \u0219i proteja c\u00e2nd ne confrunt\u0103m cu negativitate. Chakra Inimii \u0219i emo\u021biile vor r\u0103m\u00e2ne neschimbate.<\/p>\n<p><strong><em>Efectul Esen\u021bei la Nivel Mental: <\/em><\/strong>Descoperirea \u0219i folosirea poten\u021bialului propriu la fel ca \u0219i dorin\u021ba de a ne bucura de via\u021b\u0103, trezesc rezervele energiei noastre mentale. Cu esen\u021ba dezvolt\u0103m abilitatea de a ne \u00eembun\u0103t\u0103\u021bi planificarea, structura \u0219i \u00eemplinirea poten\u021bialului nostru.<\/p>\n<p><strong><em>Efectul Esen\u021bei la Nivel Spiritual: <\/em><\/strong>Chakra Inimii \u0219i a Coroanei se deschid cu esen\u021ba pentru a permite dezvoltarea unei noi calit\u0103\u021bi a vie\u021bii. Ne sim\u021bim fiin\u021ba central\u0103 \u0219i o putem exprima prin for\u021ba noastr\u0103 interi- oar\u0103.<\/p>\n<p><strong><em>Afirma\u021bia: <\/em><\/strong>\u00cemi accept cu pl\u0103cere poten\u021bialul \u0219i \u00eel exprim. \u00cemi place aceast\u0103 experien\u021b\u0103 \u0219i via\u021ba mea.<\/p>\n","protected":false},"excerpt":{"rendered":"<p>(Specia geometrizans) Acest cactus comestibil foarte cunoscut, poate fi g\u0103sit adesea pe platoul \u00eenalt din Mexic p\u00e2n\u0103 la Puebla \u0219i Oaxaca. Este una dintre cele mai cunoscute specii comestibile. Cresc\u00e2nd dintr-un trunchi, se ramific\u0103 \u00eentr-un arbust impun\u0103tor de aproximativ 2,5 X 2,5 m l\u0103\u021bime, are culoare verde \u00eenchis. \u00cen martie, florile sale verzi delicate, radiale, &hellip; <a href=\"https:\/\/esentevibrationale.com\/?product=blueberry-cactus-cactusul-afina\" class=\"more-link\">Continu\u0103 lectura <span class=\"screen-reader-text\">Blueberry Cactus \/ Cactusul Afin\u0103<\/span> <span class=\"meta-nav\">&rarr;<\/span><\/a><\/p>\n","protected":false},"featured_media":13193,"template":"","meta":[],"product_brand":[],"product_cat":[41],"product_tag":[],"class_list":{"0":"post-1267","1":"product","2":"type-product","3":"status-publish","4":"has-post-thumbnail","6":"product_cat-esente-de-cactus","7":"pa_size-15ml","8":"pa_size-30ml","10":"first","11":"instock","12":"shipping-taxable","13":"purchasable","14":"product-type-variable","15":"has-default-attributes"},"_links":{"self":[{"href":"https:\/\/esentevibrationale.com\/index.php?rest_route=\/wp\/v2\/product\/1267","targetHints":{"allow":["GET"]}}],"collection":[{"href":"https:\/\/esentevibrationale.com\/index.php?rest_route=\/wp\/v2\/product"}],"about":[{"href":"https:\/\/esentevibrationale.com\/index.php?rest_route=\/wp\/v2\/types\/product"}],"wp:featuredmedia":[{"embeddable":true,"href":"https:\/\/esentevibrationale.com\/index.php?rest_route=\/wp\/v2\/media\/13193"}],"wp:attachment":[{"href":"https:\/\/esentevibrationale.com\/index.php?rest_route=%2Fwp%2Fv2%2Fmedia&parent=1267"}],"wp:term":[{"taxonomy":"product_brand","embeddable":true,"href":"https:\/\/esentevibrationale.com\/index.php?rest_route=%2Fwp%2Fv2%2Fproduct_brand&post=1267"},{"taxonomy":"product_cat","embeddable":true,"href":"https:\/\/esentevibrationale.com\/index.php?rest_route=%2Fwp%2Fv2%2Fproduct_cat&post=1267"},{"taxonomy":"product_tag","embeddable":true,"href":"https:\/\/esentevibrationale.com\/index.php?rest_route=%2Fwp%2Fv2%2Fproduct_tag&post=1267"}],"curies":[{"name":"wp","href":"https:\/\/api.w.org\/{rel}","templated":true}]}}