{"id":1271,"date":"2018-11-05T17:14:50","date_gmt":"2018-11-05T16:14:50","guid":{"rendered":"http:\/\/phiessences.com\/Romania\/?post_type=product&#038;p=1271"},"modified":"2026-01-02T09:48:40","modified_gmt":"2026-01-02T07:48:40","slug":"joyful-opuntia-l-cantusul-opuntia-vesela-i","status":"publish","type":"product","link":"https:\/\/esentevibrationale.com\/?product=joyful-opuntia-l-cantusul-opuntia-vesela-i","title":{"rendered":"Joyful Opuntia l \/ Opun\u0163ia Vesel\u0103 I"},"content":{"rendered":"<p><strong><em>(Opuntia cardiosperma)<\/em> <\/strong><\/p>\n<p><em>Acest cactus este originar din Paraguai \u0219i se caracterizeaz\u0103 prin sec\u021biunile sale rotunde. Florile sale galbene sau portocalii ne atrag aten\u021bia datorit\u0103 punctului verde mic din centru.<\/em><\/p>\n<p><strong><em>Efectul Esen\u021bei: <\/em><\/strong>Ne aduce fericire \u0219i ne u\u0219ureaz\u0103 de stresul mental sever esen\u021ba Cactusului Opun\u021bia Vesel\u0103. Ne ofer\u0103 \u00eencredere, siguran\u021b\u0103 \u0219i optimism.<\/p>\n<p><strong><em>Efectul Esen\u021bei la Nivel Fizic: <\/em><\/strong>Esen\u021ba de Cactus are un efect protector energetic asupra \u00eentregului organism \u0219i \u00een special, asupra ficatului \u0219i al splinei, organelor noastre de detoxificare. Totodat\u0103, \u00eent\u0103re\u0219te energetic rinichii \u0219i vezica urinar\u0103. Aborigenii \u00eel foloseau \u00een timpul na\u0219terii. Aplicat\u0103 extern esen\u021ba poate fi combinat\u0103 cu diferite produse cosmetice pentru a armoniza func\u021biile pielii.<\/p>\n<p><strong><em>Efectul Esen\u021bei la Nivel Emo\u021bional: <\/em><\/strong>\u00cen fazele de stres emo\u021bional puternic, de exemplu: \u00een cazul desp\u0103r\u021birii, bolilor, etc., aceast\u0103 esen\u021b\u0103 promoveaz\u0103 \u00eencrederea \u00een via\u021b\u0103 \u0219i treze\u0219te un nou \u021bel \u00een via\u021b\u0103. Sim\u021bim prin intermediul s\u0103u o vibra\u021bie \u00eencrez\u0103toare \u0219i optimist\u0103, care ne permite s\u0103 ne privim problemele dintr-o perspectiv\u0103 diferit\u0103 \u0219i s\u0103 ne distan\u021b\u0103m de ele.<\/p>\n<p><strong><em>Efectul Esen\u021bei la Nivel Mental: <\/em><\/strong>Prin esen\u021b\u0103 planul nostru mental va fi consolidat cu \u00eencredere \u0219i optimism. Vom fi capabili s\u0103 dep\u0103\u0219im zidurile interioare \u0219i s\u0103 ne redimension\u0103m via\u021ba la nivel mental. Formarea mental\u0103 poate fi urmat\u0103 de implementarea material\u0103.<\/p>\n<p><strong><em>Efectul Esen\u021bei la Nivel Spiritual: <\/em><\/strong>Aceast\u0103 esen\u021b\u0103 lucreaz\u0103 pe Chakra Inimii \u0219i pe Chakra Plexului Solar. Prin aceste puncte cruciale vom putea absorbi vibra\u021bia bucuriei \u0219i a \u00eencrederii. Aceast\u0103 energie puternic\u0103 se revars\u0103, transmite energie spiritual\u0103, bucurie \u0219i \u00een\u021belepciune.<\/p>\n<p><strong><em>Afirma\u021bia: <\/em><\/strong>M\u0103 eliberez de triste\u021bea mea \u0219i privesc via\u021ba plin\u0103 de lumin\u0103 \u0219i iubire. Redescop\u0103r sentimentul de bucurie.<\/p>\n","protected":false},"excerpt":{"rendered":"<p>(Opuntia cardiosperma) Acest cactus este originar din Paraguai \u0219i se caracterizeaz\u0103 prin sec\u021biunile sale rotunde. Florile sale galbene sau portocalii ne atrag aten\u021bia datorit\u0103 punctului verde mic din centru. Efectul Esen\u021bei: Ne aduce fericire \u0219i ne u\u0219ureaz\u0103 de stresul mental sever esen\u021ba Cactusului Opun\u021bia Vesel\u0103. Ne ofer\u0103 \u00eencredere, siguran\u021b\u0103 \u0219i optimism. Efectul Esen\u021bei la Nivel &hellip; <a href=\"https:\/\/esentevibrationale.com\/?product=joyful-opuntia-l-cantusul-opuntia-vesela-i\" class=\"more-link\">Continu\u0103 lectura <span class=\"screen-reader-text\">Joyful Opuntia l \/ Opun\u0163ia Vesel\u0103 I<\/span> <span class=\"meta-nav\">&rarr;<\/span><\/a><\/p>\n","protected":false},"featured_media":1274,"template":"","meta":[],"product_brand":[],"product_cat":[41],"product_tag":[],"class_list":{"0":"post-1271","1":"product","2":"type-product","3":"status-publish","4":"has-post-thumbnail","6":"product_cat-esente-de-cactus","7":"pa_size-15ml","8":"pa_size-30ml","10":"first","11":"instock","12":"shipping-taxable","13":"purchasable","14":"product-type-variable","15":"has-default-attributes"},"_links":{"self":[{"href":"https:\/\/esentevibrationale.com\/index.php?rest_route=\/wp\/v2\/product\/1271","targetHints":{"allow":["GET"]}}],"collection":[{"href":"https:\/\/esentevibrationale.com\/index.php?rest_route=\/wp\/v2\/product"}],"about":[{"href":"https:\/\/esentevibrationale.com\/index.php?rest_route=\/wp\/v2\/types\/product"}],"wp:featuredmedia":[{"embeddable":true,"href":"https:\/\/esentevibrationale.com\/index.php?rest_route=\/wp\/v2\/media\/1274"}],"wp:attachment":[{"href":"https:\/\/esentevibrationale.com\/index.php?rest_route=%2Fwp%2Fv2%2Fmedia&parent=1271"}],"wp:term":[{"taxonomy":"product_brand","embeddable":true,"href":"https:\/\/esentevibrationale.com\/index.php?rest_route=%2Fwp%2Fv2%2Fproduct_brand&post=1271"},{"taxonomy":"product_cat","embeddable":true,"href":"https:\/\/esentevibrationale.com\/index.php?rest_route=%2Fwp%2Fv2%2Fproduct_cat&post=1271"},{"taxonomy":"product_tag","embeddable":true,"href":"https:\/\/esentevibrationale.com\/index.php?rest_route=%2Fwp%2Fv2%2Fproduct_tag&post=1271"}],"curies":[{"name":"wp","href":"https:\/\/api.w.org\/{rel}","templated":true}]}}