{"id":1275,"date":"2018-11-05T17:21:28","date_gmt":"2018-11-05T16:21:28","guid":{"rendered":"http:\/\/phiessences.com\/Romania\/?post_type=product&#038;p=1275"},"modified":"2026-01-02T09:37:07","modified_gmt":"2026-01-02T07:37:07","slug":"grounding-opuntia-ii-opuntia-%c8%8bmpamantare","status":"publish","type":"product","link":"https:\/\/esentevibrationale.com\/?product=grounding-opuntia-ii-opuntia-%c8%8bmpamantare","title":{"rendered":"Grounding Opuntia II \/ Opun\u0163ia II \u020amp\u0103m\u00e2ntare"},"content":{"rendered":"<p><strong><em>(Opuntia dejecta)<\/em> <\/strong><\/p>\n<p><em>Acest cactus cre\u0219te \u00een tufe care ajung p\u00e2n\u0103 la 2 &#8211; 3 m \u00een\u0103l\u021bime \u00een Cuba. Are frunzele plate, \u00eenguste \u0219i cresc \u00eempreun\u0103, specific pentru Opun\u021bia. L\u0103starii tineri au un verde proasp\u0103t, frunzele mature au culoarea verde-cenu\u0219iu. La \u00eenceputul lunii martie florile sale se deschid, au culoarea ro\u0219u str\u0103lucitor \u0219i se arat\u0103 \u00een toat\u0103 splendoarea lor. Dup\u0103 \u00eenflorire florile cad, r\u0103m\u00e2n\u00e2nd ata\u0219ate de plant\u0103 frunzele goale, ulterior cre\u0219te fructul s\u0103u care este comestibil.<\/em><\/p>\n<p><strong><em>Efectul Esen\u021bei: <\/em><\/strong>Esen\u021ba Opun\u021biei \u00cemp\u0103m\u00e2ntare activeaz\u0103 prima Chakr\u0103 stimul\u00e2nd r\u0103d\u0103cinile \u0219i stabilitatea. Ne ajut\u0103 s\u0103 ne calm\u0103m \u0219i s\u0103 fim noi \u00een\u0219ine.<\/p>\n<p><strong><em>Efectul Esen\u021bei la Nivel Fizic: <\/em><\/strong>Aceast\u0103 esen\u021b\u0103 ne transmite o calmitate profund\u0103 interioar\u0103, care este fundamental\u0103 pentru a dep\u0103\u0219i orice problem\u0103 fizic\u0103. Unele cauze pot fi identificate \u00een punctele energetice. Esen\u021ba combate blocajele energetice, \u00een acela\u0219i timp, favorizeaz\u0103 eliminarea otr\u0103vurilor la nivel energetic \u0219i dizolv\u0103 constipa\u021bia, ceea ce poate \u00eensemna chiar \u0219i fluxul nazal sau lacrimile. \u00cen general, esen\u021ba poate stimula o regenerare cuprinz\u0103toare.<\/p>\n<p><strong><em>Efectul Esen\u021bei la Nivel Emo\u021bional: <\/em><\/strong>Emo\u021biile care nu sunt exprimate, \u00eens\u0103 sunt acoperite de un &#8222;strat excitat&#8221; gros primesc o energie eliberatoare prin intermediul acestei esen\u021be. Persoana va fi mai relaxat\u0103 \u0219i confortabil\u0103 \u0219i inelul de emo\u021bii din jurul pieptului poate fi eliberat.<\/p>\n<p><strong><em>Efectul Esen\u021bei la Nivel Mental: <\/em><\/strong>Aceast\u0103 esen\u021b\u0103 ne permite s\u0103 recunoa\u0219tem unde \u0219i care blocaje ne afecteaz\u0103 \u00een mod negativ \u00een plan mental. Cu energia sa puternic\u0103 de dizolvare ne d\u0103 for\u021ba de a dizolva blocajele. g\u00e2ndirii. Pe aceast\u0103 baz\u0103 mental\u0103 s\u0103n\u0103toas\u0103 va cre\u0219te o nou\u0103 structur\u0103 clar\u0103 mental\u0103.<\/p>\n<p><strong><em>Efectul Esen\u021bei la Nivel Spiritual: <\/em><\/strong>\u00cemp\u0103m\u00e2ntarea \u0219i stabilitatea sunt alte subiecte suplimentare ale acestei esen\u021be. Activeaz\u0103 prima Chakr\u0103 \u0219i astfel, stimuleaz\u0103 conducerea vie\u021bii, puterea noastr\u0103 de a ac\u021biona \u0219i conectarea noastr\u0103 cu P\u0103m\u00e2ntul. Vom percepe aceast\u0103 vibra\u021bie ca o stabilitate, auto protec\u021bie \u0219i asertivitate \u00een sens pozitiv.<\/p>\n<p><strong><em>Afirma\u021bia: <\/em><\/strong>\u00cemi identific \u0219i \u00eemi elimin astfel blocajele, \u00eemi simt vitalitatea \u0219i libertatea cresc\u00e2nd \u00een mine.<\/p>\n","protected":false},"excerpt":{"rendered":"<p>(Opuntia dejecta) Acest cactus cre\u0219te \u00een tufe care ajung p\u00e2n\u0103 la 2 &#8211; 3 m \u00een\u0103l\u021bime \u00een Cuba. Are frunzele plate, \u00eenguste \u0219i cresc \u00eempreun\u0103, specific pentru Opun\u021bia. L\u0103starii tineri au un verde proasp\u0103t, frunzele mature au culoarea verde-cenu\u0219iu. La \u00eenceputul lunii martie florile sale se deschid, au culoarea ro\u0219u str\u0103lucitor \u0219i se arat\u0103 \u00een &hellip; <a href=\"https:\/\/esentevibrationale.com\/?product=grounding-opuntia-ii-opuntia-%c8%8bmpamantare\" class=\"more-link\">Continu\u0103 lectura <span class=\"screen-reader-text\">Grounding Opuntia II \/ Opun\u0163ia II \u020amp\u0103m\u00e2ntare<\/span> <span class=\"meta-nav\">&rarr;<\/span><\/a><\/p>\n","protected":false},"featured_media":1276,"template":"","meta":[],"product_brand":[],"product_cat":[41],"product_tag":[],"class_list":{"0":"post-1275","1":"product","2":"type-product","3":"status-publish","4":"has-post-thumbnail","6":"product_cat-esente-de-cactus","7":"pa_size-15ml","8":"pa_size-30ml","10":"first","11":"instock","12":"shipping-taxable","13":"purchasable","14":"product-type-variable","15":"has-default-attributes"},"_links":{"self":[{"href":"https:\/\/esentevibrationale.com\/index.php?rest_route=\/wp\/v2\/product\/1275","targetHints":{"allow":["GET"]}}],"collection":[{"href":"https:\/\/esentevibrationale.com\/index.php?rest_route=\/wp\/v2\/product"}],"about":[{"href":"https:\/\/esentevibrationale.com\/index.php?rest_route=\/wp\/v2\/types\/product"}],"wp:featuredmedia":[{"embeddable":true,"href":"https:\/\/esentevibrationale.com\/index.php?rest_route=\/wp\/v2\/media\/1276"}],"wp:attachment":[{"href":"https:\/\/esentevibrationale.com\/index.php?rest_route=%2Fwp%2Fv2%2Fmedia&parent=1275"}],"wp:term":[{"taxonomy":"product_brand","embeddable":true,"href":"https:\/\/esentevibrationale.com\/index.php?rest_route=%2Fwp%2Fv2%2Fproduct_brand&post=1275"},{"taxonomy":"product_cat","embeddable":true,"href":"https:\/\/esentevibrationale.com\/index.php?rest_route=%2Fwp%2Fv2%2Fproduct_cat&post=1275"},{"taxonomy":"product_tag","embeddable":true,"href":"https:\/\/esentevibrationale.com\/index.php?rest_route=%2Fwp%2Fv2%2Fproduct_tag&post=1275"}],"curies":[{"name":"wp","href":"https:\/\/api.w.org\/{rel}","templated":true}]}}