{"id":1279,"date":"2018-11-05T17:27:07","date_gmt":"2018-11-05T16:27:07","guid":{"rendered":"http:\/\/phiessences.com\/Romania\/?post_type=product&#038;p=1279"},"modified":"2026-01-02T09:49:44","modified_gmt":"2026-01-02T07:49:44","slug":"life-force-cactus-cactusul-forta-de-viata","status":"publish","type":"product","link":"https:\/\/esentevibrationale.com\/?product=life-force-cactus-cactusul-forta-de-viata","title":{"rendered":"Life Force Cactus \/ Cactusul For\u0163\u0103 de Via\u0163\u0103"},"content":{"rendered":"<p><em><strong>(Orbea variegata)<\/strong><\/em><\/p>\n<p><em>Cactusul provine din Transvaal, provincia Republicii Sud Africane. Culoarea \u0219i mirosul florilor sale reamintesc de carnea putrezit\u0103, \u00een timp ce al\u021bii au miros de materii fecale sau de morcov. Mu\u0219tele suflante sunt atrase de flori de departe depun\u00e2ndu-\u0219i ou\u0103le \u00een interiorul lor. Florile au \u00eentre 5 &#8211; 8 cm diametru, au culoarea ro\u0219u tulbure \u0219i au o suprafa\u021b\u0103 ridicat\u0103 ciudat\u0103. Pe flori se formeaz\u0103 fire lungi, f\u0103c\u00e2ndu-l s\u0103 par\u0103 de-a dreptul nepl\u0103cut. Tulpinile sunt p\u0103trate, groase \u0219i au 20 cm, fiind mici comparativ cu florile sale.<\/em><\/p>\n<p><strong><em>Efectul Esen\u021bei: <\/em><\/strong>Esen\u021ba Cactusului For\u021b\u0103 de Via\u021b\u0103 stabile\u0219te contactul cu p\u0103m\u00e2ntul. O nou\u0103 energie curge prin sistemul nostru holistic \u0219i cre\u0219te str\u0103lucirea for\u021bei de via\u021b\u0103. Astfel, va \u00eenl\u0103tura &#8222;parazi\u021bii energetici&#8221; \u0219i va crea o barier\u0103 protectiv\u0103 \u00een cazul infest\u0103rii ulterioare.<\/p>\n<p><strong><em>Efectul Esen\u021bei la Nivel Fizic: <\/em><\/strong>Esen\u021ba protejeaz\u0103 la nivel energetic toate acele persoane, care \u00een diverse circumstan\u021be au fost private de vitalitate lor. Acest lucru poate fi cauzat datorit\u0103 pierderii majore de s\u00e2nge (interven\u021bii chirurgicale, donare de s\u00e2nge pe perioade mari de timp, etc.) sau energie mult\u0103 le este luat\u0103 \u00een alte moduri. Esen\u021ba ajut\u0103 \u00een cazul bolilor viermilor, creeaz\u0103 echilibru \u00een cazul acidit\u0103\u021bii organismului (persoanele care m\u0103n\u00e2nc\u0103 carne) \u0219i amelioreaz\u0103 tulbur\u0103rile metabolice.<\/p>\n<p><strong><em>Efectul Esen\u021bei la Nivel Emo\u021bional: <\/em><\/strong>Parazi\u021bii energetici pot fi prezen\u021bi sub multe &#8222;fe\u021be&#8221; (g\u00e2nduri stresante, jur\u0103minte sau jur\u0103m\u00e2nt karmic, anumite entit\u0103\u021bi ne ocup\u0103 corpul, etc.) \u0219i provoac\u0103 emo\u021bii diferite, care ne solicit\u0103 \u00eentreaga energie pentru a ne ap\u0103ra de ei.Cu esen\u021ba vom putea s\u0103 detect\u0103m cine sau care este pr\u0103d\u0103torul for\u021bei noastre vitale. Ne conecteaz\u0103 cu P\u0103m\u00e2ntul \u0219i permite s\u0103 curg\u0103 prin noi energiile noi \u0219i astfel ne putem libera de parazi\u021bii energetici.<\/p>\n<p><strong><em>Efectul Esen\u021bei la Nivel Mental: <\/em><\/strong>Energia P\u0103m\u00e2ntului intr\u0103 \u0219i cur\u0103\u021b\u0103 \u00een noi sistemul nostru mental de tot stresul: g\u00e2ndurile recurente, fobiile, temerile, etc. Progresiv ne vom rec\u0103p\u0103ta \u00eencrederea \u00een protec\u021bia interioar\u0103 \u0219i invulnerabilitatea la energii negative.<\/p>\n<p><strong><em>Efectul Esen\u021bei la Nivel Spiritual: <\/em><\/strong>Multe persoane au fost exploatate de &#8222;parazi\u021bii energetici&#8221; de ani de zile, f\u0103r\u0103 a-i recunoa\u0219te ca atare sau dac\u0103 i-au recunoscut, le-a lipsit puterea de a se ap\u0103ra cu succes. Procesele metafizice cum ar fi: c\u0103l\u0103toriile astrale nu trebuie sa fie subestimate, deoarece \u00een timpul lor putem suferi &#8222;atacurile&#8221; parazi\u021bilor energetici. Esen\u021ba ne permite s\u0103 avem protec\u021bie proprie, astfel \u00eenc\u00e2t putem radia puternic energia noastr\u0103 vital\u0103 \u0219i protec\u021bia inviolabil\u0103, \u00eempotriva \u00eenvingerii entit\u0103\u021bilor.<\/p>\n<p><strong><em>Afirma\u021bia: <\/em><\/strong>\u00cemi percep for\u021ba vital\u0103, o eman \u0219i am o protec\u021bie invincibil\u0103 \u00een jurul meu.<\/p>\n","protected":false},"excerpt":{"rendered":"<p>(Orbea variegata) Cactusul provine din Transvaal, provincia Republicii Sud Africane. Culoarea \u0219i mirosul florilor sale reamintesc de carnea putrezit\u0103, \u00een timp ce al\u021bii au miros de materii fecale sau de morcov. Mu\u0219tele suflante sunt atrase de flori de departe depun\u00e2ndu-\u0219i ou\u0103le \u00een interiorul lor. Florile au \u00eentre 5 &#8211; 8 cm diametru, au culoarea ro\u0219u &hellip; <a href=\"https:\/\/esentevibrationale.com\/?product=life-force-cactus-cactusul-forta-de-viata\" class=\"more-link\">Continu\u0103 lectura <span class=\"screen-reader-text\">Life Force Cactus \/ Cactusul For\u0163\u0103 de Via\u0163\u0103<\/span> <span class=\"meta-nav\">&rarr;<\/span><\/a><\/p>\n","protected":false},"featured_media":1282,"template":"","meta":[],"product_brand":[],"product_cat":[41],"product_tag":[],"class_list":{"0":"post-1279","1":"product","2":"type-product","3":"status-publish","4":"has-post-thumbnail","6":"product_cat-esente-de-cactus","7":"pa_size-15ml","8":"pa_size-30ml","10":"first","11":"instock","12":"shipping-taxable","13":"purchasable","14":"product-type-variable","15":"has-default-attributes"},"_links":{"self":[{"href":"https:\/\/esentevibrationale.com\/index.php?rest_route=\/wp\/v2\/product\/1279","targetHints":{"allow":["GET"]}}],"collection":[{"href":"https:\/\/esentevibrationale.com\/index.php?rest_route=\/wp\/v2\/product"}],"about":[{"href":"https:\/\/esentevibrationale.com\/index.php?rest_route=\/wp\/v2\/types\/product"}],"wp:featuredmedia":[{"embeddable":true,"href":"https:\/\/esentevibrationale.com\/index.php?rest_route=\/wp\/v2\/media\/1282"}],"wp:attachment":[{"href":"https:\/\/esentevibrationale.com\/index.php?rest_route=%2Fwp%2Fv2%2Fmedia&parent=1279"}],"wp:term":[{"taxonomy":"product_brand","embeddable":true,"href":"https:\/\/esentevibrationale.com\/index.php?rest_route=%2Fwp%2Fv2%2Fproduct_brand&post=1279"},{"taxonomy":"product_cat","embeddable":true,"href":"https:\/\/esentevibrationale.com\/index.php?rest_route=%2Fwp%2Fv2%2Fproduct_cat&post=1279"},{"taxonomy":"product_tag","embeddable":true,"href":"https:\/\/esentevibrationale.com\/index.php?rest_route=%2Fwp%2Fv2%2Fproduct_tag&post=1279"}],"curies":[{"name":"wp","href":"https:\/\/api.w.org\/{rel}","templated":true}]}}