{"id":1292,"date":"2018-11-05T17:50:14","date_gmt":"2018-11-05T16:50:14","guid":{"rendered":"http:\/\/phiessences.com\/Romania\/?post_type=product&#038;p=1292"},"modified":"2026-01-02T09:52:15","modified_gmt":"2026-01-02T07:52:15","slug":"love-cactus-cactusul-iubire","status":"publish","type":"product","link":"https:\/\/esentevibrationale.com\/?product=love-cactus-cactusul-iubire","title":{"rendered":"Love Cactus \/ Cactusul Iubire"},"content":{"rendered":"<p><strong>(Seticereus icosgonus) <\/strong><\/p>\n<p><em>Aceast\u0103 specie de cactus t\u00e2r\u00e2tor cu spinii galben-verzui deschis \u0219i este originar\u0103 din nordul Ecuadorului \u0219i Peru. Poate fi g\u0103sit la 2000 m \u00een\u0103l\u021bime cresc\u00e2nd \u00een grupuri chiar \u0219i \u00een partea de vest a Anzilor. La sf\u00e2r\u0219itul lunii martie artificiile florilor sale se aprind: apar flori de nuan\u021be intense de la tonuri de portocaliu la ro\u0219u. \u00cen locul s\u0103u de origine este considerat &#8222;cactusul familial&#8221;, deoarece, cum am men\u021bionat tr\u0103ie\u0219te \u00een grupuri.<\/em><\/p>\n<p><strong><em>Efectul Esen\u021bei : <\/em><\/strong>Esen\u021ba Cactusului Iubire ac\u021bioneaz\u0103 asupra Chakrei a-II-a. Vom \u00eenv\u0103\u021ba s\u0103 fim siguri de puterile noastre creatoare \u0219i le utiliz\u0103m at\u00e2t \u00een beneficiul nostru c\u00e2t \u0219i al celorlal\u021bi.<\/p>\n<p><strong><em>Efectul Esen\u021bei la Nivel Fizic: <\/em><\/strong>Esen\u021ba ofer\u0103 stabilitate \u0219i protec\u021bie energetic\u0103 asupra sexualit\u0103\u021bii noastre. Ne ajut\u0103 s\u0103 fim mai con\u0219tien\u021bi de energia sexual\u0103 \u0219i totodat\u0103, ne ofer\u0103 impulsuri stimulative. Stimuleaz\u0103 cordialitatea \u0219i ne ajut\u0103 s\u0103 experiment\u0103m o uniune complet\u0103 \u00een sexualitate prin conexiune cu Chakra a-IV-a. Totodat\u0103, \u00eent\u0103re\u0219te la nivel energetic g\u00e2tul \u0219i ceafa \u0219i stimuleaz\u0103 capacitatea de a ne g\u0103si ritmul armonic de adaptare \u0219i eliberare.<\/p>\n<p><strong><em>Efectul Esen\u021bei la Nivel Emo\u021bional: <\/em><\/strong>Cei care sunt percepu\u021bi \u00een mare m\u0103sur\u0103 ca o &#8222;ma\u0219in\u0103 rulant\u0103&#8221; pot avea o experien\u021b\u0103 de via\u021b\u0103 nou\u0103 prin intermediul esen\u021bei. Ne \u00eenva\u021b\u0103 s\u0103 g\u0103sim echilibrul perfect \u0219i s\u0103 avem o rela\u021bie asumat\u0103 cu energia creatoare. Fericirea se va trezi \u00een noi. Ne vom sim\u021bi \u0219i vom tr\u0103i propria sexualitatea \u0219i ne vom putea bucura de copilului interior. Esen\u021ba stimuleaz\u0103 armonia din cadrul societ\u0103\u021bii \u0219i al familiei \u00een r\u00e2ndul tinerilor \u0219i al celor v\u00e2rstnici. Emo\u021biile adunate g\u0103sesc noi modalit\u0103\u021bi de exprimare, ce trebuie tr\u0103ite \u0219i descompuse.<\/p>\n<p><strong><em>Efectul Esen\u021bei la Nivel Mental: <\/em><\/strong>Totodat\u0103, \u00eenr\u0103d\u0103cinarea, for\u021ba interioar\u0103 \u0219i protec\u021bia sunt elemente importante care contribuie la energia noastr\u0103 mental\u0103. Esen\u021ba deschide o u\u0219\u0103 spre evolu\u021bia mental\u0103, permi\u021b\u00e2nd apari\u021bia \u0219i dezvoltarea g\u00e2ndurilor creative \u00een noi \u00een\u0219ine. Integritatea noastr\u0103 se va valida \u00een fa\u021ba celorlalte persoane, deoarece for\u021ba noastr\u0103 mental\u0103 \u0219i creativitatea noastr\u0103 sunt clare \u0219i stabile.<\/p>\n<p><strong><em>Efectul Esen\u021bei la Nivel Spiritual: <\/em><\/strong>Esen\u021ba ne va \u00eenv\u0103\u021ba s\u0103 oferim atunci c\u00e2nd primim \u0219i s\u0103 primim atunci c\u00e2nd oferim. Vom ob\u021bine un echilibru perfect \u00een rela\u021biile noastre cu ceilal\u021bi. Energia noastr\u0103 poate curge \u0219i se poate contopi f\u0103r\u0103 s\u0103 dispar\u0103. La nivel spiritual, ne vom percepe pe noi \u00een\u0219ine ca o unitate u\u0219oar\u0103 \u00een contact cu Sinele Superior.<\/p>\n<p><strong><em>Afirma\u021bia: <\/em><\/strong>\u00cemi place iubirea, creativitatea \u0219i fericirea mea. Via\u021ba mea este \u00eensorit\u0103.<\/p>\n","protected":false},"excerpt":{"rendered":"<p>(Seticereus icosgonus) Aceast\u0103 specie de cactus t\u00e2r\u00e2tor cu spinii galben-verzui deschis \u0219i este originar\u0103 din nordul Ecuadorului \u0219i Peru. Poate fi g\u0103sit la 2000 m \u00een\u0103l\u021bime cresc\u00e2nd \u00een grupuri chiar \u0219i \u00een partea de vest a Anzilor. La sf\u00e2r\u0219itul lunii martie artificiile florilor sale se aprind: apar flori de nuan\u021be intense de la tonuri de &hellip; <a href=\"https:\/\/esentevibrationale.com\/?product=love-cactus-cactusul-iubire\" class=\"more-link\">Continu\u0103 lectura <span class=\"screen-reader-text\">Love Cactus \/ Cactusul Iubire<\/span> <span class=\"meta-nav\">&rarr;<\/span><\/a><\/p>\n","protected":false},"featured_media":13195,"template":"","meta":[],"product_brand":[],"product_cat":[41],"product_tag":[],"class_list":{"0":"post-1292","1":"product","2":"type-product","3":"status-publish","4":"has-post-thumbnail","6":"product_cat-esente-de-cactus","7":"pa_size-15ml","8":"pa_size-30ml","10":"first","11":"instock","12":"shipping-taxable","13":"purchasable","14":"product-type-variable","15":"has-default-attributes"},"_links":{"self":[{"href":"https:\/\/esentevibrationale.com\/index.php?rest_route=\/wp\/v2\/product\/1292","targetHints":{"allow":["GET"]}}],"collection":[{"href":"https:\/\/esentevibrationale.com\/index.php?rest_route=\/wp\/v2\/product"}],"about":[{"href":"https:\/\/esentevibrationale.com\/index.php?rest_route=\/wp\/v2\/types\/product"}],"wp:featuredmedia":[{"embeddable":true,"href":"https:\/\/esentevibrationale.com\/index.php?rest_route=\/wp\/v2\/media\/13195"}],"wp:attachment":[{"href":"https:\/\/esentevibrationale.com\/index.php?rest_route=%2Fwp%2Fv2%2Fmedia&parent=1292"}],"wp:term":[{"taxonomy":"product_brand","embeddable":true,"href":"https:\/\/esentevibrationale.com\/index.php?rest_route=%2Fwp%2Fv2%2Fproduct_brand&post=1292"},{"taxonomy":"product_cat","embeddable":true,"href":"https:\/\/esentevibrationale.com\/index.php?rest_route=%2Fwp%2Fv2%2Fproduct_cat&post=1292"},{"taxonomy":"product_tag","embeddable":true,"href":"https:\/\/esentevibrationale.com\/index.php?rest_route=%2Fwp%2Fv2%2Fproduct_tag&post=1292"}],"curies":[{"name":"wp","href":"https:\/\/api.w.org\/{rel}","templated":true}]}}