{"id":1296,"date":"2018-11-05T17:58:45","date_gmt":"2018-11-05T16:58:45","guid":{"rendered":"http:\/\/phiessences.com\/Romania\/?post_type=product&#038;p=1296"},"modified":"2026-01-02T09:53:37","modified_gmt":"2026-01-02T07:53:37","slug":"1nobel-heart-cactus-cactusul-inima-nobila","status":"publish","type":"product","link":"https:\/\/esentevibrationale.com\/?product=1nobel-heart-cactus-cactusul-inima-nobila","title":{"rendered":"Nobel Heart Cactus \/ Cactusul Inim\u0103 Nobil\u0103"},"content":{"rendered":"<p><strong>\u00a0(<\/strong><strong>Stenocereus marginatus<\/strong><strong>)<\/strong><\/p>\n<p><em>De obicei se g\u0103se\u0219te \u00een Mexic form\u00e2nd un gard viu, o misiune perfect\u0103 pentru cei 4 m \u00een\u0103l\u021bime ai s\u0103i. Totodat\u0103, este utilizat ca materie prim\u0103 pentru a produce p\u0103l\u0103riile tradi\u021bionale din aceast\u0103 zon\u0103. Acest cactus cre\u0219te form\u00e2nd coaste foarte drepte, de aceea se mai nume\u0219te \u0219i <\/em>marginatus. <em>Nu prezint\u0103 mereu spini, dar atunci c\u00e2nd se \u00eent\u00e2mpl\u0103 <i>ace\u0219tia<\/i> sunt a\u0219eza\u021bi printre areole. Florile sale verzi se deschid noaptea.<\/em><\/p>\n<p><strong><em>Efectul Esen\u021bei: <\/em><\/strong>Esen\u021ba Cactusului Inim\u0103 Nobil\u0103 promoveaz\u0103 atitudinea noastr\u0103 interioar\u0103 de \u00eendreptare, de exemplu: dup\u0103 perioadele dificile. Aceast\u0103 atitudine interioar\u0103 ofer\u0103 sprijin energetic coloanei vertebrale \u0219i ajut\u0103 la deschiderea sincer\u0103 a inimii.<\/p>\n<p><strong><em>Efectul Esen\u021bei la Nivel Fizic: <\/em><\/strong>Calitatea esen\u021bei, care ne face s\u0103 ne deschidem inimile, va ac\u021biona pozitiv asupra oric\u0103ror problemele ale Chakrei Inimii, derivate din stres, frici, \u00eengrijor\u0103ri, presiune, durere \u0219i a\u0219a mai departe. Esen\u021ba ne \u00eendreapt\u0103 \u0219i vom sim\u021bi aceea\u0219i energie ac\u021bion\u00e2nd asupra coloanei vertebrale. Corecteaz\u0103 devia\u021biile la nivel energetic \u0219i ofer\u0103 o protec\u021bie eteric\u0103 coloanei vertebrale. Cu aceast\u0103 esen\u021ba <span class=\"Y2IQFc\" lang=\"ro\">ne putem \u00een\u0103l\u021ba pe noi \u00een\u0219ine \u00een interio<\/span>r.<\/p>\n<p><strong><em>Efectul Esen\u021bei la Nivel Emo\u021bional: <\/em><\/strong>Inima noastr\u0103 deschis\u0103 ne va permite s\u0103 primim fericire \u0219i iubire. Ne putem elibera de emo\u021biile negative \u0219i s\u0103 ne dezvolt\u0103m calit\u0103\u021bile inimii, cum ar fi compasiunea, \u00een\u021belegerea \u0219i iubirea. \u00cen acela\u0219i timp, esen\u021ba este util\u0103 pentru inim\u0103 rece,deoarece ajut\u0103 la dezghe\u021barea cubului de ghea\u021b\u0103. Cu esen\u021ba, &#8222;b\u0103ie\u021bii duri&#8221; vor fi con\u0219tien\u021bi de deschiderea care se ascunde \u00een inimile lor. <span class=\"Y2IQFc\" lang=\"ro\">Exprimarea emo\u021bional\u0103 este \u00eent\u0103rit\u0103 la fel ca \u0219i sinceritatea care vine din inim\u0103.<\/span><\/p>\n<p><strong><em>Efectul Esen\u021bei la Nivel Mental: <\/em><\/strong>Aceast\u0103 esen\u021b\u0103 stimuleaz\u0103 \u00eendreptarea inimii, care este totodat\u0103 reflectat\u0103 \u00een planul mental. G\u00e2ndurile noastre vor fi mai sincere, mai \u00eencrez\u0103toare \u0219i vom putea fi fideli ideilor \u0219i planurilor noastre.<\/p>\n<p><strong><em>Efectul Esen\u021bei la Nivel Spiritual: <\/em><\/strong>Oscila\u021biile iubirii \u0219i protec\u021biei ale acestei esen\u021be, ne vor ghida \u00een evolu\u021bia noastr\u0103 spiritual\u0103. Vom putea fi siguri de noi \u00een\u0219ine, \u00een timp ce ne decidem atitudinea interioar\u0103, de exemplu: dup\u0103 schimbarea orient\u0103rii spirituale.<\/p>\n<p><strong><em>Afirma\u021bia: <\/em><\/strong>M\u0103 \u00eendrept \u0219i prin for\u021ba atitudinii mele mi se deschide inima.<\/p>\n","protected":false},"excerpt":{"rendered":"<p>\u00a0(Stenocereus marginatus) De obicei se g\u0103se\u0219te \u00een Mexic form\u00e2nd un gard viu, o misiune perfect\u0103 pentru cei 4 m \u00een\u0103l\u021bime ai s\u0103i. Totodat\u0103, este utilizat ca materie prim\u0103 pentru a produce p\u0103l\u0103riile tradi\u021bionale din aceast\u0103 zon\u0103. Acest cactus cre\u0219te form\u00e2nd coaste foarte drepte, de aceea se mai nume\u0219te \u0219i marginatus. Nu prezint\u0103 mereu spini, dar &hellip; <a href=\"https:\/\/esentevibrationale.com\/?product=1nobel-heart-cactus-cactusul-inima-nobila\" class=\"more-link\">Continu\u0103 lectura <span class=\"screen-reader-text\">Nobel Heart Cactus \/ Cactusul Inim\u0103 Nobil\u0103<\/span> <span class=\"meta-nav\">&rarr;<\/span><\/a><\/p>\n","protected":false},"featured_media":1299,"template":"","meta":[],"product_brand":[],"product_cat":[41],"product_tag":[],"class_list":{"0":"post-1296","1":"product","2":"type-product","3":"status-publish","4":"has-post-thumbnail","6":"product_cat-esente-de-cactus","7":"pa_size-15ml","8":"pa_size-30ml","10":"first","11":"instock","12":"shipping-taxable","13":"purchasable","14":"product-type-variable","15":"has-default-attributes"},"_links":{"self":[{"href":"https:\/\/esentevibrationale.com\/index.php?rest_route=\/wp\/v2\/product\/1296","targetHints":{"allow":["GET"]}}],"collection":[{"href":"https:\/\/esentevibrationale.com\/index.php?rest_route=\/wp\/v2\/product"}],"about":[{"href":"https:\/\/esentevibrationale.com\/index.php?rest_route=\/wp\/v2\/types\/product"}],"wp:featuredmedia":[{"embeddable":true,"href":"https:\/\/esentevibrationale.com\/index.php?rest_route=\/wp\/v2\/media\/1299"}],"wp:attachment":[{"href":"https:\/\/esentevibrationale.com\/index.php?rest_route=%2Fwp%2Fv2%2Fmedia&parent=1296"}],"wp:term":[{"taxonomy":"product_brand","embeddable":true,"href":"https:\/\/esentevibrationale.com\/index.php?rest_route=%2Fwp%2Fv2%2Fproduct_brand&post=1296"},{"taxonomy":"product_cat","embeddable":true,"href":"https:\/\/esentevibrationale.com\/index.php?rest_route=%2Fwp%2Fv2%2Fproduct_cat&post=1296"},{"taxonomy":"product_tag","embeddable":true,"href":"https:\/\/esentevibrationale.com\/index.php?rest_route=%2Fwp%2Fv2%2Fproduct_tag&post=1296"}],"curies":[{"name":"wp","href":"https:\/\/api.w.org\/{rel}","templated":true}]}}