{"id":12987,"date":"2020-09-24T17:52:18","date_gmt":"2020-09-24T14:52:18","guid":{"rendered":"https:\/\/esentevibrationale.com\/?post_type=product&#038;p=12987"},"modified":"2026-01-02T06:58:39","modified_gmt":"2026-01-02T04:58:39","slug":"esenta-oceanului-nr-2","status":"publish","type":"product","link":"https:\/\/esentevibrationale.com\/?product=esenta-oceanului-nr-2","title":{"rendered":"2. Ocean Essence No. 2 \/ Esen\u0163\u0103 Oceanic\u0103 Nr. 2"},"content":{"rendered":"<p>Esen\u0163a are un e<span lang=\"ro\">fect de protec\u021bie energetic pentru celulele noastre \u0219i \u00eent\u0103re\u0219te func\u021bia de protec\u021bie a corpului nostru luminos. Ne conecteaz\u0103 cu for\u021ba elementar\u0103. Ne ajut\u0103 s\u0103 parcurgem \u201ef\u0103r\u0103 probleme\u201d via\u021ba. Ne face mai flexibili \u0219i mai adaptabili \u00een interior. Are efect energetic asupra Chakrei a-II-a, calmeaz\u0103, relaxeaz\u0103, amelioreaz\u0103 tensiunea, are un efect relaxant asupra m\u00e2inilor \u0219i picioarelor \u0219i neteze\u0219te pielea fe\u021bei.<\/span><\/p>\n","protected":false},"excerpt":{"rendered":"<p>Esen\u0163a are un efect de protec\u021bie energetic pentru celulele noastre \u0219i \u00eent\u0103re\u0219te func\u021bia de protec\u021bie a corpului nostru luminos. Ne conecteaz\u0103 cu for\u021ba elementar\u0103. Ne ajut\u0103 s\u0103 parcurgem \u201ef\u0103r\u0103 probleme\u201d via\u021ba. Ne face mai flexibili \u0219i mai adaptabili \u00een interior. Are efect energetic asupra Chakrei a-II-a, calmeaz\u0103, relaxeaz\u0103, amelioreaz\u0103 tensiunea, are un efect relaxant asupra &hellip; <a href=\"https:\/\/esentevibrationale.com\/?product=esenta-oceanului-nr-2\" class=\"more-link\">Continu\u0103 lectura <span class=\"screen-reader-text\">2. Ocean Essence No. 2 \/ Esen\u0163\u0103 Oceanic\u0103 Nr. 2<\/span> <span class=\"meta-nav\">&rarr;<\/span><\/a><\/p>\n","protected":false},"featured_media":12988,"template":"","meta":[],"product_brand":[],"product_cat":[72],"product_tag":[],"class_list":{"0":"post-12987","1":"product","2":"type-product","3":"status-publish","4":"has-post-thumbnail","6":"product_cat-esentele-ocenului","7":"pa_size-15ml","8":"pa_size-30ml","10":"first","11":"instock","12":"shipping-taxable","13":"purchasable","14":"product-type-variable","15":"has-default-attributes"},"_links":{"self":[{"href":"https:\/\/esentevibrationale.com\/index.php?rest_route=\/wp\/v2\/product\/12987","targetHints":{"allow":["GET"]}}],"collection":[{"href":"https:\/\/esentevibrationale.com\/index.php?rest_route=\/wp\/v2\/product"}],"about":[{"href":"https:\/\/esentevibrationale.com\/index.php?rest_route=\/wp\/v2\/types\/product"}],"wp:featuredmedia":[{"embeddable":true,"href":"https:\/\/esentevibrationale.com\/index.php?rest_route=\/wp\/v2\/media\/12988"}],"wp:attachment":[{"href":"https:\/\/esentevibrationale.com\/index.php?rest_route=%2Fwp%2Fv2%2Fmedia&parent=12987"}],"wp:term":[{"taxonomy":"product_brand","embeddable":true,"href":"https:\/\/esentevibrationale.com\/index.php?rest_route=%2Fwp%2Fv2%2Fproduct_brand&post=12987"},{"taxonomy":"product_cat","embeddable":true,"href":"https:\/\/esentevibrationale.com\/index.php?rest_route=%2Fwp%2Fv2%2Fproduct_cat&post=12987"},{"taxonomy":"product_tag","embeddable":true,"href":"https:\/\/esentevibrationale.com\/index.php?rest_route=%2Fwp%2Fv2%2Fproduct_tag&post=12987"}],"curies":[{"name":"wp","href":"https:\/\/api.w.org\/{rel}","templated":true}]}}