{"id":13048,"date":"2020-09-24T19:50:57","date_gmt":"2020-09-24T16:50:57","guid":{"rendered":"https:\/\/esentevibrationale.com\/?post_type=product&#038;p=13048"},"modified":"2024-12-23T18:11:09","modified_gmt":"2024-12-23T16:11:09","slug":"221-fischen-ammersee-d-2020-fischen-ammersee-germania-2020","status":"publish","type":"product","link":"https:\/\/esentevibrationale.com\/?product=221-fischen-ammersee-d-2020-fischen-ammersee-germania-2020","title":{"rendered":"221.) Fischen Ammersee, D 2020 \/ Fischen Ammersee, Germania 2020"},"content":{"rendered":"<p><img loading=\"lazy\" decoding=\"async\" class=\"alignnone size-medium wp-image-13875\" src=\"https:\/\/esentevibrationale.com\/wp-content\/uploads\/2020\/09\/221-4-101x300.jpg\" alt=\"\" width=\"101\" height=\"300\" srcset=\"https:\/\/esentevibrationale.com\/wp-content\/uploads\/2020\/09\/221-4-101x300.jpg 101w, https:\/\/esentevibrationale.com\/wp-content\/uploads\/2020\/09\/221-4-515x1536.jpg 515w, https:\/\/esentevibrationale.com\/wp-content\/uploads\/2020\/09\/221-4-300x895.jpg 300w, https:\/\/esentevibrationale.com\/wp-content\/uploads\/2020\/09\/221-4.jpg 641w\" sizes=\"auto, (max-width: 101px) 100vw, 101px\" \/><\/p>\n<p>Cercul de culturi a ap\u0103rut \u00een Fischen Ammersee. \u00cen vremuri de confuzie, aceast\u0103 esen\u021b\u0103 ne ajut\u0103 s\u0103 ne concentr\u0103m, s\u0103 ne \u00eencredem complet \u00een Dumnezeu, s\u0103 recunoa\u0219tem dificult\u0103\u021bile \u0219i s\u0103 p\u0103str\u0103m o imagine de ansamblu din mijlocul nostru \u0219i s\u0103 g\u0103sim g\u00e2nduri \u0219i solu\u021bii clare. Din calm, tragem puterea de a merge cu claritate .<\/p>\n<p>Foto: PHI Essences<\/p>\n","protected":false},"excerpt":{"rendered":"<p>Cercul de culturi a ap\u0103rut \u00een Fischen Ammersee. \u00cen vremuri de confuzie, aceast\u0103 esen\u021b\u0103 ne ajut\u0103 s\u0103 ne concentr\u0103m, s\u0103 ne \u00eencredem complet \u00een Dumnezeu, s\u0103 recunoa\u0219tem dificult\u0103\u021bile \u0219i s\u0103 p\u0103str\u0103m o imagine de ansamblu din mijlocul nostru \u0219i s\u0103 g\u0103sim g\u00e2nduri \u0219i solu\u021bii clare. Din calm, tragem puterea de a merge cu claritate . &hellip; <a href=\"https:\/\/esentevibrationale.com\/?product=221-fischen-ammersee-d-2020-fischen-ammersee-germania-2020\" class=\"more-link\">Continu\u0103 lectura <span class=\"screen-reader-text\">221.) Fischen Ammersee, D 2020 \/ Fischen Ammersee, Germania 2020<\/span> <span class=\"meta-nav\">&rarr;<\/span><\/a><\/p>\n","protected":false},"featured_media":13052,"template":"","meta":[],"product_brand":[],"product_cat":[54],"product_tag":[],"class_list":{"0":"post-13048","1":"product","2":"type-product","3":"status-publish","4":"has-post-thumbnail","6":"product_cat-esentele-crete-cu-ajutorul-energiei-cercurilor-aparute-in-lanurile-de-recolte","7":"pa_size-15ml","8":"pa_size-30ml","10":"first","11":"instock","12":"shipping-taxable","13":"purchasable","14":"product-type-variable","15":"has-default-attributes"},"_links":{"self":[{"href":"https:\/\/esentevibrationale.com\/index.php?rest_route=\/wp\/v2\/product\/13048","targetHints":{"allow":["GET"]}}],"collection":[{"href":"https:\/\/esentevibrationale.com\/index.php?rest_route=\/wp\/v2\/product"}],"about":[{"href":"https:\/\/esentevibrationale.com\/index.php?rest_route=\/wp\/v2\/types\/product"}],"wp:featuredmedia":[{"embeddable":true,"href":"https:\/\/esentevibrationale.com\/index.php?rest_route=\/wp\/v2\/media\/13052"}],"wp:attachment":[{"href":"https:\/\/esentevibrationale.com\/index.php?rest_route=%2Fwp%2Fv2%2Fmedia&parent=13048"}],"wp:term":[{"taxonomy":"product_brand","embeddable":true,"href":"https:\/\/esentevibrationale.com\/index.php?rest_route=%2Fwp%2Fv2%2Fproduct_brand&post=13048"},{"taxonomy":"product_cat","embeddable":true,"href":"https:\/\/esentevibrationale.com\/index.php?rest_route=%2Fwp%2Fv2%2Fproduct_cat&post=13048"},{"taxonomy":"product_tag","embeddable":true,"href":"https:\/\/esentevibrationale.com\/index.php?rest_route=%2Fwp%2Fv2%2Fproduct_tag&post=13048"}],"curies":[{"name":"wp","href":"https:\/\/api.w.org\/{rel}","templated":true}]}}