{"id":13064,"date":"2020-10-26T15:44:35","date_gmt":"2020-10-26T13:44:35","guid":{"rendered":"https:\/\/esentevibrationale.com\/?post_type=product&#038;p=13064"},"modified":"2026-03-11T04:54:31","modified_gmt":"2026-03-11T02:54:31","slug":"pandantiv-stabilitate-energetica","status":"publish","type":"product","link":"https:\/\/esentevibrationale.com\/?product=pandantiv-stabilitate-energetica","title":{"rendered":"Pandantiv Stabilitate Energetic\u0103"},"content":{"rendered":"<p>Acest pandantiv realizat manual ne ofer\u0103 cea mai bun\u0103 protec\u021bie energetic\u0103, ne activeaz\u0103 puterile de auto-vindecare \u0219i ne promoveaz\u0103 echilibrul energetic \u0219i pacea interioar\u0103.<\/p>\n<p>Nu este potrivit pentru copii sub 10 ani.<\/p>\n<p>Toate pandantivele PHI sunt realizate manual prin tehnica de suflare a sticlei, care dateaz\u0103 din secolul al IV-lea \u00een Germania.<\/p>\n<p>&nbsp;<\/p>\n","protected":false},"excerpt":{"rendered":"<p>Acest pandantiv realizat manual ne ofer\u0103 cea mai bun\u0103 protec\u021bie energetic\u0103, ne activeaz\u0103 puterile de auto-vindecare \u0219i ne promoveaz\u0103 echilibrul energetic \u0219i pacea interioar\u0103. Nu este potrivit pentru copii sub 10 ani. Toate pandantivele PHI sunt realizate manual prin tehnica de suflare a sticlei, care dateaz\u0103 din secolul al IV-lea \u00een Germania. &nbsp;<\/p>\n","protected":false},"featured_media":13065,"template":"","meta":[],"product_brand":[],"product_cat":[39],"product_tag":[],"class_list":{"0":"post-13064","1":"product","2":"type-product","3":"status-publish","4":"has-post-thumbnail","6":"product_cat-pandantive","8":"first","9":"instock","10":"shipping-taxable","11":"purchasable","12":"product-type-simple"},"_links":{"self":[{"href":"https:\/\/esentevibrationale.com\/index.php?rest_route=\/wp\/v2\/product\/13064","targetHints":{"allow":["GET"]}}],"collection":[{"href":"https:\/\/esentevibrationale.com\/index.php?rest_route=\/wp\/v2\/product"}],"about":[{"href":"https:\/\/esentevibrationale.com\/index.php?rest_route=\/wp\/v2\/types\/product"}],"wp:featuredmedia":[{"embeddable":true,"href":"https:\/\/esentevibrationale.com\/index.php?rest_route=\/wp\/v2\/media\/13065"}],"wp:attachment":[{"href":"https:\/\/esentevibrationale.com\/index.php?rest_route=%2Fwp%2Fv2%2Fmedia&parent=13064"}],"wp:term":[{"taxonomy":"product_brand","embeddable":true,"href":"https:\/\/esentevibrationale.com\/index.php?rest_route=%2Fwp%2Fv2%2Fproduct_brand&post=13064"},{"taxonomy":"product_cat","embeddable":true,"href":"https:\/\/esentevibrationale.com\/index.php?rest_route=%2Fwp%2Fv2%2Fproduct_cat&post=13064"},{"taxonomy":"product_tag","embeddable":true,"href":"https:\/\/esentevibrationale.com\/index.php?rest_route=%2Fwp%2Fv2%2Fproduct_tag&post=13064"}],"curies":[{"name":"wp","href":"https:\/\/api.w.org\/{rel}","templated":true}]}}