{"id":13069,"date":"2020-10-29T09:27:58","date_gmt":"2020-10-29T07:27:58","guid":{"rendered":"https:\/\/esentevibrationale.com\/?post_type=product&#038;p=13069"},"modified":"2025-12-30T19:28:35","modified_gmt":"2025-12-30T17:28:35","slug":"5-ad-5-rq7","status":"publish","type":"product","link":"https:\/\/esentevibrationale.com\/?product=5-ad-5-rq7","title":{"rendered":"5. AD &#8211; 5 RQ7"},"content":{"rendered":"<p>O combina\u0163ie de \u015fapte esen\u0163e florale (Star of Betlehem, Rock Rose, Impatience, Clemantis \u015fi Cherry Plum, SelfHeal \u015fi Lotus), pentru a activa puterile de auto-vindecare ale corpului nostru, pentru a calma, a restabili echilibrul interior \u015fi armonia.<\/p>\n","protected":false},"excerpt":{"rendered":"<p>O combina\u0163ie de \u015fapte esen\u0163e florale (Star of Betlehem, Rock Rose, Impatience, Clemantis \u015fi Cherry Plum, SelfHeal \u015fi Lotus), pentru a activa puterile de auto-vindecare ale corpului nostru, pentru a calma, a restabili echilibrul interior \u015fi armonia.<\/p>\n","protected":false},"featured_media":13070,"template":"","meta":[],"product_brand":[],"product_cat":[56],"product_tag":[],"class_list":{"0":"post-13069","1":"product","2":"type-product","3":"status-publish","4":"has-post-thumbnail","6":"product_cat-esente-de-renuntare-la-fumat","7":"pa_size-15ml","8":"pa_size-30ml","10":"first","11":"instock","12":"shipping-taxable","13":"purchasable","14":"product-type-variable","15":"has-default-attributes"},"_links":{"self":[{"href":"https:\/\/esentevibrationale.com\/index.php?rest_route=\/wp\/v2\/product\/13069","targetHints":{"allow":["GET"]}}],"collection":[{"href":"https:\/\/esentevibrationale.com\/index.php?rest_route=\/wp\/v2\/product"}],"about":[{"href":"https:\/\/esentevibrationale.com\/index.php?rest_route=\/wp\/v2\/types\/product"}],"wp:featuredmedia":[{"embeddable":true,"href":"https:\/\/esentevibrationale.com\/index.php?rest_route=\/wp\/v2\/media\/13070"}],"wp:attachment":[{"href":"https:\/\/esentevibrationale.com\/index.php?rest_route=%2Fwp%2Fv2%2Fmedia&parent=13069"}],"wp:term":[{"taxonomy":"product_brand","embeddable":true,"href":"https:\/\/esentevibrationale.com\/index.php?rest_route=%2Fwp%2Fv2%2Fproduct_brand&post=13069"},{"taxonomy":"product_cat","embeddable":true,"href":"https:\/\/esentevibrationale.com\/index.php?rest_route=%2Fwp%2Fv2%2Fproduct_cat&post=13069"},{"taxonomy":"product_tag","embeddable":true,"href":"https:\/\/esentevibrationale.com\/index.php?rest_route=%2Fwp%2Fv2%2Fproduct_tag&post=13069"}],"curies":[{"name":"wp","href":"https:\/\/api.w.org\/{rel}","templated":true}]}}