{"id":1316,"date":"2018-11-12T07:36:06","date_gmt":"2018-11-12T06:36:06","guid":{"rendered":"http:\/\/phiessences.com\/Romania\/?post_type=product&#038;p=1316"},"modified":"2026-01-03T18:48:25","modified_gmt":"2026-01-03T16:48:25","slug":"japanise-rose","status":"publish","type":"product","link":"https:\/\/esentevibrationale.com\/?product=japanise-rose","title":{"rendered":"Japanise Rose \/ Trandafir Japonez"},"content":{"rendered":"<p><strong>(Rosa roxburghii)<\/strong><\/p>\n<p><em>Trandafirul Japonez a fost pentru prima dat\u0103 cultivat \u00een anul 1840 \u0219i are o floare roz delicat\u0103 cu multe petale fine, care \u00eenf\u0103\u0219oar\u0103 o gr\u0103mad\u0103 de tulpini galbene \u00een interior. Trandafirul, rezistent la iarn\u0103, dezvolt\u0103 m\u0103ce\u0219e mari de trandafir, care sunt bogate \u00een vitamina C \u0219i arat\u0103 ca ni\u0219te castane mici sau stele de diminea\u021b\u0103. Av\u00e2nd \u00een vedere efectul s\u0103u, Trandafirul Japonez este similar cu Wild Rose (M\u0103ce\u0219ul) Dr. Bach.<\/em><\/p>\n<p><strong><em>Efectul Esen\u021bei: <\/em><\/strong>Aceasta esen\u021b\u0103 ofer\u0103 modestie \u0219i smerenie \u00een iubire. Ne ajut\u0103 s\u0103 ne construim speran\u021ba \u00een iubire \u00een timpul vie\u021bii, practic\u00e2nd modera\u021bia \u0219i sensibilitatea \u0219i s\u0103 ne ar\u0103t\u0103m &#8222;spinii&#8221; doar c\u00e2nd este necesar. Darul nostru este de a experimenta sentimentul minunat, c\u0103 dragostea altruist\u0103, pe care o radiem, este returnat\u0103 la noi \u00een multe feluri.<\/p>\n<p><strong><em>Efectul Esen\u021bei la Nivel Fizic: <\/em><\/strong>A\u0219tept\u0103rile celorlal\u021bi exagerate (de exemplu: partenerul nostru), perfec\u021bionismul \u0219i presiunea impus\u0103 de tine, ner\u0103bdarea, dar \u0219i lipsa de speran\u021b\u0103 pot fi exprimate \u00een simptome corporale. Aici esen\u021ba Trandafirului Japonez va exercita asupra noastr\u0103 un efect benefic \u0219i de echilibrare energetic\u0103.<\/p>\n<p><strong><em>Efectul Esen\u021bei la Nivel Emo\u021bional: <\/em><\/strong>Sentimentul de nedreptate \u0219i disperare \u00een ceea ce prive\u0219te viitorul personal experimenteaz\u0103 un &#8222;fascicul de lumin\u0103&#8221; subtil cu sprijinul acestei esen\u021be. Esen\u021ba ajut\u0103 la dezvoltarea unei noi energii cardiace, pe care o vom transmite celorlal\u021bi sub form\u0103 de c\u0103ldur\u0103, simpatie, afec\u021biune \u0219i deschidere, iar noi \u00een schimb experiment\u0103m aceast\u0103 energie de dragoste. Acest lucru face posibil\u0103 eliberarea emo\u021biilor stresante \u0219i ob\u021binerea unei baze noi de senza\u021bii.<\/p>\n<p><strong><em>Efectul Esen\u021bei la Nivel Mental: <\/em><\/strong>Aceast\u0103 esen\u021b\u0103 ne poate oferi suportul \u00een procesele mentale de separare de vechile obiceiuri comportamentale (l\u0103comie, egoism, dependen\u021b\u0103, auto-evaluare excesiv\u0103, am\u0103r\u0103ciune, cinism, etc.). Promoveaz\u0103 disponibilitatea de a ne g\u00e2ndi la noi \u00een\u0219ine \u0219i ajut\u0103 ca ideile \u0219i perspectivele s\u0103 poat\u0103 fi puse \u00een aplicare cu drag \u00een via\u021ba cotidian\u0103.<\/p>\n<p><strong><em>Efectul Esen\u021bei la Nivel Spiritual: <\/em><\/strong>Trandafirul Japonez \u00eent\u0103re\u0219te puterea speran\u021bei \u00een noi \u0219i astfel, deschide calea spiritual\u0103 a \u00eencrederii, mul\u021bumirii, r\u0103bd\u0103rii \u0219i modera\u021biei. &#8222;Brusc&#8221; vom putea experimenta \u0219i ulterior vom accepta \u0219i onora cu recuno\u0219tin\u021b\u0103 darul de dragoste al destinului.<\/p>\n<p><strong><em>Afirma\u021bia: <\/em><\/strong>Las speran\u021ba s\u0103 intre \u00een inima mea \u0219i s\u0103 transmit aceast\u0103 putere ca iubire.<\/p>\n","protected":false},"excerpt":{"rendered":"<p>(Rosa roxburghii) Trandafirul Japonez a fost pentru prima dat\u0103 cultivat \u00een anul 1840 \u0219i are o floare roz delicat\u0103 cu multe petale fine, care \u00eenf\u0103\u0219oar\u0103 o gr\u0103mad\u0103 de tulpini galbene \u00een interior. Trandafirul, rezistent la iarn\u0103, dezvolt\u0103 m\u0103ce\u0219e mari de trandafir, care sunt bogate \u00een vitamina C \u0219i arat\u0103 ca ni\u0219te castane mici sau stele &hellip; <a href=\"https:\/\/esentevibrationale.com\/?product=japanise-rose\" class=\"more-link\">Continu\u0103 lectura <span class=\"screen-reader-text\">Japanise Rose \/ Trandafir Japonez<\/span> <span class=\"meta-nav\">&rarr;<\/span><\/a><\/p>\n","protected":false},"featured_media":1317,"template":"","meta":[],"product_brand":[],"product_cat":[42],"product_tag":[],"class_list":{"0":"post-1316","1":"product","2":"type-product","3":"status-publish","4":"has-post-thumbnail","6":"product_cat-esente-de-trandafiri","7":"pa_size-15ml","8":"pa_size-30ml","10":"first","11":"instock","12":"shipping-taxable","13":"purchasable","14":"product-type-variable","15":"has-default-attributes"},"_links":{"self":[{"href":"https:\/\/esentevibrationale.com\/index.php?rest_route=\/wp\/v2\/product\/1316","targetHints":{"allow":["GET"]}}],"collection":[{"href":"https:\/\/esentevibrationale.com\/index.php?rest_route=\/wp\/v2\/product"}],"about":[{"href":"https:\/\/esentevibrationale.com\/index.php?rest_route=\/wp\/v2\/types\/product"}],"wp:featuredmedia":[{"embeddable":true,"href":"https:\/\/esentevibrationale.com\/index.php?rest_route=\/wp\/v2\/media\/1317"}],"wp:attachment":[{"href":"https:\/\/esentevibrationale.com\/index.php?rest_route=%2Fwp%2Fv2%2Fmedia&parent=1316"}],"wp:term":[{"taxonomy":"product_brand","embeddable":true,"href":"https:\/\/esentevibrationale.com\/index.php?rest_route=%2Fwp%2Fv2%2Fproduct_brand&post=1316"},{"taxonomy":"product_cat","embeddable":true,"href":"https:\/\/esentevibrationale.com\/index.php?rest_route=%2Fwp%2Fv2%2Fproduct_cat&post=1316"},{"taxonomy":"product_tag","embeddable":true,"href":"https:\/\/esentevibrationale.com\/index.php?rest_route=%2Fwp%2Fv2%2Fproduct_tag&post=1316"}],"curies":[{"name":"wp","href":"https:\/\/api.w.org\/{rel}","templated":true}]}}