{"id":1320,"date":"2018-11-12T07:48:31","date_gmt":"2018-11-12T06:48:31","guid":{"rendered":"http:\/\/phiessences.com\/Romania\/?post_type=product&#038;p=1320"},"modified":"2026-01-03T18:45:30","modified_gmt":"2026-01-03T16:45:30","slug":"cinnamon-rose","status":"publish","type":"product","link":"https:\/\/esentevibrationale.com\/?product=cinnamon-rose","title":{"rendered":"Cinnamon Rose \/ Trandafirul Scor\u0163i\u015foar\u0103"},"content":{"rendered":"<p><strong>(Rosa majalis) <\/strong><\/p>\n<p><em>Denumirea Trandafirului &#8222;trandafirul de mai&#8221; reafirm\u0103 perioada de \u00eenflorire timpurie, care \u00eencepe aici \u00een \u021bar\u0103 mai de grab\u0103 din iunie. Trandafirul Scor\u021bi\u0219oar\u0103 are l\u0103starii maronii, similari be\u021belor de scor\u021bi\u0219oar\u0103, de aici \u00eei provine \u0219i denumirea de &#8222;trandafir de scor\u021bi\u0219oar\u0103&#8221; \u0219i nu, a\u0219a cum se pretinde uneori c\u0103 datorit\u0103 parfumului de scor\u021bi\u0219oar\u0103 al florilor sau al frunzelor.<\/em><\/p>\n<p><strong><em>Efectul Esen\u021bei: <\/em><\/strong>Esen\u021ba Trandafirului Scor\u021bi\u0219oar\u0103 ne ajut\u0103 la trezirea speran\u021bei \u0219i bucuriei de via\u021b\u0103, chiar \u0219i \u00een situa\u021biile \u00een care nu exist\u0103 nicio ie\u0219ire.<\/p>\n<p><strong><em>Efectul Esen\u021bei la Nivel Fizic: <\/em><\/strong>C\u00e2nd disperarea, \u00eendoial\u0103, suferin\u021ba, singur\u0103tatea duc la disfunc\u021bionalit\u0103\u021bi fizice, esen\u021ba poate fi folosit\u0103. Ajut\u0103 la trezirea \u00een noi a puterii de auto -vindecare sub forma energiei interioare. Cu aceasta, vom redob\u00e2ndi speran\u021ba dragostei \u00een via\u021b\u0103, vom vedea frumuse\u021bea \u00een via\u021ba cotidian\u0103. Esen\u021ba ofer\u0103 semnalul de a g\u0103si propria cale de ie\u0219ire din calea \u00eentunecat\u0103 a vie\u021bii. Totodat\u0103, este un ajutor energetic pentru cei afla\u021bi \u00een izolare: unit\u0103\u021bi de izolare, terapie intensiv\u0103. \u00cen astfel de cazuri, esen\u021ba consolideaz\u0103 speran\u021ba \u0219i certitudinea pentru un viitor pozitiv.<\/p>\n<p><strong><em>Efectul Esen\u021bei la Nivel Emo\u021bional: <\/em><\/strong>Esen\u021ba sprijin\u0103 disperarea, triste\u021bea, grijile \u0219i singur\u0103tatea de la \u201ealunecarea\u201d \u00een profunzimi depresive sau \u00een dependen\u021be precum alcool, droguri, tablete etc. astfel \u00eenc\u00e2t s\u0103 se caute o ie\u0219ire. Poate fi folosit\u0103 ca supliment util \u00een timpul terapiei pentru diferite dependen\u021be. Promoveaz\u0103 capacitatea de a face fa\u021b\u0103 emo\u021biilor. Astfel, permite s\u0103 reduc\u0103 temerile sentimentul de r\u0103ceal\u0103 \u0219i situa\u021biile \u00eenghesuite, inclusiv claustrofobia (se recomand\u0103 s\u0103 se poarte o sticlu\u021b\u0103 cu esen\u021b\u0103), pot fi vizualizate \u00a0\u0219i rezolvate \u00eentr-o lumin\u0103 ra\u021bional\u0103 \u0219i pot fi vindecate r\u0103nile emo\u021bionale.<\/p>\n<p><strong><em>Efectul Esen\u021bei la Nivel Mental: <\/em><\/strong>C\u00e2nd noi avem sentimentul de singur\u0103tate, dezn\u0103dejde \u0219i izolare, esen\u021ba ne ajut\u0103 s\u0103 redevenim activi, s\u0103 facem un pas \u00eenainte \u0219i s\u0103 ne form\u0103m un mod pozitiv de a g\u00e2ndi spre o evolu\u021bie bun\u0103.<\/p>\n<p><strong><em>Efectul Esen\u021bei la Nivel Spiritual: <\/em><\/strong>Focul cald al Trandafirului Scor\u021bi\u0219oar\u0103 aprinde o nou\u0103 for\u021b\u0103 spiritual\u0103 \u00een noi. Ne \u00eempinge s\u0103 g\u0103sim \u00eemplinirea \u00een dragoste \u0219i rezolv\u0103 toate comportamentele &#8222;reci&#8221;, \u00eendoielile \u0219i teme- rile din noi. Are un efect puternic asupra ac\u021biunii interioare, care ne permite s\u0103 vedem lumini\u021ba de la cap\u0103tul tunelului.<\/p>\n<p><strong><em>Afirma\u021bia: <\/em><\/strong>Dorul meu de iubire \u00ee\u0219i g\u0103se\u0219te \u00eemplinirea.<\/p>\n","protected":false},"excerpt":{"rendered":"<p>(Rosa majalis) Denumirea Trandafirului &#8222;trandafirul de mai&#8221; reafirm\u0103 perioada de \u00eenflorire timpurie, care \u00eencepe aici \u00een \u021bar\u0103 mai de grab\u0103 din iunie. Trandafirul Scor\u021bi\u0219oar\u0103 are l\u0103starii maronii, similari be\u021belor de scor\u021bi\u0219oar\u0103, de aici \u00eei provine \u0219i denumirea de &#8222;trandafir de scor\u021bi\u0219oar\u0103&#8221; \u0219i nu, a\u0219a cum se pretinde uneori c\u0103 datorit\u0103 parfumului de scor\u021bi\u0219oar\u0103 al florilor &hellip; <a href=\"https:\/\/esentevibrationale.com\/?product=cinnamon-rose\" class=\"more-link\">Continu\u0103 lectura <span class=\"screen-reader-text\">Cinnamon Rose \/ Trandafirul Scor\u0163i\u015foar\u0103<\/span> <span class=\"meta-nav\">&rarr;<\/span><\/a><\/p>\n","protected":false},"featured_media":1324,"template":"","meta":[],"product_brand":[],"product_cat":[42],"product_tag":[],"class_list":{"0":"post-1320","1":"product","2":"type-product","3":"status-publish","4":"has-post-thumbnail","6":"product_cat-esente-de-trandafiri","7":"pa_size-15ml","8":"pa_size-30ml","10":"first","11":"instock","12":"shipping-taxable","13":"purchasable","14":"product-type-variable","15":"has-default-attributes"},"_links":{"self":[{"href":"https:\/\/esentevibrationale.com\/index.php?rest_route=\/wp\/v2\/product\/1320","targetHints":{"allow":["GET"]}}],"collection":[{"href":"https:\/\/esentevibrationale.com\/index.php?rest_route=\/wp\/v2\/product"}],"about":[{"href":"https:\/\/esentevibrationale.com\/index.php?rest_route=\/wp\/v2\/types\/product"}],"wp:featuredmedia":[{"embeddable":true,"href":"https:\/\/esentevibrationale.com\/index.php?rest_route=\/wp\/v2\/media\/1324"}],"wp:attachment":[{"href":"https:\/\/esentevibrationale.com\/index.php?rest_route=%2Fwp%2Fv2%2Fmedia&parent=1320"}],"wp:term":[{"taxonomy":"product_brand","embeddable":true,"href":"https:\/\/esentevibrationale.com\/index.php?rest_route=%2Fwp%2Fv2%2Fproduct_brand&post=1320"},{"taxonomy":"product_cat","embeddable":true,"href":"https:\/\/esentevibrationale.com\/index.php?rest_route=%2Fwp%2Fv2%2Fproduct_cat&post=1320"},{"taxonomy":"product_tag","embeddable":true,"href":"https:\/\/esentevibrationale.com\/index.php?rest_route=%2Fwp%2Fv2%2Fproduct_tag&post=1320"}],"curies":[{"name":"wp","href":"https:\/\/api.w.org\/{rel}","templated":true}]}}