{"id":13287,"date":"2021-08-09T10:32:21","date_gmt":"2021-08-09T07:32:21","guid":{"rendered":"https:\/\/esentevibrationale.com\/?post_type=product&#038;p=13287"},"modified":"2026-01-01T18:24:25","modified_gmt":"2026-01-01T16:24:25","slug":"ghetar","status":"publish","type":"product","link":"https:\/\/esentevibrationale.com\/?product=ghetar","title":{"rendered":"Ghe\u0163ar"},"content":{"rendered":"<p><span class=\"VIiyi\" lang=\"ro\"><span class=\"JLqJ4b ChMk0b\" data-language-for-alternatives=\"ro\" data-language-to-translate-into=\"en\" data-phrase-index=\"0\">Ghe\u021barii lumii stocheaz\u0103 p\u00e2n\u0103 la 70% din apa dulce a lumii \u0219i sunt cele mai mari rezervoare de ap\u0103 de pe p\u0103m\u00e2nt dup\u0103 oceane.<\/span> <span class=\"JLqJ4b ChMk0b\" data-language-for-alternatives=\"ro\" data-language-to-translate-into=\"en\" data-phrase-index=\"1\">\u00cen straturile ghe\u021barilor, dezvoltarea climei de-a lungul a mii de ani poate fi urm\u0103rit\u0103 \u0219tiin\u021bific prin forare.<\/span> <span class=\"JLqJ4b ChMk0b\" data-language-for-alternatives=\"ro\" data-language-to-translate-into=\"en\" data-phrase-index=\"2\">Ghe\u021barul Aletsch este unul dintre ghe\u021barii din vale.<\/span> <span class=\"JLqJ4b ChMk0b\" data-language-for-alternatives=\"ro\" data-language-to-translate-into=\"en\" data-phrase-index=\"3\">Cu o lungime de 22,7 kilometri \u0219i o suprafa\u021b\u0103 de 81,7 km\u00b2, este cel mai mare ghe\u021bar din Alpi.<\/span> <\/span><\/p>\n<p><span class=\"VIiyi\" lang=\"ro\"><span class=\"JLqJ4b ChMk0b\" data-language-for-alternatives=\"ro\" data-language-to-translate-into=\"en\" data-phrase-index=\"5\">Esen\u021ba ne ajut\u0103 s\u0103 eliber\u0103m blocajele interne.<\/span> <span class=\"JLqJ4b ChMk0b\" data-language-for-alternatives=\"ro\" data-language-to-translate-into=\"en\" data-phrase-index=\"6\">Ne face clari \u0219i ne cur\u0103\u021b\u0103 energetic.<\/span> <span class=\"JLqJ4b ChMk0b\" data-language-for-alternatives=\"ro\" data-language-to-translate-into=\"en\" data-phrase-index=\"7\">Tot ce este rigid \u0219i inflexibil intr\u0103 \u00een flux.<\/span> <span class=\"JLqJ4b ChMk0b\" data-language-for-alternatives=\"ro\" data-language-to-translate-into=\"en\" data-phrase-index=\"8\">Nimic nu este ve\u0219nic.<\/span> <span class=\"JLqJ4b ChMk0b\" data-language-for-alternatives=\"ro\" data-language-to-translate-into=\"en\" data-phrase-index=\"9\">Esen\u021ba ne leag\u0103 de povestea vie\u021bii.<\/span> <span class=\"JLqJ4b ChMk0b\" data-language-for-alternatives=\"ro\" data-language-to-translate-into=\"en\" data-phrase-index=\"10\">Recunoa\u0219tem din interior c\u0103 tot ceea ce exist\u0103, este rezultatul dezvolt\u0103rii de-a lungul genera\u021biilor.<\/span> <span class=\"JLqJ4b ChMk0b\" data-language-for-alternatives=\"ro\" data-language-to-translate-into=\"en\" data-phrase-index=\"11\">Nimic nu este pentru totdeauna, totul este \u00een fluxul vie\u021bii. <\/span><\/span>\u0218i a\u0219a cum apa este sursa \u00eentregii vie\u021bi, esen\u021ba ne spore\u0219te energia vital\u0103. Acest sentiment de a fi conecta\u021bi la ciclul vie\u021bii \u0219i la crea\u021bia lui Dumnezeu ne d\u0103 un sentiment de u\u0219urin\u021b\u0103 \u0219i bucurie.<\/p>\n<p>&nbsp;<\/p>\n","protected":false},"excerpt":{"rendered":"<p>Ghe\u021barii lumii stocheaz\u0103 p\u00e2n\u0103 la 70% din apa dulce a lumii \u0219i sunt cele mai mari rezervoare de ap\u0103 de pe p\u0103m\u00e2nt dup\u0103 oceane. \u00cen straturile ghe\u021barilor, dezvoltarea climei de-a lungul a mii de ani poate fi urm\u0103rit\u0103 \u0219tiin\u021bific prin forare. Ghe\u021barul Aletsch este unul dintre ghe\u021barii din vale. Cu o lungime de 22,7 kilometri &hellip; <a href=\"https:\/\/esentevibrationale.com\/?product=ghetar\" class=\"more-link\">Continu\u0103 lectura <span class=\"screen-reader-text\">Ghe\u0163ar<\/span> <span class=\"meta-nav\">&rarr;<\/span><\/a><\/p>\n","protected":false},"featured_media":13288,"template":"","meta":[],"product_brand":[],"product_cat":[57],"product_tag":[],"class_list":{"0":"post-13287","1":"product","2":"type-product","3":"status-publish","4":"has-post-thumbnail","6":"product_cat-alte-esente","7":"pa_size-15ml","8":"pa_size-30ml","10":"first","11":"instock","12":"shipping-taxable","13":"purchasable","14":"product-type-variable","15":"has-default-attributes"},"_links":{"self":[{"href":"https:\/\/esentevibrationale.com\/index.php?rest_route=\/wp\/v2\/product\/13287","targetHints":{"allow":["GET"]}}],"collection":[{"href":"https:\/\/esentevibrationale.com\/index.php?rest_route=\/wp\/v2\/product"}],"about":[{"href":"https:\/\/esentevibrationale.com\/index.php?rest_route=\/wp\/v2\/types\/product"}],"wp:featuredmedia":[{"embeddable":true,"href":"https:\/\/esentevibrationale.com\/index.php?rest_route=\/wp\/v2\/media\/13288"}],"wp:attachment":[{"href":"https:\/\/esentevibrationale.com\/index.php?rest_route=%2Fwp%2Fv2%2Fmedia&parent=13287"}],"wp:term":[{"taxonomy":"product_brand","embeddable":true,"href":"https:\/\/esentevibrationale.com\/index.php?rest_route=%2Fwp%2Fv2%2Fproduct_brand&post=13287"},{"taxonomy":"product_cat","embeddable":true,"href":"https:\/\/esentevibrationale.com\/index.php?rest_route=%2Fwp%2Fv2%2Fproduct_cat&post=13287"},{"taxonomy":"product_tag","embeddable":true,"href":"https:\/\/esentevibrationale.com\/index.php?rest_route=%2Fwp%2Fv2%2Fproduct_tag&post=13287"}],"curies":[{"name":"wp","href":"https:\/\/api.w.org\/{rel}","templated":true}]}}