{"id":13297,"date":"2021-09-13T18:14:00","date_gmt":"2021-09-13T15:14:00","guid":{"rendered":"https:\/\/esentevibrationale.com\/?post_type=product&#038;p=13297"},"modified":"2022-10-26T10:25:57","modified_gmt":"2022-10-26T07:25:57","slug":"noile-esente-florale-in-limba-romana","status":"publish","type":"product","link":"https:\/\/esentevibrationale.com\/?product=noile-esente-florale-in-limba-romana","title":{"rendered":"Cartea Noile Esen\u0163e Florale \u00een Limba Rom\u00e2n\u0103"},"content":{"rendered":"<p>Noile Esen\u0163e Florale \u00een Limba Rom\u00e2n\u0103<\/p>\n<p>Carte con\u0163ine 280 de pagini \u00een care sunt descriesrise \u00een detaliu Noile Esen\u0163e Florale.<\/p>\n","protected":false},"excerpt":{"rendered":"<p>Noile Esen\u0163e Florale \u00een Limba Rom\u00e2n\u0103 Carte con\u0163ine 280 de pagini \u00een care sunt descriesrise \u00een detaliu Noile Esen\u0163e Florale.<\/p>\n","protected":false},"featured_media":13295,"template":"","meta":[],"product_brand":[],"product_cat":[68],"product_tag":[],"class_list":{"0":"post-13297","1":"product","2":"type-product","3":"status-publish","4":"has-post-thumbnail","6":"product_cat-carti-postere-seturi-cu-carduri","8":"first","9":"instock","10":"shipping-taxable","11":"purchasable","12":"product-type-simple"},"_links":{"self":[{"href":"https:\/\/esentevibrationale.com\/index.php?rest_route=\/wp\/v2\/product\/13297","targetHints":{"allow":["GET"]}}],"collection":[{"href":"https:\/\/esentevibrationale.com\/index.php?rest_route=\/wp\/v2\/product"}],"about":[{"href":"https:\/\/esentevibrationale.com\/index.php?rest_route=\/wp\/v2\/types\/product"}],"wp:featuredmedia":[{"embeddable":true,"href":"https:\/\/esentevibrationale.com\/index.php?rest_route=\/wp\/v2\/media\/13295"}],"wp:attachment":[{"href":"https:\/\/esentevibrationale.com\/index.php?rest_route=%2Fwp%2Fv2%2Fmedia&parent=13297"}],"wp:term":[{"taxonomy":"product_brand","embeddable":true,"href":"https:\/\/esentevibrationale.com\/index.php?rest_route=%2Fwp%2Fv2%2Fproduct_brand&post=13297"},{"taxonomy":"product_cat","embeddable":true,"href":"https:\/\/esentevibrationale.com\/index.php?rest_route=%2Fwp%2Fv2%2Fproduct_cat&post=13297"},{"taxonomy":"product_tag","embeddable":true,"href":"https:\/\/esentevibrationale.com\/index.php?rest_route=%2Fwp%2Fv2%2Fproduct_tag&post=13297"}],"curies":[{"name":"wp","href":"https:\/\/api.w.org\/{rel}","templated":true}]}}