{"id":13304,"date":"2021-09-20T10:02:37","date_gmt":"2021-09-20T07:02:37","guid":{"rendered":"https:\/\/esentevibrationale.com\/?post_type=product&#038;p=13304"},"modified":"2026-01-02T07:03:33","modified_gmt":"2026-01-02T05:03:33","slug":"22-esenta-oceanului-nr-22","status":"publish","type":"product","link":"https:\/\/esentevibrationale.com\/?product=22-esenta-oceanului-nr-22","title":{"rendered":"22. Ocean Essence No. 22 \/ Esen\u0163a Oceanic\u0103 Nr. 22"},"content":{"rendered":"<p>Esen\u021ba ne ajut\u0103 s\u0103 p\u0103trundem emo\u021bional \u00een centrul nostru \u0219i s\u0103 ne armoniz\u0103m. Este pentru persoanele care au tendin\u021ba de a dori s\u0103-i controleze pe ceilal\u021bi.<\/p>\n","protected":false},"excerpt":{"rendered":"<p>Esen\u021ba ne ajut\u0103 s\u0103 p\u0103trundem emo\u021bional \u00een centrul nostru \u0219i s\u0103 ne armoniz\u0103m. Este pentru persoanele care au tendin\u021ba de a dori s\u0103-i controleze pe ceilal\u021bi.<\/p>\n","protected":false},"featured_media":13307,"template":"","meta":[],"product_brand":[],"product_cat":[72],"product_tag":[],"class_list":{"0":"post-13304","1":"product","2":"type-product","3":"status-publish","4":"has-post-thumbnail","6":"product_cat-esentele-ocenului","7":"pa_size-15ml","8":"pa_size-30ml","10":"first","11":"instock","12":"shipping-taxable","13":"purchasable","14":"product-type-variable","15":"has-default-attributes"},"_links":{"self":[{"href":"https:\/\/esentevibrationale.com\/index.php?rest_route=\/wp\/v2\/product\/13304","targetHints":{"allow":["GET"]}}],"collection":[{"href":"https:\/\/esentevibrationale.com\/index.php?rest_route=\/wp\/v2\/product"}],"about":[{"href":"https:\/\/esentevibrationale.com\/index.php?rest_route=\/wp\/v2\/types\/product"}],"wp:featuredmedia":[{"embeddable":true,"href":"https:\/\/esentevibrationale.com\/index.php?rest_route=\/wp\/v2\/media\/13307"}],"wp:attachment":[{"href":"https:\/\/esentevibrationale.com\/index.php?rest_route=%2Fwp%2Fv2%2Fmedia&parent=13304"}],"wp:term":[{"taxonomy":"product_brand","embeddable":true,"href":"https:\/\/esentevibrationale.com\/index.php?rest_route=%2Fwp%2Fv2%2Fproduct_brand&post=13304"},{"taxonomy":"product_cat","embeddable":true,"href":"https:\/\/esentevibrationale.com\/index.php?rest_route=%2Fwp%2Fv2%2Fproduct_cat&post=13304"},{"taxonomy":"product_tag","embeddable":true,"href":"https:\/\/esentevibrationale.com\/index.php?rest_route=%2Fwp%2Fv2%2Fproduct_tag&post=13304"}],"curies":[{"name":"wp","href":"https:\/\/api.w.org\/{rel}","templated":true}]}}