{"id":13313,"date":"2021-09-20T10:43:29","date_gmt":"2021-09-20T07:43:29","guid":{"rendered":"https:\/\/esentevibrationale.com\/?post_type=product&#038;p=13313"},"modified":"2026-01-02T07:05:15","modified_gmt":"2026-01-02T05:05:15","slug":"24-esenta-oceanului-nr-24","status":"publish","type":"product","link":"https:\/\/esentevibrationale.com\/?product=24-esenta-oceanului-nr-24","title":{"rendered":"24. Ocean Essence No. 24 \/ Esen\u0163a Oceanic\u0103 Nr. 24"},"content":{"rendered":"<p><span class=\"y2iqfc\">Esen\u021ba ajut\u0103 persoanele care se simt dezorientate \u0219i pierdute s\u0103 g\u0103seasc\u0103 sprijin interior \u0219i s\u0103 se poat\u0103 deschide c\u0103tre un parteneriat care poate crea stabilitate emo\u021bional\u0103.<\/span><\/p>\n","protected":false},"excerpt":{"rendered":"<p>Esen\u021ba ajut\u0103 persoanele care se simt dezorientate \u0219i pierdute s\u0103 g\u0103seasc\u0103 sprijin interior \u0219i s\u0103 se poat\u0103 deschide c\u0103tre un parteneriat care poate crea stabilitate emo\u021bional\u0103.<\/p>\n","protected":false},"featured_media":13342,"template":"","meta":[],"product_brand":[],"product_cat":[72],"product_tag":[],"class_list":{"0":"post-13313","1":"product","2":"type-product","3":"status-publish","4":"has-post-thumbnail","6":"product_cat-esentele-ocenului","7":"pa_size-15ml","8":"pa_size-30ml","10":"first","11":"instock","12":"shipping-taxable","13":"purchasable","14":"product-type-variable","15":"has-default-attributes"},"_links":{"self":[{"href":"https:\/\/esentevibrationale.com\/index.php?rest_route=\/wp\/v2\/product\/13313","targetHints":{"allow":["GET"]}}],"collection":[{"href":"https:\/\/esentevibrationale.com\/index.php?rest_route=\/wp\/v2\/product"}],"about":[{"href":"https:\/\/esentevibrationale.com\/index.php?rest_route=\/wp\/v2\/types\/product"}],"wp:featuredmedia":[{"embeddable":true,"href":"https:\/\/esentevibrationale.com\/index.php?rest_route=\/wp\/v2\/media\/13342"}],"wp:attachment":[{"href":"https:\/\/esentevibrationale.com\/index.php?rest_route=%2Fwp%2Fv2%2Fmedia&parent=13313"}],"wp:term":[{"taxonomy":"product_brand","embeddable":true,"href":"https:\/\/esentevibrationale.com\/index.php?rest_route=%2Fwp%2Fv2%2Fproduct_brand&post=13313"},{"taxonomy":"product_cat","embeddable":true,"href":"https:\/\/esentevibrationale.com\/index.php?rest_route=%2Fwp%2Fv2%2Fproduct_cat&post=13313"},{"taxonomy":"product_tag","embeddable":true,"href":"https:\/\/esentevibrationale.com\/index.php?rest_route=%2Fwp%2Fv2%2Fproduct_tag&post=13313"}],"curies":[{"name":"wp","href":"https:\/\/api.w.org\/{rel}","templated":true}]}}