{"id":13320,"date":"2021-09-20T10:59:10","date_gmt":"2021-09-20T07:59:10","guid":{"rendered":"https:\/\/esentevibrationale.com\/?post_type=product&#038;p=13320"},"modified":"2026-01-02T07:07:24","modified_gmt":"2026-01-02T05:07:24","slug":"26-esenta-oceanului-nr-26","status":"publish","type":"product","link":"https:\/\/esentevibrationale.com\/?product=26-esenta-oceanului-nr-26","title":{"rendered":"26. Ocean Essence No. 26 \/ Esen\u0163a Oceanic\u0103 nr. 26"},"content":{"rendered":"<p><span class=\"y2iqfc\">Esen\u021ba influen\u0163eaz\u0103 subcon\u0219tientul profund. Devenim con\u0219tien\u021bi de sentimente profunde de nesiguran\u021b\u0103 sau fric\u0103. Pacea interioar\u0103 \u0219i \u00eencrederea noastr\u0103 evolueaz\u0103.<\/span><\/p>\n","protected":false},"excerpt":{"rendered":"<p>Esen\u021ba influen\u0163eaz\u0103 subcon\u0219tientul profund. Devenim con\u0219tien\u021bi de sentimente profunde de nesiguran\u021b\u0103 sau fric\u0103. Pacea interioar\u0103 \u0219i \u00eencrederea noastr\u0103 evolueaz\u0103.<\/p>\n","protected":false},"featured_media":13321,"template":"","meta":[],"product_brand":[],"product_cat":[72],"product_tag":[],"class_list":{"0":"post-13320","1":"product","2":"type-product","3":"status-publish","4":"has-post-thumbnail","6":"product_cat-esentele-ocenului","7":"pa_size-15ml","8":"pa_size-30ml","10":"first","11":"instock","12":"shipping-taxable","13":"purchasable","14":"product-type-variable","15":"has-default-attributes"},"_links":{"self":[{"href":"https:\/\/esentevibrationale.com\/index.php?rest_route=\/wp\/v2\/product\/13320","targetHints":{"allow":["GET"]}}],"collection":[{"href":"https:\/\/esentevibrationale.com\/index.php?rest_route=\/wp\/v2\/product"}],"about":[{"href":"https:\/\/esentevibrationale.com\/index.php?rest_route=\/wp\/v2\/types\/product"}],"wp:featuredmedia":[{"embeddable":true,"href":"https:\/\/esentevibrationale.com\/index.php?rest_route=\/wp\/v2\/media\/13321"}],"wp:attachment":[{"href":"https:\/\/esentevibrationale.com\/index.php?rest_route=%2Fwp%2Fv2%2Fmedia&parent=13320"}],"wp:term":[{"taxonomy":"product_brand","embeddable":true,"href":"https:\/\/esentevibrationale.com\/index.php?rest_route=%2Fwp%2Fv2%2Fproduct_brand&post=13320"},{"taxonomy":"product_cat","embeddable":true,"href":"https:\/\/esentevibrationale.com\/index.php?rest_route=%2Fwp%2Fv2%2Fproduct_cat&post=13320"},{"taxonomy":"product_tag","embeddable":true,"href":"https:\/\/esentevibrationale.com\/index.php?rest_route=%2Fwp%2Fv2%2Fproduct_tag&post=13320"}],"curies":[{"name":"wp","href":"https:\/\/api.w.org\/{rel}","templated":true}]}}