{"id":13338,"date":"2021-09-20T11:40:44","date_gmt":"2021-09-20T08:40:44","guid":{"rendered":"https:\/\/esentevibrationale.com\/?post_type=product&#038;p=13338"},"modified":"2026-01-02T08:33:30","modified_gmt":"2026-01-02T06:33:30","slug":"31-esenta-oceanului-nr-31","status":"publish","type":"product","link":"https:\/\/esentevibrationale.com\/?product=31-esenta-oceanului-nr-31","title":{"rendered":"31. Ocean Essence No. 31 \/ Esen\u0163a Oceanic\u0103 Nr. 31"},"content":{"rendered":"<p>Esen\u021ba ne conecteaz\u0103 cu informa\u021biile originale ale ADN-ului nostru. Din punct de vedere energetic are un efect de cur\u0103\u021bare \u0219i ne ajut\u0103 s\u0103 deturn\u0103m energic informa\u021bii \u201egre\u0219ite\u201d sau \u201etulbur\u0103ri\u201d. Func\u021bie de protec\u021bie pentru celule. Esen\u021ba permite perturba\u021biilor s\u0103 alunece \u0219i s\u0103 nu adere.<\/p>\n<p>&nbsp;<\/p>\n","protected":false},"excerpt":{"rendered":"<p>Esen\u021ba ne conecteaz\u0103 cu informa\u021biile originale ale ADN-ului nostru. Din punct de vedere energetic are un efect de cur\u0103\u021bare \u0219i ne ajut\u0103 s\u0103 deturn\u0103m energic informa\u021bii \u201egre\u0219ite\u201d sau \u201etulbur\u0103ri\u201d. Func\u021bie de protec\u021bie pentru celule. Esen\u021ba permite perturba\u021biilor s\u0103 alunece \u0219i s\u0103 nu adere. &nbsp;<\/p>\n","protected":false},"featured_media":13339,"template":"","meta":[],"product_brand":[],"product_cat":[72],"product_tag":[],"class_list":{"0":"post-13338","1":"product","2":"type-product","3":"status-publish","4":"has-post-thumbnail","6":"product_cat-esentele-ocenului","7":"pa_size-15ml","8":"pa_size-30ml","10":"first","11":"instock","12":"shipping-taxable","13":"purchasable","14":"product-type-variable","15":"has-default-attributes"},"_links":{"self":[{"href":"https:\/\/esentevibrationale.com\/index.php?rest_route=\/wp\/v2\/product\/13338","targetHints":{"allow":["GET"]}}],"collection":[{"href":"https:\/\/esentevibrationale.com\/index.php?rest_route=\/wp\/v2\/product"}],"about":[{"href":"https:\/\/esentevibrationale.com\/index.php?rest_route=\/wp\/v2\/types\/product"}],"wp:featuredmedia":[{"embeddable":true,"href":"https:\/\/esentevibrationale.com\/index.php?rest_route=\/wp\/v2\/media\/13339"}],"wp:attachment":[{"href":"https:\/\/esentevibrationale.com\/index.php?rest_route=%2Fwp%2Fv2%2Fmedia&parent=13338"}],"wp:term":[{"taxonomy":"product_brand","embeddable":true,"href":"https:\/\/esentevibrationale.com\/index.php?rest_route=%2Fwp%2Fv2%2Fproduct_brand&post=13338"},{"taxonomy":"product_cat","embeddable":true,"href":"https:\/\/esentevibrationale.com\/index.php?rest_route=%2Fwp%2Fv2%2Fproduct_cat&post=13338"},{"taxonomy":"product_tag","embeddable":true,"href":"https:\/\/esentevibrationale.com\/index.php?rest_route=%2Fwp%2Fv2%2Fproduct_tag&post=13338"}],"curies":[{"name":"wp","href":"https:\/\/api.w.org\/{rel}","templated":true}]}}