{"id":1334,"date":"2018-11-12T08:25:33","date_gmt":"2018-11-12T07:25:33","guid":{"rendered":"http:\/\/phiessences.com\/Romania\/?post_type=product&#038;p=1334"},"modified":"2026-01-03T18:47:23","modified_gmt":"2026-01-03T16:47:23","slug":"hibrid-apple-rose","status":"publish","type":"product","link":"https:\/\/esentevibrationale.com\/?product=hibrid-apple-rose","title":{"rendered":"Hibrid Apple Rose Sarah von Fleet \/ Trandafirul Hibrid de M\u0103r \u201cSara din Flota\u201d"},"content":{"rendered":"<p><strong>(Rosa rugos) <\/strong><\/p>\n<p><em>&#8222;Trandafirul Sarah from Fleet&#8221; a fost pentru prima oar\u0103 cultivat \u00een anul 1926. Este un trandafir frumos nu foarte cunoscut \u0219i este hibrid. Acest arbust de 1.5 &#8211; 2 m \u00een\u0103l\u021bime, are o cre\u0219tere vertical\u0103 \u0219i goal\u0103 dedesubt. Denumirea &#8222;rugosa&#8221; \u00eenseamn\u0103 &#8222;\u00eencre\u021bit&#8221; \u0219i se refer\u0103 la frunzi\u0219ul destul de grosier, puternic venerat. L\u0103starii bruni sunt relativ \u00een\u021bep\u0103tori. &#8222;Sarah from Fleet&#8221; \u00eenflore\u0219te din abunden\u021b\u0103 cu flori de culoare roz por\u021belan semi duble toat\u0103 vara, dar nu produce multe m\u0103ce\u0219e.<\/em><\/p>\n<p><strong><em>Efectul Esen\u021bei: <\/em><\/strong>Esen\u021ba Trandafirul &#8222;Sara from Fleet&#8221; ne ajut\u0103 s\u0103 dezvolt\u0103m c\u0103ldura inimii \u0219i s\u0103 dezvolt\u0103m dragostea \u0219i grija pentru cei din jurul nostru, dar \u0219i pentru noi \u00een\u0219ine.<\/p>\n<p><strong><em>Efectul Esen\u021bei la Nivel Fizic: <\/em><\/strong>\u00cen cazurile \u00een care exist\u0103 lips\u0103 de iubire pentru noi \u00een\u0219ine, de exemplu: cei care se dedica altora \u0219i \u00ee\u0219i suprim\u0103 propriile probleme corporale, esen\u021ba devine un aliat de \u00eencredere. Este un ghid energetic \u00een timpul sarcinii \u0219i dup\u0103 na\u0219tere. Ne putem conecta emo\u021bional cu copilul nostru. Pe l\u00e2ng\u0103 faptul c\u0103 putem pune esen\u021ba (5 pic\u0103turi) \u00een uleiul de sun\u0103toare \u0219i s\u0103 \u00eel frec\u0103m pe zona abdomenului \u0219i a pieptului. Sprijin\u0103 cur\u0103\u021barea energetic\u0103 dup\u0103 ce am luat medicamente. Transmite pace \u0219i echilibru organelor.<\/p>\n<p><strong><em>Efectul Esen\u021bei la Nivel Emo\u021bional: <\/em><\/strong>Lipsa iubirii materne poate provoca sentimentul de singur\u0103tate emo\u021bional\u0103, r\u0103ni \u0219i sentimente de durere, at\u00e2t \u00een copil\u0103rie c\u00e2t \u0219i la v\u00e2rsta adult\u0103. Aici, esen\u021ba ofer\u0103 un sentiment de securitate, pace interioar\u0103 , de protec\u021bie \u0219i <span class=\"Y2IQFc\" lang=\"ro\">de c\u0103ldur\u0103 interioar\u0103. S<\/span>tomacul <span class=\"Y2IQFc\" lang=\"ro\">\u0219i inima ta devin calde \u0219i calme \u0219i sim\u021bi o putere vital\u0103 \u00een interior. \u00centr-o dispozi\u021bie armonioas\u0103 \u0219i lini\u0219tit\u0103 g\u0103se\u0219ti certitudinea c\u0103 tot ce se \u00eent\u00e2mpl\u0103 este \u00een ordine<\/span>. Aceast\u0103 \u00eencredere ne \u00eent\u0103re\u0219te s\u0103 accept\u0103m soarta \u0219i s\u0103 ne sim\u021bim \u00een siguran\u021b\u0103 \u00een lume. Esen\u021ba stimuleaz\u0103 capacitatea de a oferi iubire necondi\u021bionat\u0103.<\/p>\n<p><strong><em>Efectul Esen\u021bei la Nivel Mental: <\/em><\/strong>Dorul ne\u00eemplinit de dragoste matern\u0103 poate l\u0103sa \u00een spiritul nostru o programare negativ\u0103, care poate fi satisf\u0103cut\u0103: prin satisfac\u021bia substitutiv\u0103. Prin calmul \u0219i securitatea interioar\u0103, pe care esen\u021ba le treze\u0219te \u00een noi, \u00eencurc\u0103rile mentale pot fi rezolvate. Ajut\u0103 persoanele care se dedic\u0103 complet compasiunii pentru ceilal\u021bi, promov\u00e2nd o schimbare a g\u00e2ndurilor c\u0103tre un echilibru \u0219i o stim\u0103 de sine mai mari.<\/p>\n<p><strong><em>Efectul Esen\u021bei la Nivel Spiritual: <\/em><\/strong>Esen\u021ba ne permite s\u0103 sim\u021bim iubirea \u0219i protec\u021bia unei mamei transcendentale. C\u0103ut\u0103m \u0219i g\u0103sim iubirea nu numai \u00een rela\u021biile interpersonale, ci o \u0219i percepem la un nivel superior \u0219i \u00een profunzimile noastre interioare.<\/p>\n<p><strong><em>Afirma\u021bia: <\/em><\/strong>Simt plenitudinea \u0219i senin\u0103tatea iubirii care tr\u0103ie\u0219te \u00een mine.<\/p>\n","protected":false},"excerpt":{"rendered":"<p>(Rosa rugos) &#8222;Trandafirul Sarah from Fleet&#8221; a fost pentru prima oar\u0103 cultivat \u00een anul 1926. Este un trandafir frumos nu foarte cunoscut \u0219i este hibrid. Acest arbust de 1.5 &#8211; 2 m \u00een\u0103l\u021bime, are o cre\u0219tere vertical\u0103 \u0219i goal\u0103 dedesubt. Denumirea &#8222;rugosa&#8221; \u00eenseamn\u0103 &#8222;\u00eencre\u021bit&#8221; \u0219i se refer\u0103 la frunzi\u0219ul destul de grosier, puternic venerat. L\u0103starii &hellip; <a href=\"https:\/\/esentevibrationale.com\/?product=hibrid-apple-rose\" class=\"more-link\">Continu\u0103 lectura <span class=\"screen-reader-text\">Hibrid Apple Rose Sarah von Fleet \/ Trandafirul Hibrid de M\u0103r \u201cSara din Flota\u201d<\/span> <span class=\"meta-nav\">&rarr;<\/span><\/a><\/p>\n","protected":false},"featured_media":1338,"template":"","meta":[],"product_brand":[],"product_cat":[42],"product_tag":[],"class_list":{"0":"post-1334","1":"product","2":"type-product","3":"status-publish","4":"has-post-thumbnail","6":"product_cat-esente-de-trandafiri","7":"pa_size-15ml","8":"pa_size-30ml","10":"first","11":"instock","12":"shipping-taxable","13":"purchasable","14":"product-type-variable","15":"has-default-attributes"},"_links":{"self":[{"href":"https:\/\/esentevibrationale.com\/index.php?rest_route=\/wp\/v2\/product\/1334","targetHints":{"allow":["GET"]}}],"collection":[{"href":"https:\/\/esentevibrationale.com\/index.php?rest_route=\/wp\/v2\/product"}],"about":[{"href":"https:\/\/esentevibrationale.com\/index.php?rest_route=\/wp\/v2\/types\/product"}],"wp:featuredmedia":[{"embeddable":true,"href":"https:\/\/esentevibrationale.com\/index.php?rest_route=\/wp\/v2\/media\/1338"}],"wp:attachment":[{"href":"https:\/\/esentevibrationale.com\/index.php?rest_route=%2Fwp%2Fv2%2Fmedia&parent=1334"}],"wp:term":[{"taxonomy":"product_brand","embeddable":true,"href":"https:\/\/esentevibrationale.com\/index.php?rest_route=%2Fwp%2Fv2%2Fproduct_brand&post=1334"},{"taxonomy":"product_cat","embeddable":true,"href":"https:\/\/esentevibrationale.com\/index.php?rest_route=%2Fwp%2Fv2%2Fproduct_cat&post=1334"},{"taxonomy":"product_tag","embeddable":true,"href":"https:\/\/esentevibrationale.com\/index.php?rest_route=%2Fwp%2Fv2%2Fproduct_tag&post=1334"}],"curies":[{"name":"wp","href":"https:\/\/api.w.org\/{rel}","templated":true}]}}