{"id":13420,"date":"2022-01-25T10:46:22","date_gmt":"2022-01-25T08:46:22","guid":{"rendered":"https:\/\/esentevibrationale.com\/?post_type=product&#038;p=13420"},"modified":"2025-08-21T09:12:25","modified_gmt":"2025-08-21T06:12:25","slug":"cursul-delfin-21-25-februarie-2022-limba-spaniola-franceza","status":"publish","type":"product","link":"https:\/\/esentevibrationale.com\/?product=cursul-delfin-21-25-februarie-2022-limba-spaniola-franceza","title":{"rendered":"Cursul Delfin\u00ae &#8211;  19 &#8211; 23 Ianuarie 2026 \u2013 Limba Spaniol\u0103"},"content":{"rendered":"<p><strong>PHI Essences \u00ae \u2013 Andreas KORTE <\/strong><\/p>\n<p><iframe loading=\"lazy\" title=\"Dolphindreams\" width=\"604\" height=\"453\" src=\"https:\/\/www.youtube.com\/embed\/YPRsykX8TiE?start=58&#038;feature=oembed\" frameborder=\"0\" allow=\"accelerometer; autoplay; clipboard-write; encrypted-media; gyroscope; picture-in-picture; web-share\" referrerpolicy=\"strict-origin-when-cross-origin\" allowfullscreen><\/iframe><\/p>\n<p><strong>Cursul Delfin<sup>\u00ae<\/sup><\/strong><\/p>\n<p><span class=\"Y2IQFc\" lang=\"ro\">MAGIA DELFINILOR POATE \u00ceNCEPE&#8230;<\/span><\/p>\n<p>Not\u0103: Aceasta este doar plata \u00een avans de 200 euro pentru \u00eenregistrare. Cursul complet f\u0103r\u0103 zboruri, hotel \u0219i m\u00e2ncare cost\u0103 490, Euro. Mai multe informa\u021bii vezi mai jos.<\/p>\n<p>19.01.2026 &#8211; 23. 02.2025 Februarie \u2013 Limba Spaniol\u0103<\/p>\n<p>\u020ant\u00e2lnire cu Delfinii<br \/>\nCursul este experimental \u015fi se def\u0103\u015foar\u0103 \u00een cadrul naturii pe parcursul a cinci zile, timp \u00een care se vor descoperii energia Delfinilor \u015fi Biodiversitatea insulei. Acesta se desfa\u015for\u0103 cu aproxim 10 persoane \u00een limba spaniol\u0103.<br \/>\n<strong>Not\u0103:<\/strong> \u020antr-o capel\u0103 veche situat\u0103 pe o piramid\u0103 istoric\u0103 exist\u0103 posibilitatea de a face individual HLT<sup>\u00ae<\/sup> (Tramamentul Holistic cu Lumin\u0103) costul acestuia este (80 euro) \u00een data de 24.02.2025.<\/p>\n<p><a href=\"https:\/\/phiessences.com\/Romania\/?page_id=125\">https:\/\/phiessences.com\/Romania\/?page_id=125<\/a><\/p>\n<p><strong>Programul :<\/strong><br \/>\n\u2022 Diferitele tipuri de esen\u0163e<br \/>\n\u2022 Esen\u0163ele de Cactus<br \/>\n\u2022 Esen\u0163ele Marine Delfini \/ Balene din Canaria<br \/>\n\u2022 Esen\u0163ele Afro-Canare<br \/>\n\u2022 Cursul \u00eencepe luni la ora 10.00<br \/>\n\u2022 Lucr\u0103m cu esen\u0163ele florale din Canaria, cu esen\u0163ele Marine, Delfin\u00ae, Balene, Delfinii Roz.<br \/>\n\u2022 Vom face excursii pentru a cunoa\u0219te vegeta\u021bia \u0219i biodiversitatea insulei. De asemenea, o excursie la Teide!<br \/>\n\u2022 Vizit\u0103m Piramidele din G\u00fcimar \u015fi parcul etnologic.<br \/>\n\u2022 O excursie cu barca s\u0103 cunoa\u015ftem delfinii \u015fi balenele, respect\u00e2nd spa\u0163iul lor \u015fi apropiindu-ne de ei at\u00e2t c\u00e2t ne permit.<br \/>\n\u2022 Preg\u0103tire suplimentar\u0103<br \/>\n\u2022 Tehnici de curs<br \/>\n\u2022 Parcul etnologic \u00a0Canarina canarinsis \u015fi Tide.<\/p>\n<p>Contribu\u0163ia financiar\u0103 este:<br \/>\n\u20ac 490 de persoana pentrul tot cursul, inclusiv plimbarea cu barca, pentru medita\u0163ia cu Delfinii.<br \/>\n200- Euro trei lui \u00eenainte de curs, \/ 290- Euro numerar \u00eenainte de \u00eenceperea cursului, \u00een acest pre\u0163 nu sunt incluse cazarea \u015fi transportul.<\/p>\n<p><strong>Informa\u0163ii suplimentare:<\/strong><br \/>\nPre\u0163urile biletelor de avion pot varia \u00een func\u0163ie de datele sejurului.<br \/>\n4 persoane pot \u00eenchiria o ma\u015fin\u0103, pentru a se putea deplasa \u00een jurul insulei \u015fi \u00een diversele c\u0103l\u0103torii.<br \/>\nDe asemnenea, v\u0103 pute\u0163i bucura de c\u00e2teva zile de un sejur pentru a descoperi frumuse\u0163ea insulei.<\/p>\n<p>Ave\u0163i pre\u0163uri speciale la hotelul\u00a0 <a href=\"http:\/\/www.hotel-fincasalamanca.com\">www.hotel-fincasalamanca.com<\/a><\/p>\n<p>Sunt necesare urm\u0103toarele:<br \/>\n\u020ambr\u0103c\u0103minte \u015fi \u00eenc\u0103l\u0163\u0103minte confortabile, bocaci pentru a merge \u00een drume\u0163ii, pelerin\u0103 de ploaie, costum de baie, sandale, protec\u0163ie solar\u0103 (50), palarie\/\u015fapca pentru soare.<\/p>\n<p><strong>Rezervarea trebuie s\u0103 fie \u00een form\u0103 scris\u0103 \u0219i este obligatorie.<\/strong><\/p>\n<p>Nume:<\/p>\n<p>Adres\u0103:<\/p>\n<p>Tel .:<\/p>\n<p>e-mail:<\/p>\n<p>Data:<\/p>\n<p>Semn\u0103tura:<\/p>\n<p>Confirmarea cursului pentru minimum 10 participan\u021bi cu cel pu\u021bin 3 luni \u00eenainte de plecare.<\/p>\n<p>Dac\u0103 nu pute\u021bi participa singur, pute\u021bi trimite o alt\u0103 persoan\u0103 \u00een locul dvs.<\/p>\n<p><img loading=\"lazy\" decoding=\"async\" class=\"alignnone size-medium wp-image-14237\" src=\"https:\/\/esentevibrationale.com\/wp-content\/uploads\/2022\/01\/photo_2024-08-16_11-47-29-300x225.jpg\" alt=\"\" width=\"300\" height=\"225\" srcset=\"https:\/\/esentevibrationale.com\/wp-content\/uploads\/2022\/01\/photo_2024-08-16_11-47-29-300x225.jpg 300w, https:\/\/esentevibrationale.com\/wp-content\/uploads\/2022\/01\/photo_2024-08-16_11-47-29-1024x768.jpg 1024w, https:\/\/esentevibrationale.com\/wp-content\/uploads\/2022\/01\/photo_2024-08-16_11-47-29-768x576.jpg 768w, https:\/\/esentevibrationale.com\/wp-content\/uploads\/2022\/01\/photo_2024-08-16_11-47-29-80x60.jpg 80w, https:\/\/esentevibrationale.com\/wp-content\/uploads\/2022\/01\/photo_2024-08-16_11-47-29-120x90.jpg 120w, https:\/\/esentevibrationale.com\/wp-content\/uploads\/2022\/01\/photo_2024-08-16_11-47-29.jpg 1280w\" sizes=\"auto, (max-width: 300px) 100vw, 300px\" \/> <img loading=\"lazy\" decoding=\"async\" class=\"alignnone size-medium wp-image-14238\" src=\"https:\/\/esentevibrationale.com\/wp-content\/uploads\/2022\/01\/photo_2024-08-16_11-48-58-300x225.jpg\" alt=\"\" width=\"300\" height=\"225\" srcset=\"https:\/\/esentevibrationale.com\/wp-content\/uploads\/2022\/01\/photo_2024-08-16_11-48-58-300x225.jpg 300w, https:\/\/esentevibrationale.com\/wp-content\/uploads\/2022\/01\/photo_2024-08-16_11-48-58-1024x768.jpg 1024w, https:\/\/esentevibrationale.com\/wp-content\/uploads\/2022\/01\/photo_2024-08-16_11-48-58-768x576.jpg 768w, https:\/\/esentevibrationale.com\/wp-content\/uploads\/2022\/01\/photo_2024-08-16_11-48-58-80x60.jpg 80w, https:\/\/esentevibrationale.com\/wp-content\/uploads\/2022\/01\/photo_2024-08-16_11-48-58-120x90.jpg 120w, https:\/\/esentevibrationale.com\/wp-content\/uploads\/2022\/01\/photo_2024-08-16_11-48-58.jpg 1280w\" sizes=\"auto, (max-width: 300px) 100vw, 300px\" \/><\/p>\n<p><img loading=\"lazy\" decoding=\"async\" class=\"alignnone size-medium wp-image-14239\" src=\"https:\/\/esentevibrationale.com\/wp-content\/uploads\/2022\/01\/photo_2024-08-16_11-50-11-202x300.jpg\" alt=\"\" width=\"202\" height=\"300\" srcset=\"https:\/\/esentevibrationale.com\/wp-content\/uploads\/2022\/01\/photo_2024-08-16_11-50-11-202x300.jpg 202w, https:\/\/esentevibrationale.com\/wp-content\/uploads\/2022\/01\/photo_2024-08-16_11-50-11-689x1024.jpg 689w, https:\/\/esentevibrationale.com\/wp-content\/uploads\/2022\/01\/photo_2024-08-16_11-50-11-768x1142.jpg 768w, https:\/\/esentevibrationale.com\/wp-content\/uploads\/2022\/01\/photo_2024-08-16_11-50-11-300x446.jpg 300w, https:\/\/esentevibrationale.com\/wp-content\/uploads\/2022\/01\/photo_2024-08-16_11-50-11-40x60.jpg 40w, https:\/\/esentevibrationale.com\/wp-content\/uploads\/2022\/01\/photo_2024-08-16_11-50-11-61x90.jpg 61w, https:\/\/esentevibrationale.com\/wp-content\/uploads\/2022\/01\/photo_2024-08-16_11-50-11.jpg 861w\" sizes=\"auto, (max-width: 202px) 100vw, 202px\" \/><\/p>\n<div style=\"width: 604px;\" class=\"wp-video\"><video class=\"wp-video-shortcode\" id=\"video-13420-1\" width=\"604\" height=\"330\" preload=\"metadata\" controls=\"controls\"><source type=\"video\/mp4\" src=\"https:\/\/esentevibrationale.com\/wp-content\/uploads\/2022\/01\/video_2024-08-16_11-48-40.mp4?_=1\" \/><a href=\"https:\/\/esentevibrationale.com\/wp-content\/uploads\/2022\/01\/video_2024-08-16_11-48-40.mp4\">https:\/\/esentevibrationale.com\/wp-content\/uploads\/2022\/01\/video_2024-08-16_11-48-40.mp4<\/a><\/video><\/div>\n<p><img loading=\"lazy\" decoding=\"async\" class=\"alignnone size-medium wp-image-13667\" src=\"https:\/\/esentevibrationale.com\/wp-content\/uploads\/2018\/12\/finca-salamanca-300x136.jpg\" alt=\"\" width=\"300\" height=\"136\" srcset=\"https:\/\/esentevibrationale.com\/wp-content\/uploads\/2018\/12\/finca-salamanca-300x136.jpg 300w, https:\/\/esentevibrationale.com\/wp-content\/uploads\/2018\/12\/finca-salamanca-768x348.jpg 768w, https:\/\/esentevibrationale.com\/wp-content\/uploads\/2018\/12\/finca-salamanca.jpg 1000w\" sizes=\"auto, (max-width: 300px) 100vw, 300px\" \/><img loading=\"lazy\" decoding=\"async\" class=\"alignnone size-medium wp-image-13665\" src=\"https:\/\/esentevibrationale.com\/wp-content\/uploads\/2022\/01\/IMG_6310-300x225.jpg\" alt=\"\" width=\"300\" height=\"225\" srcset=\"https:\/\/esentevibrationale.com\/wp-content\/uploads\/2022\/01\/IMG_6310-300x225.jpg 300w, https:\/\/esentevibrationale.com\/wp-content\/uploads\/2022\/01\/IMG_6310-768x576.jpg 768w, https:\/\/esentevibrationale.com\/wp-content\/uploads\/2022\/01\/IMG_6310.jpg 1000w\" sizes=\"auto, (max-width: 300px) 100vw, 300px\" \/> <img loading=\"lazy\" decoding=\"async\" class=\"alignnone size-medium wp-image-13998\" src=\"https:\/\/esentevibrationale.com\/wp-content\/uploads\/2019\/08\/49014965-6fdb-400c-baae-75022a142708-300x225.jpg\" alt=\"\" width=\"300\" height=\"225\" srcset=\"https:\/\/esentevibrationale.com\/wp-content\/uploads\/2019\/08\/49014965-6fdb-400c-baae-75022a142708-300x225.jpg 300w, https:\/\/esentevibrationale.com\/wp-content\/uploads\/2019\/08\/49014965-6fdb-400c-baae-75022a142708-1024x768.jpg 1024w, https:\/\/esentevibrationale.com\/wp-content\/uploads\/2019\/08\/49014965-6fdb-400c-baae-75022a142708-768x576.jpg 768w, https:\/\/esentevibrationale.com\/wp-content\/uploads\/2019\/08\/49014965-6fdb-400c-baae-75022a142708-1536x1152.jpg 1536w, https:\/\/esentevibrationale.com\/wp-content\/uploads\/2019\/08\/49014965-6fdb-400c-baae-75022a142708.jpg 2000w\" sizes=\"auto, (max-width: 300px) 100vw, 300px\" \/><img loading=\"lazy\" decoding=\"async\" class=\"alignnone size-medium wp-image-13997\" src=\"https:\/\/esentevibrationale.com\/wp-content\/uploads\/2019\/08\/75fb10ae-3584-4f23-92e3-c7c17cd322f7-300x138.jpg\" alt=\"\" width=\"300\" height=\"138\" srcset=\"https:\/\/esentevibrationale.com\/wp-content\/uploads\/2019\/08\/75fb10ae-3584-4f23-92e3-c7c17cd322f7-300x138.jpg 300w, https:\/\/esentevibrationale.com\/wp-content\/uploads\/2019\/08\/75fb10ae-3584-4f23-92e3-c7c17cd322f7-1024x471.jpg 1024w, https:\/\/esentevibrationale.com\/wp-content\/uploads\/2019\/08\/75fb10ae-3584-4f23-92e3-c7c17cd322f7-768x353.jpg 768w, https:\/\/esentevibrationale.com\/wp-content\/uploads\/2019\/08\/75fb10ae-3584-4f23-92e3-c7c17cd322f7-1536x707.jpg 1536w, https:\/\/esentevibrationale.com\/wp-content\/uploads\/2019\/08\/75fb10ae-3584-4f23-92e3-c7c17cd322f7.jpg 1600w\" sizes=\"auto, (max-width: 300px) 100vw, 300px\" \/><\/p>\n","protected":false},"excerpt":{"rendered":"<p>PHI Essences \u00ae \u2013 Andreas KORTE Cursul Delfin\u00ae MAGIA DELFINILOR POATE \u00ceNCEPE&#8230; Not\u0103: Aceasta este doar plata \u00een avans de 200 euro pentru \u00eenregistrare. Cursul complet f\u0103r\u0103 zboruri, hotel \u0219i m\u00e2ncare cost\u0103 490, Euro. Mai multe informa\u021bii vezi mai jos. 19.01.2026 &#8211; 23. 02.2025 Februarie \u2013 Limba Spaniol\u0103 \u020ant\u00e2lnire cu Delfinii Cursul este experimental \u015fi &hellip; <a href=\"https:\/\/esentevibrationale.com\/?product=cursul-delfin-21-25-februarie-2022-limba-spaniola-franceza\" class=\"more-link\">Continu\u0103 lectura <span class=\"screen-reader-text\">Cursul Delfin\u00ae &#8211;  19 &#8211; 23 Ianuarie 2026 \u2013 Limba Spaniol\u0103<\/span> <span class=\"meta-nav\">&rarr;<\/span><\/a><\/p>\n","protected":false},"featured_media":13421,"template":"","meta":[],"product_brand":[],"product_cat":[60],"product_tag":[],"class_list":{"0":"post-13420","1":"product","2":"type-product","3":"status-publish","4":"has-post-thumbnail","6":"product_cat-cursul-delfin-in-tenerife-2026","8":"first","9":"instock","10":"shipping-taxable","11":"purchasable","12":"product-type-simple"},"_links":{"self":[{"href":"https:\/\/esentevibrationale.com\/index.php?rest_route=\/wp\/v2\/product\/13420","targetHints":{"allow":["GET"]}}],"collection":[{"href":"https:\/\/esentevibrationale.com\/index.php?rest_route=\/wp\/v2\/product"}],"about":[{"href":"https:\/\/esentevibrationale.com\/index.php?rest_route=\/wp\/v2\/types\/product"}],"wp:featuredmedia":[{"embeddable":true,"href":"https:\/\/esentevibrationale.com\/index.php?rest_route=\/wp\/v2\/media\/13421"}],"wp:attachment":[{"href":"https:\/\/esentevibrationale.com\/index.php?rest_route=%2Fwp%2Fv2%2Fmedia&parent=13420"}],"wp:term":[{"taxonomy":"product_brand","embeddable":true,"href":"https:\/\/esentevibrationale.com\/index.php?rest_route=%2Fwp%2Fv2%2Fproduct_brand&post=13420"},{"taxonomy":"product_cat","embeddable":true,"href":"https:\/\/esentevibrationale.com\/index.php?rest_route=%2Fwp%2Fv2%2Fproduct_cat&post=13420"},{"taxonomy":"product_tag","embeddable":true,"href":"https:\/\/esentevibrationale.com\/index.php?rest_route=%2Fwp%2Fv2%2Fproduct_tag&post=13420"}],"curies":[{"name":"wp","href":"https:\/\/api.w.org\/{rel}","templated":true}]}}