{"id":1343,"date":"2018-11-12T08:37:22","date_gmt":"2018-11-12T07:37:22","guid":{"rendered":"http:\/\/phiessences.com\/Romania\/?post_type=product&#038;p=1343"},"modified":"2026-01-03T18:53:53","modified_gmt":"2026-01-03T16:53:53","slug":"tibetane-rock-rose","status":"publish","type":"product","link":"https:\/\/esentevibrationale.com\/?product=tibetane-rock-rose","title":{"rendered":"Tibetane Rock Rose \/ Trandafir de Roc\u0103 Tibetan"},"content":{"rendered":"<p><strong>(Rosa moyesii) <\/strong><\/p>\n<p><em>Trandafirul Tibetan de Roc\u0103 a venit \u00een Europa din zonele muntoase din vestul Chinei \u00eencep\u00e2nd cu primii ani ai secolului \u0219i este unul din cei mai renumi\u021bi \u0219i populari trandafiri s\u0103lbatici. Florile au culoarea ro\u0219u aprins \u0219i apar individual sau \u00een ciorchini la \u00eenceputul lunii iunie \u0219i au \u00eentre 5 &#8211; 7 cm diametru, iar petalele \u00een form\u0103 de inim\u0103 sunt aliniate str\u00e2ns. Arbustul ajunge p\u00e2n\u0103 la 2 m \u00een\u0103l\u021bime \u0219i face m\u0103ce\u0219e destul de mari ro\u0219ii-portocalii, care \u00eel fac mai colorat, dec\u00e2t atunci c\u00e2nd era \u00eenflorit.<\/em><\/p>\n<p><strong><em>Efectul Esen\u021bei: <\/em><\/strong>Esen\u021ba Trandafirului Tibetan de Roc\u0103 stimuleaz\u0103 \u00eencrederea, leg\u0103tura noastr\u0103 cu P\u0103m\u00e2ntul, \u00eencrederea \u00een noi \u00een\u0219ine \u0219i dorin\u021ba noastr\u0103 de a ne accepta \u0219i de a ne iubi exact a\u0219a cum suntem. Esen\u021ba este utilizat\u0103 pentru vindecarea Mamei P\u0103m\u00e2nt.<\/p>\n<p><strong><em>Efectul Esen\u021bei la Nivel Fizic: <\/em><\/strong>Lipsa de \u00a0\u00eencredere \u00een noi \u00een\u0219ine, \u00een mediul \u00eenconjur\u0103tor sau \u00een via\u021b\u0103 \u00een general, se poate manifesta fizic ca simptome diferite de sl\u0103biciune. \u00cen aceste cazuri, esen\u021ba Trandafirului Tibetan de Roc\u0103 ne poate ajuta la nivel energetic, trezind \u00een noi puterile de auto-vindecare \u0219i rezisten\u021ba. Sentimentul de for\u021b\u0103 dob\u00e2ndit ne consolideaz\u0103 \u00eencrederea \u00een noi \u0219i \u00een corpul nostru.<\/p>\n<p><strong><em>Efectul Esen\u021bei la Nivel Emo\u021bional: <\/em><\/strong>Esen\u021ba sus\u021bine oamenii \u00een dezvoltarea iubirii pentru ei \u00een\u0219i\u0219i, iar iubirea de sine c\u00e2\u0219tigat\u0103 \u0219i tr\u0103it\u0103 este condi\u021bia de baz\u0103 pentru leg\u0103turile emo\u021bionale cu ceilal\u021bi oameni.<\/p>\n<p><strong><em>Efectul Esen\u021bei la Nivel Mental: <\/em><\/strong>Cu ajutorul \u00a0esen\u021bei ne conect\u0103m cu P\u0103m\u00e2ntul, care ne poate oferi o intens\u0103 for\u021b\u0103 mental\u0103. Planurile \u0219i ideile vor fi implementate mai u\u0219or printr-un sim\u021b \u00eembun\u0103t\u0103\u021bit al realit\u0103\u021bii \u0219i printr-o cre\u0219tere a \u00eencrederii de sine. Astfel, bucuria de via\u021b\u0103 \u00eencurajat\u0103 ne transmite impulsuri benefice, care stimuleaz\u0103 puterea intelectual\u0103 \u0219i creativ\u0103.<\/p>\n<p><strong><em>Efectul Esen\u021bei la Nivel Spiritual: <\/em><\/strong>Esen\u021ba ne &#8222;poart\u0103&#8221; cu vibra\u021bia \u00eencrederii \u00een noi \u00een\u0219ine \u00een via\u021b\u0103. Ne putem bucura de u\u0219urin\u021ba fiin\u021bei \u0219i de a fi \u00eenc\u0103 ancorat \u00een siguran\u021b\u0103 \u0219i ferm \u00een P\u0103m\u00e2nt, locul care este sursa puterii. Aceasta este abilitatea de a putea deschide cuno\u0219tin\u021be superioare, de a le o experimenta \u0219i de a le integra \u00een via\u021ba de zi cu zi.<\/p>\n<p><strong><em>Afirma\u021bia: <\/em><\/strong>Experimentez P\u0103m\u00e2ntul din jurul meu \u0219i m\u0103 iubesc \u00een aceast\u0103 unitate.<\/p>\n","protected":false},"excerpt":{"rendered":"<p>(Rosa moyesii) Trandafirul Tibetan de Roc\u0103 a venit \u00een Europa din zonele muntoase din vestul Chinei \u00eencep\u00e2nd cu primii ani ai secolului \u0219i este unul din cei mai renumi\u021bi \u0219i populari trandafiri s\u0103lbatici. Florile au culoarea ro\u0219u aprins \u0219i apar individual sau \u00een ciorchini la \u00eenceputul lunii iunie \u0219i au \u00eentre 5 &#8211; 7 cm &hellip; <a href=\"https:\/\/esentevibrationale.com\/?product=tibetane-rock-rose\" class=\"more-link\">Continu\u0103 lectura <span class=\"screen-reader-text\">Tibetane Rock Rose \/ Trandafir de Roc\u0103 Tibetan<\/span> <span class=\"meta-nav\">&rarr;<\/span><\/a><\/p>\n","protected":false},"featured_media":1323,"template":"","meta":[],"product_brand":[],"product_cat":[42],"product_tag":[],"class_list":{"0":"post-1343","1":"product","2":"type-product","3":"status-publish","4":"has-post-thumbnail","6":"product_cat-esente-de-trandafiri","7":"pa_size-15ml","8":"pa_size-30ml","10":"first","11":"instock","12":"shipping-taxable","13":"purchasable","14":"product-type-variable","15":"has-default-attributes"},"_links":{"self":[{"href":"https:\/\/esentevibrationale.com\/index.php?rest_route=\/wp\/v2\/product\/1343","targetHints":{"allow":["GET"]}}],"collection":[{"href":"https:\/\/esentevibrationale.com\/index.php?rest_route=\/wp\/v2\/product"}],"about":[{"href":"https:\/\/esentevibrationale.com\/index.php?rest_route=\/wp\/v2\/types\/product"}],"wp:featuredmedia":[{"embeddable":true,"href":"https:\/\/esentevibrationale.com\/index.php?rest_route=\/wp\/v2\/media\/1323"}],"wp:attachment":[{"href":"https:\/\/esentevibrationale.com\/index.php?rest_route=%2Fwp%2Fv2%2Fmedia&parent=1343"}],"wp:term":[{"taxonomy":"product_brand","embeddable":true,"href":"https:\/\/esentevibrationale.com\/index.php?rest_route=%2Fwp%2Fv2%2Fproduct_brand&post=1343"},{"taxonomy":"product_cat","embeddable":true,"href":"https:\/\/esentevibrationale.com\/index.php?rest_route=%2Fwp%2Fv2%2Fproduct_cat&post=1343"},{"taxonomy":"product_tag","embeddable":true,"href":"https:\/\/esentevibrationale.com\/index.php?rest_route=%2Fwp%2Fv2%2Fproduct_tag&post=1343"}],"curies":[{"name":"wp","href":"https:\/\/api.w.org\/{rel}","templated":true}]}}