{"id":13433,"date":"2022-02-03T19:25:12","date_gmt":"2022-02-03T17:25:12","guid":{"rendered":"https:\/\/esentevibrationale.com\/?post_type=product&#038;p=13433"},"modified":"2024-08-04T06:18:18","modified_gmt":"2024-08-04T03:18:18","slug":"mixtura-pentru-piele","status":"publish","type":"product","link":"https:\/\/esentevibrationale.com\/?product=mixtura-pentru-piele","title":{"rendered":"Mixtur\u0103 pentru Piele"},"content":{"rendered":"<p>Aceast\u0103 esen\u0163\u0103 ac\u0163ioneaz\u0103 ca un suport de energie pentru piele. Lucreaz\u0103 pentru a proteja \u015fi regenera pielea. Ne ajut\u0103 s\u0103 fim con\u015ftien\u0163i de ceea ce este &#8222;interior&#8221; \u015fi ceea ce este &#8222;exterior&#8221; fiin\u0163ei noastre, \u00een acest mod noi putem sc\u0103pa de vechile limit\u0103ri \u015fi bariere, astfel ne permitem s\u0103 evolu\u0103m. Pentru cei care sunt prea \u201csensibili\u201d \u00een rela\u0163iile lor. Activeaz\u0103 poten\u0163ialul de auto-vindecare al corpului nostru, pentru a restabili echilibrul interior \u015fi armonia.<\/p>\n<p>Ac\u021biunea Cremei Self Heal \u00een combina\u021bie cu mixtura pentru piele \u00a0\u00eenainte \u0219i dup\u0103 aplicarea de 3-4 ori.<\/p>\n<p><img loading=\"lazy\" decoding=\"async\" class=\"alignnone size-medium wp-image-14226\" src=\"https:\/\/esentevibrationale.com\/wp-content\/uploads\/2018\/10\/crema-si-cainele-225x300.jpg\" alt=\"\" width=\"225\" height=\"300\" srcset=\"https:\/\/esentevibrationale.com\/wp-content\/uploads\/2018\/10\/crema-si-cainele-225x300.jpg 225w, https:\/\/esentevibrationale.com\/wp-content\/uploads\/2018\/10\/crema-si-cainele-300x400.jpg 300w, https:\/\/esentevibrationale.com\/wp-content\/uploads\/2018\/10\/crema-si-cainele-45x60.jpg 45w, https:\/\/esentevibrationale.com\/wp-content\/uploads\/2018\/10\/crema-si-cainele-68x90.jpg 68w, https:\/\/esentevibrationale.com\/wp-content\/uploads\/2018\/10\/crema-si-cainele.jpg 768w\" sizes=\"auto, (max-width: 225px) 100vw, 225px\" \/><img loading=\"lazy\" decoding=\"async\" class=\"alignnone size-medium wp-image-14227\" src=\"https:\/\/esentevibrationale.com\/wp-content\/uploads\/2018\/10\/photo_2024-08-04_06-08-37-3-300x225.jpg\" alt=\"\" width=\"300\" height=\"225\" srcset=\"https:\/\/esentevibrationale.com\/wp-content\/uploads\/2018\/10\/photo_2024-08-04_06-08-37-3-300x225.jpg 300w, https:\/\/esentevibrationale.com\/wp-content\/uploads\/2018\/10\/photo_2024-08-04_06-08-37-3-768x576.jpg 768w, https:\/\/esentevibrationale.com\/wp-content\/uploads\/2018\/10\/photo_2024-08-04_06-08-37-3-80x60.jpg 80w, https:\/\/esentevibrationale.com\/wp-content\/uploads\/2018\/10\/photo_2024-08-04_06-08-37-3-120x90.jpg 120w, https:\/\/esentevibrationale.com\/wp-content\/uploads\/2018\/10\/photo_2024-08-04_06-08-37-3.jpg 1024w\" sizes=\"auto, (max-width: 300px) 100vw, 300px\" \/><img loading=\"lazy\" decoding=\"async\" class=\"alignnone size-medium wp-image-14228\" src=\"https:\/\/esentevibrationale.com\/wp-content\/uploads\/2018\/10\/photo_2024-08-04_06-08-37-4-300x225.jpg\" alt=\"\" width=\"300\" height=\"225\" srcset=\"https:\/\/esentevibrationale.com\/wp-content\/uploads\/2018\/10\/photo_2024-08-04_06-08-37-4-300x225.jpg 300w, https:\/\/esentevibrationale.com\/wp-content\/uploads\/2018\/10\/photo_2024-08-04_06-08-37-4-768x576.jpg 768w, https:\/\/esentevibrationale.com\/wp-content\/uploads\/2018\/10\/photo_2024-08-04_06-08-37-4-80x60.jpg 80w, https:\/\/esentevibrationale.com\/wp-content\/uploads\/2018\/10\/photo_2024-08-04_06-08-37-4-120x90.jpg 120w, https:\/\/esentevibrationale.com\/wp-content\/uploads\/2018\/10\/photo_2024-08-04_06-08-37-4.jpg 1024w\" sizes=\"auto, (max-width: 300px) 100vw, 300px\" \/><\/p>\n","protected":false},"excerpt":{"rendered":"<p>Aceast\u0103 esen\u0163\u0103 ac\u0163ioneaz\u0103 ca un suport de energie pentru piele. Lucreaz\u0103 pentru a proteja \u015fi regenera pielea. Ne ajut\u0103 s\u0103 fim con\u015ftien\u0163i de ceea ce este &#8222;interior&#8221; \u015fi ceea ce este &#8222;exterior&#8221; fiin\u0163ei noastre, \u00een acest mod noi putem sc\u0103pa de vechile limit\u0103ri \u015fi bariere, astfel ne permitem s\u0103 evolu\u0103m. Pentru cei care sunt prea &hellip; <a href=\"https:\/\/esentevibrationale.com\/?product=mixtura-pentru-piele\" class=\"more-link\">Continu\u0103 lectura <span class=\"screen-reader-text\">Mixtur\u0103 pentru Piele<\/span> <span class=\"meta-nav\">&rarr;<\/span><\/a><\/p>\n","protected":false},"featured_media":13434,"template":"","meta":[],"product_brand":[],"product_cat":[77],"product_tag":[],"class_list":{"0":"post-13433","1":"product","2":"type-product","3":"status-publish","4":"has-post-thumbnail","6":"product_cat-mixturi","7":"pa_size-15ml","8":"pa_size-30ml","10":"first","11":"instock","12":"shipping-taxable","13":"purchasable","14":"product-type-variable","15":"has-default-attributes"},"_links":{"self":[{"href":"https:\/\/esentevibrationale.com\/index.php?rest_route=\/wp\/v2\/product\/13433","targetHints":{"allow":["GET"]}}],"collection":[{"href":"https:\/\/esentevibrationale.com\/index.php?rest_route=\/wp\/v2\/product"}],"about":[{"href":"https:\/\/esentevibrationale.com\/index.php?rest_route=\/wp\/v2\/types\/product"}],"wp:featuredmedia":[{"embeddable":true,"href":"https:\/\/esentevibrationale.com\/index.php?rest_route=\/wp\/v2\/media\/13434"}],"wp:attachment":[{"href":"https:\/\/esentevibrationale.com\/index.php?rest_route=%2Fwp%2Fv2%2Fmedia&parent=13433"}],"wp:term":[{"taxonomy":"product_brand","embeddable":true,"href":"https:\/\/esentevibrationale.com\/index.php?rest_route=%2Fwp%2Fv2%2Fproduct_brand&post=13433"},{"taxonomy":"product_cat","embeddable":true,"href":"https:\/\/esentevibrationale.com\/index.php?rest_route=%2Fwp%2Fv2%2Fproduct_cat&post=13433"},{"taxonomy":"product_tag","embeddable":true,"href":"https:\/\/esentevibrationale.com\/index.php?rest_route=%2Fwp%2Fv2%2Fproduct_tag&post=13433"}],"curies":[{"name":"wp","href":"https:\/\/api.w.org\/{rel}","templated":true}]}}