{"id":13439,"date":"2022-02-04T15:15:04","date_gmt":"2022-02-04T13:15:04","guid":{"rendered":"https:\/\/esentevibrationale.com\/?post_type=product&#038;p=13439"},"modified":"2022-09-15T14:33:08","modified_gmt":"2022-09-15T11:33:08","slug":"mixtura-pentru-spate","status":"publish","type":"product","link":"https:\/\/esentevibrationale.com\/?product=mixtura-pentru-spate","title":{"rendered":"Mixtur\u0103 pentru Spate"},"content":{"rendered":"<p><strong>\u00a0<\/strong><\/p>\n<p>Stimuleaz\u0103 mai bine postura fizic\u0103, coloana vertebrala \u015fi de asemenea, o bun\u0103 cunoa\u0219tere a naturii noastre \u00een pozi\u0163ie vertical\u0103. Ne ajut\u0103 s\u0103 ne des-chid\u0103 \u015fi s\u0103 ne extind\u0103 Chakra inimii, dezvolt\u00e2nd sinceritatea \u015fi integritatea. Deschide profund inima (Chakra a patra), astfel \u00eenc\u00e2t putem experimenta dragostea la cele mai profunde niveluri ale sale, un fel de dragoste, care se ofer\u0103 f\u0103r\u0103 a a\u015ftepta ceva \u00een schimb. Pentru o inim\u0103 vesel\u0103, pur\u0103 \u015fi cald\u0103. Esen\u0163\u0103 aduce con\u015ftiin\u0163a noastr\u0103 p\u00e2n\u0103 la cel mai profund nivel celular. Apoi putem experimenta con\u015ftiin\u0163a noastr\u0103 \u00een cele mai mici componente ale materiei. Cu aceast\u0103 esen\u0163\u0103 putem dezvolta \u00een\u0163elegerea Mamei P\u0103m\u00e2nt \u015fi a fiec\u0103rei viet\u0103\u0163i care tr\u0103ie\u015fte aici. Aceasta ne ajut\u0103 s\u0103 risipeasc\u0103 blocajele energetice \u015fi s-a dovedit ca fiind de un real succes \u00een eliberarea durerii din zona lombar\u0103 a spatelui. Elimin\u0103 \u00een special blocajele fizice.<\/p>\n","protected":false},"excerpt":{"rendered":"<p>\u00a0 Stimuleaz\u0103 mai bine postura fizic\u0103, coloana vertebrala \u015fi de asemenea, o bun\u0103 cunoa\u0219tere a naturii noastre \u00een pozi\u0163ie vertical\u0103. Ne ajut\u0103 s\u0103 ne des-chid\u0103 \u015fi s\u0103 ne extind\u0103 Chakra inimii, dezvolt\u00e2nd sinceritatea \u015fi integritatea. Deschide profund inima (Chakra a patra), astfel \u00eenc\u00e2t putem experimenta dragostea la cele mai profunde niveluri ale sale, un fel &hellip; <a href=\"https:\/\/esentevibrationale.com\/?product=mixtura-pentru-spate\" class=\"more-link\">Continu\u0103 lectura <span class=\"screen-reader-text\">Mixtur\u0103 pentru Spate<\/span> <span class=\"meta-nav\">&rarr;<\/span><\/a><\/p>\n","protected":false},"featured_media":13440,"template":"","meta":[],"product_brand":[],"product_cat":[77],"product_tag":[],"class_list":{"0":"post-13439","1":"product","2":"type-product","3":"status-publish","4":"has-post-thumbnail","6":"product_cat-mixturi","7":"pa_size-15ml","8":"pa_size-30ml","10":"first","11":"instock","12":"shipping-taxable","13":"purchasable","14":"product-type-variable","15":"has-default-attributes"},"_links":{"self":[{"href":"https:\/\/esentevibrationale.com\/index.php?rest_route=\/wp\/v2\/product\/13439","targetHints":{"allow":["GET"]}}],"collection":[{"href":"https:\/\/esentevibrationale.com\/index.php?rest_route=\/wp\/v2\/product"}],"about":[{"href":"https:\/\/esentevibrationale.com\/index.php?rest_route=\/wp\/v2\/types\/product"}],"wp:featuredmedia":[{"embeddable":true,"href":"https:\/\/esentevibrationale.com\/index.php?rest_route=\/wp\/v2\/media\/13440"}],"wp:attachment":[{"href":"https:\/\/esentevibrationale.com\/index.php?rest_route=%2Fwp%2Fv2%2Fmedia&parent=13439"}],"wp:term":[{"taxonomy":"product_brand","embeddable":true,"href":"https:\/\/esentevibrationale.com\/index.php?rest_route=%2Fwp%2Fv2%2Fproduct_brand&post=13439"},{"taxonomy":"product_cat","embeddable":true,"href":"https:\/\/esentevibrationale.com\/index.php?rest_route=%2Fwp%2Fv2%2Fproduct_cat&post=13439"},{"taxonomy":"product_tag","embeddable":true,"href":"https:\/\/esentevibrationale.com\/index.php?rest_route=%2Fwp%2Fv2%2Fproduct_tag&post=13439"}],"curies":[{"name":"wp","href":"https:\/\/api.w.org\/{rel}","templated":true}]}}