{"id":13448,"date":"2022-02-04T15:32:36","date_gmt":"2022-02-04T13:32:36","guid":{"rendered":"https:\/\/esentevibrationale.com\/?post_type=product&#038;p=13448"},"modified":"2022-09-25T16:17:43","modified_gmt":"2022-09-25T13:17:43","slug":"mixtura-pentru-anxietate","status":"publish","type":"product","link":"https:\/\/esentevibrationale.com\/?product=mixtura-pentru-anxietate","title":{"rendered":"Bucurie de Viat\u0103"},"content":{"rendered":"<p>Acest\u0103 mixtur\u0103 activeaz\u0103 puterile congenitale de vindecare ale corpului la nivel celular. Une\u015fte aspectele fizic (culoarea verde) \u015fi spiritual (culoarea roz) al Sinelui. Pentru a activa poten\u0163ialul de auto-vindecare al corpului nostru, pentru a restabili echilibrul interior \u015fi armonia. Recomandat\u0103 \u00een caz de extenuare, \u0219oc, epuizare, de asemenea, dup\u0103 o interven\u0163ie chirurgical\u0103. Consolideaz\u0103 &#8222;energia vital\u0103&#8221;, contribuind \u00een acest mod la refacerea sistemul imunitar al organismului, atunci c\u00e2nd acesta este sl\u0103bit. Ne \u00eemp\u0103m\u00e2nteaz\u0103 \u015fi \u00eent\u0103re\u015fte for\u0163a nostr\u0103 interior\u0103 de via\u0163\u0103. Ne ajut\u0103 s\u0103 dep\u0103\u015fim energiile exterioare &#8222;parazit&#8221;, pe care le vom \u00eent\u00e2lni \u00een jur.<\/p>\n","protected":false},"excerpt":{"rendered":"<p>Acest\u0103 mixtur\u0103 activeaz\u0103 puterile congenitale de vindecare ale corpului la nivel celular. Une\u015fte aspectele fizic (culoarea verde) \u015fi spiritual (culoarea roz) al Sinelui. Pentru a activa poten\u0163ialul de auto-vindecare al corpului nostru, pentru a restabili echilibrul interior \u015fi armonia. Recomandat\u0103 \u00een caz de extenuare, \u0219oc, epuizare, de asemenea, dup\u0103 o interven\u0163ie chirurgical\u0103. Consolideaz\u0103 &#8222;energia vital\u0103&#8221;, &hellip; <a href=\"https:\/\/esentevibrationale.com\/?product=mixtura-pentru-anxietate\" class=\"more-link\">Continu\u0103 lectura <span class=\"screen-reader-text\">Bucurie de Viat\u0103<\/span> <span class=\"meta-nav\">&rarr;<\/span><\/a><\/p>\n","protected":false},"featured_media":13568,"template":"","meta":[],"product_brand":[],"product_cat":[77],"product_tag":[],"class_list":{"0":"post-13448","1":"product","2":"type-product","3":"status-publish","4":"has-post-thumbnail","6":"product_cat-mixturi","7":"pa_size-15ml","8":"pa_size-30ml","10":"first","11":"instock","12":"shipping-taxable","13":"purchasable","14":"product-type-variable","15":"has-default-attributes"},"_links":{"self":[{"href":"https:\/\/esentevibrationale.com\/index.php?rest_route=\/wp\/v2\/product\/13448","targetHints":{"allow":["GET"]}}],"collection":[{"href":"https:\/\/esentevibrationale.com\/index.php?rest_route=\/wp\/v2\/product"}],"about":[{"href":"https:\/\/esentevibrationale.com\/index.php?rest_route=\/wp\/v2\/types\/product"}],"wp:featuredmedia":[{"embeddable":true,"href":"https:\/\/esentevibrationale.com\/index.php?rest_route=\/wp\/v2\/media\/13568"}],"wp:attachment":[{"href":"https:\/\/esentevibrationale.com\/index.php?rest_route=%2Fwp%2Fv2%2Fmedia&parent=13448"}],"wp:term":[{"taxonomy":"product_brand","embeddable":true,"href":"https:\/\/esentevibrationale.com\/index.php?rest_route=%2Fwp%2Fv2%2Fproduct_brand&post=13448"},{"taxonomy":"product_cat","embeddable":true,"href":"https:\/\/esentevibrationale.com\/index.php?rest_route=%2Fwp%2Fv2%2Fproduct_cat&post=13448"},{"taxonomy":"product_tag","embeddable":true,"href":"https:\/\/esentevibrationale.com\/index.php?rest_route=%2Fwp%2Fv2%2Fproduct_tag&post=13448"}],"curies":[{"name":"wp","href":"https:\/\/api.w.org\/{rel}","templated":true}]}}