{"id":13455,"date":"2022-02-04T15:40:45","date_gmt":"2022-02-04T13:40:45","guid":{"rendered":"https:\/\/esentevibrationale.com\/?post_type=product&#038;p=13455"},"modified":"2026-01-12T19:27:46","modified_gmt":"2026-01-12T17:27:46","slug":"mixtura-pentru-ochi-obositi","status":"publish","type":"product","link":"https:\/\/esentevibrationale.com\/?product=mixtura-pentru-ochi-obositi","title":{"rendered":"Mixtur\u0103 pentru Ochi Obosi\u0163i"},"content":{"rendered":"<p>Mixtura \u00eembun\u0103t\u0103\u0163e\u015fte concentrarea noastr\u0103, \u00eent\u0103re\u015fte abilitatea noastr\u0103 de a vedea lucrurile mult mai clar, inclusiv sl\u0103biciunile personale. Esen\u0163a sprijin\u0103 cur\u0103\u0163area \u015fi clarificarea personal\u0103 pe toate nivelele. Relaxeaza ambele p\u0103r\u0163i corpul \u015fi mintea, echilibreaz\u0103 energiile noastre \u015fi promoveaz\u0103 abilit\u01ce\u0163ile noastre s\u0103 medit\u01cem \u015fi s\u0103 avem vise s\u01cen\u01cetoase. Ascute capacitatea noastr\u0103 de a vedea \u00een mod clar, at\u00e2t fizic, c\u00e2t \u015fi l\u0103untric. Aceast\u0103 esen\u0163\u0103 ne ajut\u0103 s\u0103 ac\u0163ion\u0103m ra\u0163ional \u00een timpul crizelor emo\u0163ionale \u015fi ne consoleaz\u01ce, \u00een acela\u015fi timp, \u00een vremurile de am\u0103r\u0103ciune. Ne aduce un spirit clar \u015fi \u00eent\u0103re\u015fte vederea. Ne ofer\u0103 experien\u0163a de flexibilitate \u015fi rapiditate.<\/p>\n<p><strong><em>\u00cenainte de folosirea mixturii<\/em><\/strong><\/p>\n<p><img loading=\"lazy\" decoding=\"async\" class=\"alignnone size-medium wp-image-14852\" src=\"https:\/\/esentevibrationale.com\/wp-content\/uploads\/2022\/02\/ochi-cu-vas-229x300.jpg\" alt=\"\" width=\"229\" height=\"300\" srcset=\"https:\/\/esentevibrationale.com\/wp-content\/uploads\/2022\/02\/ochi-cu-vas-229x300.jpg 229w, https:\/\/esentevibrationale.com\/wp-content\/uploads\/2022\/02\/ochi-cu-vas-780x1024.jpg 780w, https:\/\/esentevibrationale.com\/wp-content\/uploads\/2022\/02\/ochi-cu-vas-768x1008.jpg 768w, https:\/\/esentevibrationale.com\/wp-content\/uploads\/2022\/02\/ochi-cu-vas-300x394.jpg 300w, https:\/\/esentevibrationale.com\/wp-content\/uploads\/2022\/02\/ochi-cu-vas.jpg 975w\" sizes=\"auto, (max-width: 229px) 100vw, 229px\" \/><img loading=\"lazy\" decoding=\"async\" class=\"alignnone size-medium wp-image-14853\" src=\"https:\/\/esentevibrationale.com\/wp-content\/uploads\/2022\/02\/2-ochi-300x178.jpg\" alt=\"\" width=\"300\" height=\"178\" srcset=\"https:\/\/esentevibrationale.com\/wp-content\/uploads\/2022\/02\/2-ochi-300x178.jpg 300w, https:\/\/esentevibrationale.com\/wp-content\/uploads\/2022\/02\/2-ochi-1024x608.jpg 1024w, https:\/\/esentevibrationale.com\/wp-content\/uploads\/2022\/02\/2-ochi-768x456.jpg 768w, https:\/\/esentevibrationale.com\/wp-content\/uploads\/2022\/02\/2-ochi.jpg 1280w\" sizes=\"auto, (max-width: 300px) 100vw, 300px\" \/><\/p>\n<p><strong><em>La 5 zile ochiul este total regenerat<\/em><\/strong><\/p>\n<p><img loading=\"lazy\" decoding=\"async\" class=\"alignnone wp-image-14855\" src=\"https:\/\/esentevibrationale.com\/wp-content\/uploads\/2022\/02\/ochi-4-300x225.jpg\" alt=\"\" width=\"245\" height=\"184\" srcset=\"https:\/\/esentevibrationale.com\/wp-content\/uploads\/2022\/02\/ochi-4-300x225.jpg 300w, https:\/\/esentevibrationale.com\/wp-content\/uploads\/2022\/02\/ochi-4-768x577.jpg 768w, https:\/\/esentevibrationale.com\/wp-content\/uploads\/2022\/02\/ochi-4.jpg 780w\" sizes=\"auto, (max-width: 245px) 100vw, 245px\" \/><img loading=\"lazy\" decoding=\"async\" class=\"alignnone size-medium wp-image-14856\" src=\"https:\/\/esentevibrationale.com\/wp-content\/uploads\/2022\/02\/ochi-3-300x105.jpg\" alt=\"\" width=\"300\" height=\"105\" srcset=\"https:\/\/esentevibrationale.com\/wp-content\/uploads\/2022\/02\/ochi-3-300x105.jpg 300w, https:\/\/esentevibrationale.com\/wp-content\/uploads\/2022\/02\/ochi-3-1024x359.jpg 1024w, https:\/\/esentevibrationale.com\/wp-content\/uploads\/2022\/02\/ochi-3-768x269.jpg 768w, https:\/\/esentevibrationale.com\/wp-content\/uploads\/2022\/02\/ochi-3.jpg 1280w\" sizes=\"auto, (max-width: 300px) 100vw, 300px\" \/><\/p>\n<p><strong><em>\u00cen mod normal, un vas de s\u00e2nge spart la ochi <\/em><\/strong><strong><em>se resoarbe \u00een aproximativ <\/em><\/strong><strong><em>2 s\u0103pt\u0103m\u00e2ni.<\/em><\/strong><\/p>\n<p>&nbsp;<\/p>\n<p>&nbsp;<\/p>\n","protected":false},"excerpt":{"rendered":"<p>Mixtura \u00eembun\u0103t\u0103\u0163e\u015fte concentrarea noastr\u0103, \u00eent\u0103re\u015fte abilitatea noastr\u0103 de a vedea lucrurile mult mai clar, inclusiv sl\u0103biciunile personale. Esen\u0163a sprijin\u0103 cur\u0103\u0163area \u015fi clarificarea personal\u0103 pe toate nivelele. Relaxeaza ambele p\u0103r\u0163i corpul \u015fi mintea, echilibreaz\u0103 energiile noastre \u015fi promoveaz\u0103 abilit\u01ce\u0163ile noastre s\u0103 medit\u01cem \u015fi s\u0103 avem vise s\u01cen\u01cetoase. Ascute capacitatea noastr\u0103 de a vedea \u00een mod clar, &hellip; <a href=\"https:\/\/esentevibrationale.com\/?product=mixtura-pentru-ochi-obositi\" class=\"more-link\">Continu\u0103 lectura <span class=\"screen-reader-text\">Mixtur\u0103 pentru Ochi Obosi\u0163i<\/span> <span class=\"meta-nav\">&rarr;<\/span><\/a><\/p>\n","protected":false},"featured_media":13456,"template":"","meta":[],"product_brand":[],"product_cat":[77],"product_tag":[],"class_list":{"0":"post-13455","1":"product","2":"type-product","3":"status-publish","4":"has-post-thumbnail","6":"product_cat-mixturi","7":"pa_size-15ml","8":"pa_size-30ml","10":"first","11":"instock","12":"shipping-taxable","13":"purchasable","14":"product-type-variable","15":"has-default-attributes"},"_links":{"self":[{"href":"https:\/\/esentevibrationale.com\/index.php?rest_route=\/wp\/v2\/product\/13455","targetHints":{"allow":["GET"]}}],"collection":[{"href":"https:\/\/esentevibrationale.com\/index.php?rest_route=\/wp\/v2\/product"}],"about":[{"href":"https:\/\/esentevibrationale.com\/index.php?rest_route=\/wp\/v2\/types\/product"}],"wp:featuredmedia":[{"embeddable":true,"href":"https:\/\/esentevibrationale.com\/index.php?rest_route=\/wp\/v2\/media\/13456"}],"wp:attachment":[{"href":"https:\/\/esentevibrationale.com\/index.php?rest_route=%2Fwp%2Fv2%2Fmedia&parent=13455"}],"wp:term":[{"taxonomy":"product_brand","embeddable":true,"href":"https:\/\/esentevibrationale.com\/index.php?rest_route=%2Fwp%2Fv2%2Fproduct_brand&post=13455"},{"taxonomy":"product_cat","embeddable":true,"href":"https:\/\/esentevibrationale.com\/index.php?rest_route=%2Fwp%2Fv2%2Fproduct_cat&post=13455"},{"taxonomy":"product_tag","embeddable":true,"href":"https:\/\/esentevibrationale.com\/index.php?rest_route=%2Fwp%2Fv2%2Fproduct_tag&post=13455"}],"curies":[{"name":"wp","href":"https:\/\/api.w.org\/{rel}","templated":true}]}}