{"id":1350,"date":"2018-11-12T09:20:27","date_gmt":"2018-11-12T08:20:27","guid":{"rendered":"http:\/\/phiessences.com\/Romania\/?post_type=product&#038;p=1350"},"modified":"2026-01-03T18:50:26","modified_gmt":"2026-01-03T16:50:26","slug":"queen-of-danemarcei-rose","status":"publish","type":"product","link":"https:\/\/esentevibrationale.com\/?product=queen-of-danemarcei-rose","title":{"rendered":"Queen of Danemarcei Rose \/ Trandafirul Regina Danemarcei"},"content":{"rendered":"<p><strong>(Rosa alba) <\/strong><\/p>\n<p><em>Rosa Alba (trandafirii albi) au frunze deschide de culoare verde-gri, cresc vertical \u0219i au flori atr\u0103g\u0103toare \u0219i parfumate. Aceast\u0103 specie a fost pentru prima oar\u0103 cultivat\u0103 \u00een anul 1816. Trandafirul \u00eenflore\u0219te din bel\u0219ug este rezistent \u0219i de lung\u0103 durat\u0103. Acest soi a fost adus tribut Marie Sophie Friederike, so\u021bia lui Frederic al-IV-le al Danemarcei. Florile intens parfumate sunt perfect \u00eemp\u0103r\u021bite \u0219i au doar tonuri de roz. \u00cen mod cert este cel mai frumos trandafir din specia rosa alba, iube\u0219te umezeala, \u00eenflore\u0219te chiar \u0219i c\u00e2nd plou\u0103.<\/em><\/p>\n<p><strong><em>Efectul Esen\u021bei<\/em>: <\/strong>Esen\u021ba Trandafirului &#8222;Regina Danemarcei&#8221; ne permite s\u0103 dep\u0103\u0219im r\u0103nile emo\u021bionale, s\u0103 oferim \u0219i s\u0103 primim dragoste.<\/p>\n<p><strong><em>Efectul Esen\u021bei la Nivel Fizic: <\/em><\/strong>Leziunile emo\u021bionale, dezam\u0103girile, durerea, etc., pot cauza multe dezechilibre corporale. Esen\u021ba ne sprijin\u0103 energetic s\u0103 elimin\u0103m aceste cauze. Acest lucru poate duce la o \u00eembun\u0103t\u0103\u021bire a zonei fizice.<\/p>\n<p><strong><em>Efectul Esen\u021bei la Nivel Emo\u021bional: <\/em><\/strong>Esen\u021ba Trandafirului &#8222;Regina Danemarcei&#8221; ajut\u0103 la dizolvarea &#8222;\u00een\u021bep\u0103turii&#8221; dezam\u0103girii sau a v\u0103t\u0103m\u0103rii \u0219i ajut\u0103 la eliberarea inimii. Ajut\u0103 la dep\u0103\u0219irea durerii, a grijilor, a temerilor \u0219i a desp\u0103r\u021birilor \u0219i a altor lovituri ale sor\u021bii. Devenim capabili s\u0103 oferim dragoste \u0219i s\u0103 dep\u0103\u0219im triste\u021bea prin iubire. Promoveaz\u0103 procesul de formare \u0219i de eliberare al emo\u021biilor pentru a le stabiliza din nou.<\/p>\n<p><strong><em>Efectul Esen\u021bei la Nivel Mental: <\/em><\/strong>Esen\u021ba ne face con\u0219tien\u021bi de faptul ca noi ne recuper\u0103m energia pe care o radiem, \u00een acela\u0219i mod \u00een care &#8222;strig\u0103m \u00een p\u0103dure \u0219i p\u0103durea ne \u00eentoarce strig\u0103tul&#8221;. Se consolideaz\u0103 for\u021ba mental\u0103 prin eliberarea min\u021bii de emo\u021biile stresante, acest lucru poate ajuta la auto-vindecare.<\/p>\n<p><strong><em>Efectul Esen\u021bei la Nivel Spiritual: <\/em><\/strong>Trezirea iubirii \u00een inimile noastre poate fi o experien\u021b\u0103 spiritual\u0103 profund\u0103. Noi laturi iubitoare ale personalit\u0103\u021bii noastre se pot dezvolta \u0219i aceast\u0103 energie radiaz\u0103 mult \u00een lume \u0219i re- vine ca o reac\u021bie pozitiv\u0103.<\/p>\n<p><strong><em>Afirma\u021bia: <\/em><\/strong>Permit ca dragostea mea s\u0103 se desf\u0103\u0219oare, s\u0103 radieze \u0219i s\u0103 accepte iubirea celorlal\u021bi cu inima deschis\u0103<\/p>\n","protected":false},"excerpt":{"rendered":"<p>(Rosa alba) Rosa Alba (trandafirii albi) au frunze deschide de culoare verde-gri, cresc vertical \u0219i au flori atr\u0103g\u0103toare \u0219i parfumate. Aceast\u0103 specie a fost pentru prima oar\u0103 cultivat\u0103 \u00een anul 1816. Trandafirul \u00eenflore\u0219te din bel\u0219ug este rezistent \u0219i de lung\u0103 durat\u0103. Acest soi a fost adus tribut Marie Sophie Friederike, so\u021bia lui Frederic al-IV-le al &hellip; <a href=\"https:\/\/esentevibrationale.com\/?product=queen-of-danemarcei-rose\" class=\"more-link\">Continu\u0103 lectura <span class=\"screen-reader-text\">Queen of Danemarcei Rose \/ Trandafirul Regina Danemarcei<\/span> <span class=\"meta-nav\">&rarr;<\/span><\/a><\/p>\n","protected":false},"featured_media":13223,"template":"","meta":[],"product_brand":[],"product_cat":[42],"product_tag":[],"class_list":{"0":"post-1350","1":"product","2":"type-product","3":"status-publish","4":"has-post-thumbnail","6":"product_cat-esente-de-trandafiri","7":"pa_size-15ml","8":"pa_size-30ml","10":"first","11":"instock","12":"shipping-taxable","13":"purchasable","14":"product-type-variable","15":"has-default-attributes"},"_links":{"self":[{"href":"https:\/\/esentevibrationale.com\/index.php?rest_route=\/wp\/v2\/product\/1350","targetHints":{"allow":["GET"]}}],"collection":[{"href":"https:\/\/esentevibrationale.com\/index.php?rest_route=\/wp\/v2\/product"}],"about":[{"href":"https:\/\/esentevibrationale.com\/index.php?rest_route=\/wp\/v2\/types\/product"}],"wp:featuredmedia":[{"embeddable":true,"href":"https:\/\/esentevibrationale.com\/index.php?rest_route=\/wp\/v2\/media\/13223"}],"wp:attachment":[{"href":"https:\/\/esentevibrationale.com\/index.php?rest_route=%2Fwp%2Fv2%2Fmedia&parent=1350"}],"wp:term":[{"taxonomy":"product_brand","embeddable":true,"href":"https:\/\/esentevibrationale.com\/index.php?rest_route=%2Fwp%2Fv2%2Fproduct_brand&post=1350"},{"taxonomy":"product_cat","embeddable":true,"href":"https:\/\/esentevibrationale.com\/index.php?rest_route=%2Fwp%2Fv2%2Fproduct_cat&post=1350"},{"taxonomy":"product_tag","embeddable":true,"href":"https:\/\/esentevibrationale.com\/index.php?rest_route=%2Fwp%2Fv2%2Fproduct_tag&post=1350"}],"curies":[{"name":"wp","href":"https:\/\/api.w.org\/{rel}","templated":true}]}}