{"id":13539,"date":"2022-06-09T13:22:38","date_gmt":"2022-06-09T10:22:38","guid":{"rendered":"https:\/\/esentevibrationale.com\/?post_type=product&#038;p=13539"},"modified":"2026-03-11T04:56:06","modified_gmt":"2026-03-11T02:56:06","slug":"pandantiv-inger","status":"publish","type":"product","link":"https:\/\/esentevibrationale.com\/?product=pandantiv-inger","title":{"rendered":"Pandantiv \u00cenger"},"content":{"rendered":"<p><span class=\"yiv3446749804ydp7865f2daY2IQFc\" lang=\"ro\">Acest pandantiv de \u00eenger este umplut cu esen\u021b\u0103 crop circle # 215 (\u00eenger) \u0219i esen\u021b\u0103 oceanic\u0103 # 31. Pandantivul este conceput pentru a v\u0103 ajuta s\u0103 dep\u0103\u0219i\u021bi cu energie momentele rele. \u00cengerii reprezint\u0103 protec\u021bia vie\u021bii. Toate pandantivele PHI sunt realizate manual prin tehnica de suflare a sticlei, care dateaz\u0103 din secolul al IV-lea \u00een Germania.<\/span><\/p>\n<p><img loading=\"lazy\" decoding=\"async\" class=\"alignnone size-medium wp-image-14709\" src=\"https:\/\/esentevibrationale.com\/wp-content\/uploads\/2022\/06\/photo_2025-09-25_13-11-19-225x300.jpg\" alt=\"\" width=\"225\" height=\"300\" srcset=\"https:\/\/esentevibrationale.com\/wp-content\/uploads\/2022\/06\/photo_2025-09-25_13-11-19-225x300.jpg 225w, https:\/\/esentevibrationale.com\/wp-content\/uploads\/2022\/06\/photo_2025-09-25_13-11-19-768x1024.jpg 768w, https:\/\/esentevibrationale.com\/wp-content\/uploads\/2022\/06\/photo_2025-09-25_13-11-19-300x400.jpg 300w, https:\/\/esentevibrationale.com\/wp-content\/uploads\/2022\/06\/photo_2025-09-25_13-11-19.jpg 960w\" sizes=\"auto, (max-width: 225px) 100vw, 225px\" \/><img loading=\"lazy\" decoding=\"async\" class=\"alignnone size-medium wp-image-14711\" src=\"https:\/\/esentevibrationale.com\/wp-content\/uploads\/2022\/06\/279089098_10224074614506151_6826976177701556320_n-253x300.jpg\" alt=\"\" width=\"253\" height=\"300\" srcset=\"https:\/\/esentevibrationale.com\/wp-content\/uploads\/2022\/06\/279089098_10224074614506151_6826976177701556320_n-253x300.jpg 253w, https:\/\/esentevibrationale.com\/wp-content\/uploads\/2022\/06\/279089098_10224074614506151_6826976177701556320_n-768x912.jpg 768w, https:\/\/esentevibrationale.com\/wp-content\/uploads\/2022\/06\/279089098_10224074614506151_6826976177701556320_n-300x356.jpg 300w, https:\/\/esentevibrationale.com\/wp-content\/uploads\/2022\/06\/279089098_10224074614506151_6826976177701556320_n.jpg 808w\" sizes=\"auto, (max-width: 253px) 100vw, 253px\" \/><\/p>\n","protected":false},"excerpt":{"rendered":"<p>Acest pandantiv de \u00eenger este umplut cu esen\u021b\u0103 crop circle # 215 (\u00eenger) \u0219i esen\u021b\u0103 oceanic\u0103 # 31. Pandantivul este conceput pentru a v\u0103 ajuta s\u0103 dep\u0103\u0219i\u021bi cu energie momentele rele. \u00cengerii reprezint\u0103 protec\u021bia vie\u021bii. Toate pandantivele PHI sunt realizate manual prin tehnica de suflare a sticlei, care dateaz\u0103 din secolul al IV-lea \u00een Germania.<\/p>\n","protected":false},"featured_media":13540,"template":"","meta":[],"product_brand":[],"product_cat":[39],"product_tag":[],"class_list":{"0":"post-13539","1":"product","2":"type-product","3":"status-publish","4":"has-post-thumbnail","6":"product_cat-pandantive","8":"first","9":"instock","10":"shipping-taxable","11":"purchasable","12":"product-type-simple"},"_links":{"self":[{"href":"https:\/\/esentevibrationale.com\/index.php?rest_route=\/wp\/v2\/product\/13539","targetHints":{"allow":["GET"]}}],"collection":[{"href":"https:\/\/esentevibrationale.com\/index.php?rest_route=\/wp\/v2\/product"}],"about":[{"href":"https:\/\/esentevibrationale.com\/index.php?rest_route=\/wp\/v2\/types\/product"}],"wp:featuredmedia":[{"embeddable":true,"href":"https:\/\/esentevibrationale.com\/index.php?rest_route=\/wp\/v2\/media\/13540"}],"wp:attachment":[{"href":"https:\/\/esentevibrationale.com\/index.php?rest_route=%2Fwp%2Fv2%2Fmedia&parent=13539"}],"wp:term":[{"taxonomy":"product_brand","embeddable":true,"href":"https:\/\/esentevibrationale.com\/index.php?rest_route=%2Fwp%2Fv2%2Fproduct_brand&post=13539"},{"taxonomy":"product_cat","embeddable":true,"href":"https:\/\/esentevibrationale.com\/index.php?rest_route=%2Fwp%2Fv2%2Fproduct_cat&post=13539"},{"taxonomy":"product_tag","embeddable":true,"href":"https:\/\/esentevibrationale.com\/index.php?rest_route=%2Fwp%2Fv2%2Fproduct_tag&post=13539"}],"curies":[{"name":"wp","href":"https:\/\/api.w.org\/{rel}","templated":true}]}}