{"id":1354,"date":"2018-11-12T09:25:25","date_gmt":"2018-11-12T08:25:25","guid":{"rendered":"http:\/\/phiessences.com\/Romania\/?post_type=product&#038;p=1354"},"modified":"2026-01-03T18:49:23","modified_gmt":"2026-01-03T16:49:23","slug":"provence-rose","status":"publish","type":"product","link":"https:\/\/esentevibrationale.com\/?product=provence-rose","title":{"rendered":"Provence Rose \/ Trandafir din Provence"},"content":{"rendered":"<p><strong>(Rosa centifolia)<\/strong><\/p>\n<p><em>Ace\u0219ti trandafiri sunt cunoscu\u021bi sub numele de varz\u0103 sau &#8222;trandafiri Provance&#8221; \u0219i sunt considera\u021bi epitetul &#8222;trandafirilor b\u0103tr\u00e2ni&#8221;. Un parfum intens \u0219i o abunden\u021b\u0103 luxuriant\u0103 de flori \u00een tonuri roz diferite \u00eei caracterizeaz\u0103. Acest parfum denumit &#8211; parfumul Centifolia \u00een onoarea grupului &#8211; a devenit parte integrant\u0103 \u00een descrierea de parfumuri ale soiurilor moderne. Arbustul atinge 2 m \u00een\u0103l\u021bime, motiv pentru care pare c\u0103 se destram\u0103. \u00cenflore\u0219te o dat\u0103 pe an \u00een timpul prim\u0103verii.<\/em><\/p>\n<p><strong><em>Efectul Esen\u021bei: <\/em><\/strong>Esen\u021ba Trandafirului Provance ne ajut\u0103 s\u0103 dep\u0103\u0219im contradic\u021biile aparente dintre g\u00e2ndurile \u0219i emo\u021biile noastre \u0219i une\u0219te inima cu mintea.<\/p>\n<p><strong><em>Efectul Esen\u021bei la Nivel Fizic: <\/em><\/strong>Contrastele cu care ne confrunt\u0103m zilnic pot fi, totodat\u0103, dificile pentru organismul nostru. Prin echilibrul energetic, furnizat de aceast\u0103 esen\u021ba, experiment\u0103m stabilitate \u0219i armonie fizic\u0103.<\/p>\n<p><strong><em>Efectul Esen\u021bei la Nivel Emo\u021bional: <\/em><\/strong>Esen\u021ba creeaz\u0103 un echilibru \u00eentre minte \u0219i sentimente, \u00eentre inim\u0103 \u0219i minte. Este recomandat\u0103 persoanelor care v\u0103d iubirea &#8222;intelectual&#8221; \u0219i sunt interesa\u021bi &#8222;s\u0103 o explice&#8221; \u00een loc s\u0103 o simt\u0103 \u0219i s\u0103 o tr\u0103iasc\u0103. Pe de alt\u0103 parte, ne ajut\u0103 s\u0103 vedem realitatea, \u00een ciuda sentimentelor noastre.<\/p>\n<p><strong><em>Efectul Esen\u021bei la Nivel Mental: <\/em><\/strong>Cu aceast\u0103 esen\u021b\u0103 cre\u0103m disponibilitatea de a &#8222;umple&#8221; experien\u021bele \u0219i cunoa\u0219terea mental\u0103 cu dragoste. Acest lucru ofer\u0103 cuvintelor \u0219i gesturilor o calitate nou\u0103, plin\u0103 de iubire \u0219i ne conecteaz\u0103 cu ceilal\u021bi.<\/p>\n<p><em><strong>Efectul Esen\u021bei la Nivel Spiritual: <\/strong><\/em>Aceast\u0103 esen\u021b\u0103 permite s\u0103 privim situa\u021biile \u00een lumina iubirii. Acum mintea poate fi folosit\u0103 pentru noi cuno\u0219tin\u021be, care fac dreptate sentimentelor noastre \u0219i ale celorlal\u021bi.<\/p>\n<p><strong><em>Afirma\u021bia: <\/em><\/strong>Mintea \u0219i sentimentele mele se unesc \u0219i inima mea vibreaz\u0103 \u00een dragoste.<\/p>\n","protected":false},"excerpt":{"rendered":"<p>(Rosa centifolia) Ace\u0219ti trandafiri sunt cunoscu\u021bi sub numele de varz\u0103 sau &#8222;trandafiri Provance&#8221; \u0219i sunt considera\u021bi epitetul &#8222;trandafirilor b\u0103tr\u00e2ni&#8221;. Un parfum intens \u0219i o abunden\u021b\u0103 luxuriant\u0103 de flori \u00een tonuri roz diferite \u00eei caracterizeaz\u0103. Acest parfum denumit &#8211; parfumul Centifolia \u00een onoarea grupului &#8211; a devenit parte integrant\u0103 \u00een descrierea de parfumuri ale soiurilor moderne. &hellip; <a href=\"https:\/\/esentevibrationale.com\/?product=provence-rose\" class=\"more-link\">Continu\u0103 lectura <span class=\"screen-reader-text\">Provence Rose \/ Trandafir din Provence<\/span> <span class=\"meta-nav\">&rarr;<\/span><\/a><\/p>\n","protected":false},"featured_media":13224,"template":"","meta":[],"product_brand":[],"product_cat":[42],"product_tag":[],"class_list":{"0":"post-1354","1":"product","2":"type-product","3":"status-publish","4":"has-post-thumbnail","6":"product_cat-esente-de-trandafiri","7":"pa_size-15ml","8":"pa_size-30ml","10":"first","11":"instock","12":"shipping-taxable","13":"purchasable","14":"product-type-variable","15":"has-default-attributes"},"_links":{"self":[{"href":"https:\/\/esentevibrationale.com\/index.php?rest_route=\/wp\/v2\/product\/1354","targetHints":{"allow":["GET"]}}],"collection":[{"href":"https:\/\/esentevibrationale.com\/index.php?rest_route=\/wp\/v2\/product"}],"about":[{"href":"https:\/\/esentevibrationale.com\/index.php?rest_route=\/wp\/v2\/types\/product"}],"wp:featuredmedia":[{"embeddable":true,"href":"https:\/\/esentevibrationale.com\/index.php?rest_route=\/wp\/v2\/media\/13224"}],"wp:attachment":[{"href":"https:\/\/esentevibrationale.com\/index.php?rest_route=%2Fwp%2Fv2%2Fmedia&parent=1354"}],"wp:term":[{"taxonomy":"product_brand","embeddable":true,"href":"https:\/\/esentevibrationale.com\/index.php?rest_route=%2Fwp%2Fv2%2Fproduct_brand&post=1354"},{"taxonomy":"product_cat","embeddable":true,"href":"https:\/\/esentevibrationale.com\/index.php?rest_route=%2Fwp%2Fv2%2Fproduct_cat&post=1354"},{"taxonomy":"product_tag","embeddable":true,"href":"https:\/\/esentevibrationale.com\/index.php?rest_route=%2Fwp%2Fv2%2Fproduct_tag&post=1354"}],"curies":[{"name":"wp","href":"https:\/\/api.w.org\/{rel}","templated":true}]}}