{"id":13551,"date":"2022-08-31T12:28:48","date_gmt":"2022-08-31T09:28:48","guid":{"rendered":"https:\/\/esentevibrationale.com\/?post_type=product&#038;p=13551"},"modified":"2023-07-10T14:28:25","modified_gmt":"2023-07-10T11:28:25","slug":"cartea-terapia-holistica-cu-lumina-hlt","status":"publish","type":"product","link":"https:\/\/esentevibrationale.com\/?product=cartea-terapia-holistica-cu-lumina-hlt","title":{"rendered":"CARTEA TERAPIA HOLISTIC\u0102 CU LUMIN\u0102 HLT\u00ae"},"content":{"rendered":"<div class=\"QmZWSe\">\n<div class=\"DHcWmd\"><\/div>\n<\/div>\n<p><span class=\"Y2IQFc\" lang=\"ro\">Aceast\u0103 carte reprezint\u0103 cheia \u00een\u021belegerii HLT\u00ae &#8211; Medicina viitorului. Holistic Light Therapy\u00ae ( <strong>Terapia Holistic\u0103 cu Lumin\u0103<\/strong> <strong>HLT\u00ae<\/strong>) combin\u0103 efectele vindec\u0103toare ale luminii, culorii, muzicii \u0219i terapiei cu esen\u021be. Con\u021bine informa\u021bii despre pietrele pre\u021bioase, flori, trandafiri, cactusi, orhidee, animale marine, delfini, animale terestre \u0219i formele geometrice ale cercurilor ap\u0103rute \u00een culturi, care sunt cheia informa\u021biilor originale despre geometria sacr\u0103.\u00a0 Carte are 284 pagini color.<\/span><\/p>\n","protected":false},"excerpt":{"rendered":"<p>Aceast\u0103 carte reprezint\u0103 cheia \u00een\u021belegerii HLT\u00ae &#8211; Medicina viitorului. Holistic Light Therapy\u00ae ( Terapia Holistic\u0103 cu Lumin\u0103 HLT\u00ae) combin\u0103 efectele vindec\u0103toare ale luminii, culorii, muzicii \u0219i terapiei cu esen\u021be. Con\u021bine informa\u021bii despre pietrele pre\u021bioase, flori, trandafiri, cactusi, orhidee, animale marine, delfini, animale terestre \u0219i formele geometrice ale cercurilor ap\u0103rute \u00een culturi, care sunt cheia informa\u021biilor &hellip; <a href=\"https:\/\/esentevibrationale.com\/?product=cartea-terapia-holistica-cu-lumina-hlt\" class=\"more-link\">Continu\u0103 lectura <span class=\"screen-reader-text\">CARTEA TERAPIA HOLISTIC\u0102 CU LUMIN\u0102 HLT\u00ae<\/span> <span class=\"meta-nav\">&rarr;<\/span><\/a><\/p>\n","protected":false},"featured_media":13550,"template":"","meta":[],"product_brand":[],"product_cat":[68],"product_tag":[],"class_list":{"0":"post-13551","1":"product","2":"type-product","3":"status-publish","4":"has-post-thumbnail","6":"product_cat-carti-postere-seturi-cu-carduri","8":"first","9":"instock","10":"shipping-taxable","11":"purchasable","12":"product-type-simple"},"_links":{"self":[{"href":"https:\/\/esentevibrationale.com\/index.php?rest_route=\/wp\/v2\/product\/13551","targetHints":{"allow":["GET"]}}],"collection":[{"href":"https:\/\/esentevibrationale.com\/index.php?rest_route=\/wp\/v2\/product"}],"about":[{"href":"https:\/\/esentevibrationale.com\/index.php?rest_route=\/wp\/v2\/types\/product"}],"wp:featuredmedia":[{"embeddable":true,"href":"https:\/\/esentevibrationale.com\/index.php?rest_route=\/wp\/v2\/media\/13550"}],"wp:attachment":[{"href":"https:\/\/esentevibrationale.com\/index.php?rest_route=%2Fwp%2Fv2%2Fmedia&parent=13551"}],"wp:term":[{"taxonomy":"product_brand","embeddable":true,"href":"https:\/\/esentevibrationale.com\/index.php?rest_route=%2Fwp%2Fv2%2Fproduct_brand&post=13551"},{"taxonomy":"product_cat","embeddable":true,"href":"https:\/\/esentevibrationale.com\/index.php?rest_route=%2Fwp%2Fv2%2Fproduct_cat&post=13551"},{"taxonomy":"product_tag","embeddable":true,"href":"https:\/\/esentevibrationale.com\/index.php?rest_route=%2Fwp%2Fv2%2Fproduct_tag&post=13551"}],"curies":[{"name":"wp","href":"https:\/\/api.w.org\/{rel}","templated":true}]}}