{"id":13556,"date":"2022-09-25T15:22:45","date_gmt":"2022-09-25T12:22:45","guid":{"rendered":"https:\/\/esentevibrationale.com\/?post_type=product&#038;p=13556"},"modified":"2022-09-25T15:39:13","modified_gmt":"2022-09-25T12:39:13","slug":"abundenta","status":"publish","type":"product","link":"https:\/\/esentevibrationale.com\/?product=abundenta","title":{"rendered":"Abunden\u021b\u0103"},"content":{"rendered":"<p>Aceast\u0103 esen\u0163\u0103 deschide \u00een noi Iubirea Universal\u0103, care ne este oferit\u0103 f\u0103r\u0103 restric\u0163ii. Astfel vom devenii capabili s\u0103 d\u0103m \u015fi s\u0103 primim \u00een mod liber, ca un &#8222;corn al abunden\u0163ei&#8221;. Aduce un sentiment de abunden\u0163\u0103 \u00een via\u0163a noastr\u0103. Este bun\u0103 pentru inspira\u0163ie. Stimuleaz\u01ce creativitatea natural\u0103 a p\u0103r\u0163ii noastre feminine.<\/p>\n","protected":false},"excerpt":{"rendered":"<p>Aceast\u0103 esen\u0163\u0103 deschide \u00een noi Iubirea Universal\u0103, care ne este oferit\u0103 f\u0103r\u0103 restric\u0163ii. Astfel vom devenii capabili s\u0103 d\u0103m \u015fi s\u0103 primim \u00een mod liber, ca un &#8222;corn al abunden\u0163ei&#8221;. Aduce un sentiment de abunden\u0163\u0103 \u00een via\u0163a noastr\u0103. Este bun\u0103 pentru inspira\u0163ie. Stimuleaz\u01ce creativitatea natural\u0103 a p\u0103r\u0163ii noastre feminine.<\/p>\n","protected":false},"featured_media":13557,"template":"","meta":[],"product_brand":[],"product_cat":[77],"product_tag":[],"class_list":{"0":"post-13556","1":"product","2":"type-product","3":"status-publish","4":"has-post-thumbnail","6":"product_cat-mixturi","7":"pa_size-15ml","8":"pa_size-30ml","10":"first","11":"instock","12":"shipping-taxable","13":"purchasable","14":"product-type-variable","15":"has-default-attributes"},"_links":{"self":[{"href":"https:\/\/esentevibrationale.com\/index.php?rest_route=\/wp\/v2\/product\/13556","targetHints":{"allow":["GET"]}}],"collection":[{"href":"https:\/\/esentevibrationale.com\/index.php?rest_route=\/wp\/v2\/product"}],"about":[{"href":"https:\/\/esentevibrationale.com\/index.php?rest_route=\/wp\/v2\/types\/product"}],"wp:featuredmedia":[{"embeddable":true,"href":"https:\/\/esentevibrationale.com\/index.php?rest_route=\/wp\/v2\/media\/13557"}],"wp:attachment":[{"href":"https:\/\/esentevibrationale.com\/index.php?rest_route=%2Fwp%2Fv2%2Fmedia&parent=13556"}],"wp:term":[{"taxonomy":"product_brand","embeddable":true,"href":"https:\/\/esentevibrationale.com\/index.php?rest_route=%2Fwp%2Fv2%2Fproduct_brand&post=13556"},{"taxonomy":"product_cat","embeddable":true,"href":"https:\/\/esentevibrationale.com\/index.php?rest_route=%2Fwp%2Fv2%2Fproduct_cat&post=13556"},{"taxonomy":"product_tag","embeddable":true,"href":"https:\/\/esentevibrationale.com\/index.php?rest_route=%2Fwp%2Fv2%2Fproduct_tag&post=13556"}],"curies":[{"name":"wp","href":"https:\/\/api.w.org\/{rel}","templated":true}]}}