{"id":13560,"date":"2022-09-25T15:30:48","date_gmt":"2022-09-25T12:30:48","guid":{"rendered":"https:\/\/esentevibrationale.com\/?post_type=product&#038;p=13560"},"modified":"2025-09-25T11:49:41","modified_gmt":"2025-09-25T08:49:41","slug":"memorie","status":"publish","type":"product","link":"https:\/\/esentevibrationale.com\/?product=memorie","title":{"rendered":"Memorie \/ Creier"},"content":{"rendered":"<p>Esen\u0163a ne conecteaz\u0103 puternic cu p\u0103m\u00e2ntul, ne d\u0103 stabilitate, for\u0163\u0103 \u015fi apoi prin Chakra coroan\u0103 ne conecteaz\u0103 cu Chakrele superiore. Creaz\u0103 echilibru \u00eentre jos \u015fi sus. Energia corpului fizic \u015fi corpurile energetice sunt stimulate \u015fi circul\u0103 \u00een mod liber. Prin urmare torul de energie este incitat \u015fi circul\u0103 de jos \u00een sus. Esen\u0163a are un efect puternic pozitiv asupra creierului. \u020an primul r\u00e2nd lobul frontal este stimulat, apoi p\u0103r\u0163ile laterale \u015fi apoi toat\u0103 structura creierului. Emo\u0163ional purific\u0103 g\u00e2ndurile noastre \u015fi stimuleaz\u0103 corpul mental. G\u00e2ndurile sunt clare \u015fi structurate. Ne \u00eent\u0103re\u015fte pe plan intern.<\/p>\n<p><strong><em>Pacientul dup\u0103 dou\u0103 s\u0103pt\u0103m\u00e2ni bea singur \u0219i se bucur\u0103 de via\u021b\u0103.<\/em><\/strong><\/p>\n<div style=\"width: 352px;\" class=\"wp-video\"><video class=\"wp-video-shortcode\" id=\"video-13560-1\" width=\"352\" height=\"640\" preload=\"metadata\" controls=\"controls\"><source type=\"video\/mp4\" src=\"https:\/\/esentevibrationale.com\/wp-content\/uploads\/2022\/09\/video_2025-09-25_11-47-54.mp4?_=1\" \/><a href=\"https:\/\/esentevibrationale.com\/wp-content\/uploads\/2022\/09\/video_2025-09-25_11-47-54.mp4\">https:\/\/esentevibrationale.com\/wp-content\/uploads\/2022\/09\/video_2025-09-25_11-47-54.mp4<\/a><\/video><\/div>\n","protected":false},"excerpt":{"rendered":"<p>Esen\u0163a ne conecteaz\u0103 puternic cu p\u0103m\u00e2ntul, ne d\u0103 stabilitate, for\u0163\u0103 \u015fi apoi prin Chakra coroan\u0103 ne conecteaz\u0103 cu Chakrele superiore. Creaz\u0103 echilibru \u00eentre jos \u015fi sus. Energia corpului fizic \u015fi corpurile energetice sunt stimulate \u015fi circul\u0103 \u00een mod liber. Prin urmare torul de energie este incitat \u015fi circul\u0103 de jos \u00een sus. Esen\u0163a are un &hellip; <a href=\"https:\/\/esentevibrationale.com\/?product=memorie\" class=\"more-link\">Continu\u0103 lectura <span class=\"screen-reader-text\">Memorie \/ Creier<\/span> <span class=\"meta-nav\">&rarr;<\/span><\/a><\/p>\n","protected":false},"featured_media":13561,"template":"","meta":[],"product_brand":[],"product_cat":[77],"product_tag":[],"class_list":{"0":"post-13560","1":"product","2":"type-product","3":"status-publish","4":"has-post-thumbnail","6":"product_cat-mixturi","7":"pa_size-15ml","8":"pa_size-30ml","10":"first","11":"instock","12":"shipping-taxable","13":"purchasable","14":"product-type-variable","15":"has-default-attributes"},"_links":{"self":[{"href":"https:\/\/esentevibrationale.com\/index.php?rest_route=\/wp\/v2\/product\/13560","targetHints":{"allow":["GET"]}}],"collection":[{"href":"https:\/\/esentevibrationale.com\/index.php?rest_route=\/wp\/v2\/product"}],"about":[{"href":"https:\/\/esentevibrationale.com\/index.php?rest_route=\/wp\/v2\/types\/product"}],"wp:featuredmedia":[{"embeddable":true,"href":"https:\/\/esentevibrationale.com\/index.php?rest_route=\/wp\/v2\/media\/13561"}],"wp:attachment":[{"href":"https:\/\/esentevibrationale.com\/index.php?rest_route=%2Fwp%2Fv2%2Fmedia&parent=13560"}],"wp:term":[{"taxonomy":"product_brand","embeddable":true,"href":"https:\/\/esentevibrationale.com\/index.php?rest_route=%2Fwp%2Fv2%2Fproduct_brand&post=13560"},{"taxonomy":"product_cat","embeddable":true,"href":"https:\/\/esentevibrationale.com\/index.php?rest_route=%2Fwp%2Fv2%2Fproduct_cat&post=13560"},{"taxonomy":"product_tag","embeddable":true,"href":"https:\/\/esentevibrationale.com\/index.php?rest_route=%2Fwp%2Fv2%2Fproduct_tag&post=13560"}],"curies":[{"name":"wp","href":"https:\/\/api.w.org\/{rel}","templated":true}]}}