{"id":13569,"date":"2022-10-11T19:37:29","date_gmt":"2022-10-11T16:37:29","guid":{"rendered":"https:\/\/esentevibrationale.com\/?post_type=product&#038;p=13569"},"modified":"2024-07-02T12:06:03","modified_gmt":"2024-07-02T09:06:03","slug":"setul-hlt-post-operator","status":"publish","type":"product","link":"https:\/\/esentevibrationale.com\/?product=setul-hlt-post-operator","title":{"rendered":"Setul HLT\u00ae Post-operator"},"content":{"rendered":"<p>Dup\u0103 interven\u021bia chirurgical\u0103 exist\u0103 posibilitatea de a aplica tratamente HLT<strong>\u00ae <\/strong>direct \u00een timpul procesului de vindecare \u0219i astfel se va accelera procesul. Am putut s\u0103-l \u00eencerc \u0219i eu dup\u0103 o interven\u021bie chirurgical\u0103 la ochi, care a produs incizii mari deasupra \u0219i dedesubtul ambilor ochi. Primul tratament l-am f\u0103cut imediat dup\u0103 opera\u021bie, c\u00e2nd m-am trezit din anestezie \u0219i m-am \u00eentors \u00een camera de hotel. Zona nou operat\u0103 este iradiat\u0103 special. Dou\u0103zeci \u0219i patru de ore mai t\u00e2rziu, al doilea<\/p>\n<table width=\"100%\">\n<tbody>\n<tr>\n<td><strong>C\u00e2nd m-am \u00eent\u00e2lnit din nou cu medicul la 48 de ore dup\u0103 opera\u021bie, acesta a fost \u0219ocat \u0219i cu greu \u00eei venea s\u0103 cread\u0103 c\u00e2t de bine se vindecase totul. Mi-a spus c\u0103 de obicei nu arat\u0103 a\u0219a, dec\u00e2t dup\u0103 cel pu\u021bin o s\u0103pt\u0103m\u00e2n\u0103 sau zece zile.<\/strong><\/td>\n<\/tr>\n<\/tbody>\n<\/table>\n<p>tratament HLT<strong>\u00ae<\/strong>. \u00centotdeauna cu acelea\u0219i esen\u021be \u0219i diapozitive.<\/p>\n<p><span class=\"Y2IQFc\" lang=\"ro\">\u00a0<\/span><\/p>\n<p><img loading=\"lazy\" decoding=\"async\" class=\"alignnone wp-image-13571\" src=\"https:\/\/esentevibrationale.com\/wp-content\/uploads\/2022\/10\/Postoperativ2-300x241.jpg\" alt=\"\" width=\"461\" height=\"370\" srcset=\"https:\/\/esentevibrationale.com\/wp-content\/uploads\/2022\/10\/Postoperativ2-300x241.jpg 300w, https:\/\/esentevibrationale.com\/wp-content\/uploads\/2022\/10\/Postoperativ2.jpg 738w\" sizes=\"auto, (max-width: 461px) 100vw, 461px\" \/><\/p>\n<p>Andreas Korte<\/p>\n<p>Ce se \u00eent\u00e2mpl\u0103 \u00een tratamentul HLT\u00ae\u00a0direct dup\u0103 opera\u021bie?<\/p>\n<ul>\n<li>Informa\u021bia luminoas\u0103 este trimis c\u0103tre celule<\/li>\n<li>Celulele sunt \u00eenc\u0103rcate energetic<\/li>\n<li>Puterile de auto-vindecare sunt activate<\/li>\n<li>\u021aesutul \u0219i celulele sunt stimulate<\/li>\n<li>Pacientul se poate duce acas\u0103 mai repede<\/li>\n<li>Economii (reprezint\u0103 \u0219i un cost sc\u0103zut pentru s\u0103n\u0103tate pentru compania de asigur\u0103ri sau pentru cei care ofer\u0103 servicii medicale)<\/li>\n<li>Pacien\u021bii sunt satisf\u0103cu\u021bi<\/li>\n<\/ul>\n<p><img loading=\"lazy\" decoding=\"async\" class=\"alignnone wp-image-13572\" src=\"https:\/\/esentevibrationale.com\/wp-content\/uploads\/2022\/10\/post1.jpg\" alt=\"\" width=\"213\" height=\"252\" \/> \u00a0\u00a0\u00a0\u00a0\u00a0\u00a0\u00a0\u00a0\u00a0 <img loading=\"lazy\" decoding=\"async\" class=\"alignnone wp-image-13573\" src=\"https:\/\/esentevibrationale.com\/wp-content\/uploads\/2022\/10\/post2.jpg\" alt=\"\" width=\"215\" height=\"255\" \/><\/p>\n<p><em>\u00a0\u00a0\u00a0\u00a0\u00a0\u00a0\u00a0\u00a0\u00a0 <\/em>\u00cenainte de HLT<strong>\u00ae<\/strong> \u00a0\u00a0\u00a0\u00a0\u00a0\u00a0\u00a0\u00a0\u00a0\u00a0\u00a0\u00a0\u00a0\u00a0\u00a0\u00a0\u00a0\u00a0\u00a0\u00a0\u00a0\u00a0\u00a0\u00a0\u00a0\u00a0\u00a0\u00a0\u00a0\u00a0\u00a0\u00a0\u00a0\u00a0 Dup\u0103 HLT<strong>\u00ae<\/strong> procesul de vindecare se accelereaz\u0103<\/p>\n<p><strong><em>Esen\u021be pentru HLT<\/em><\/strong><strong>\u00ae<\/strong><strong><em> post operatoriu<\/em><\/strong><\/p>\n<table style=\"height: 475px;\" width=\"584\">\n<tbody>\n<tr>\n<td><strong>Watermelon Turmaline \/ Turmalin\u0103 Pepene Verde<\/strong> \u2013 \u00eent\u0103rirea structurii celulelor \u0219i activarea puterilor de auto-vindecare<\/p>\n<p><strong>Self-Heal \/ Busuioc S\u0103lbatic<\/strong> \u2013 pentru activarea puterilor de auto-vindecare<\/p>\n<p><strong>Algae \/ Alg\u0103<\/strong> \u2013 are un efect pozitiv asupra celulelor; regenerarea celular\u0103 \u0219i \u00eent\u0103rirea procesele de auto-vindecare<\/p>\n<p><strong>K9\/K9<\/strong> \u2013 \u00eent\u0103re\u0219te energetic puterile de auto-vindecare \u0219i sistemul imunitar<\/p>\n<p><strong>Sea anemone \/ Anemon\u0103 Marin\u0103<\/strong> \u2013 promoveaz\u0103 vindecarea r\u0103nilor \u0219i cicatricilor<\/p>\n<p><strong>Delph<\/strong><strong>\u00ae<\/strong>\u00a0\u2013 \u00a0\u00eent\u0103re\u0219te energia vital\u0103 \u0219i activeaz\u0103 puterile de auto-vindecare prin Chakra inimii<\/p>\n<p><strong>Crop Circle 96 Paradise \/ Cercul 96<\/strong> <strong>Paradis<\/strong> \u2013 promoveaz\u0103 auto-vindecarea, creeaz\u0103 structur\u0103 energetic\u0103.<\/p>\n<p><strong>Delph<\/strong><strong>\u00ae<\/strong><\/td>\n<\/tr>\n<\/tbody>\n<\/table>\n<p><strong><em> <span class=\"Y2IQFc\" lang=\"ro\">Adi\u0163ional:<\/span><\/em><\/strong><\/p>\n<h6><img loading=\"lazy\" decoding=\"async\" class=\"wp-image-14200\" src=\"https:\/\/esentevibrationale.com\/wp-content\/uploads\/2022\/10\/o12-300x225.jpg\" alt=\"\" width=\"142\" height=\"107\" srcset=\"https:\/\/esentevibrationale.com\/wp-content\/uploads\/2022\/10\/o12-300x225.jpg 300w, https:\/\/esentevibrationale.com\/wp-content\/uploads\/2022\/10\/o12-768x577.jpg 768w, https:\/\/esentevibrationale.com\/wp-content\/uploads\/2022\/10\/o12-80x60.jpg 80w, https:\/\/esentevibrationale.com\/wp-content\/uploads\/2022\/10\/o12-120x90.jpg 120w, https:\/\/esentevibrationale.com\/wp-content\/uploads\/2022\/10\/o12.jpg 899w\" sizes=\"auto, (max-width: 142px) 100vw, 142px\" \/> \u00a0\u00a0\u00a0\u00a0\u00a0\u00a0\u00a0\u00a0\u00a0\u00a0 ESEN\u021aA OCEANIC\u0102 Nr. 12<\/h6>\n<p>Esen\u021ba ne conduce energic \u00eenapoi la \u00eenceputul crea\u021biei lui Dumnezeu. Conexiune la origine. Ne conecteaz\u0103 cu informa\u021bia original\u0103, nealterat\u0103, care este con\u021binut\u0103 \u0219i \u00een primele celule primordiale. Armonizeaz\u0103 \u0219i echilibreaz\u0103 sentimentele. Are un efect de echilibrare asupra plexului solar \u0219i a Chakrei inimii. Esen\u021ba ne d\u0103 un sentiment, de \u00eentoarcere la origine. Leg\u0103tura cu Alfa \u0219i Omega. Experien\u021ba primei celule din uter. Sentimentul minunat de a fi conectat la tot, de a fi parte din tot ceea ce este.<\/p>\n<p><em>Are efect asupra<\/em> <em>primei<\/em> <em>Chakre. Excelent\u0103 pentru centrare \u0219i \u00eemp\u0103m\u00e2ntare.<\/em><\/p>\n<p><img loading=\"lazy\" decoding=\"async\" class=\"wp-image-14201 alignleft\" src=\"https:\/\/esentevibrationale.com\/wp-content\/uploads\/2022\/10\/o15-300x241.jpg\" alt=\"\" width=\"147\" height=\"118\" srcset=\"https:\/\/esentevibrationale.com\/wp-content\/uploads\/2022\/10\/o15-300x241.jpg 300w, https:\/\/esentevibrationale.com\/wp-content\/uploads\/2022\/10\/o15-75x60.jpg 75w, https:\/\/esentevibrationale.com\/wp-content\/uploads\/2022\/10\/o15-112x90.jpg 112w, https:\/\/esentevibrationale.com\/wp-content\/uploads\/2022\/10\/o15.jpg 702w\" sizes=\"auto, (max-width: 147px) 100vw, 147px\" \/><\/p>\n<p>&nbsp;<\/p>\n<p><strong>ESEN\u021aA OCEANIC\u0102 Nr. 15<\/strong><\/p>\n<p>&nbsp;<\/p>\n<p>Esen\u021ba ne readuce energetic la prima stare primordial\u0103, informa\u021bia primei celule dup\u0103 fuziunea ADN-ului \u00een crearea vie\u021bii. Ne amintim f\u0103r\u0103 probleme de informa\u021bia primordial\u0103 original\u0103, netulburat\u0103, nealterat\u0103 a momentului crea\u021biei lui Dumnezeu, esen\u021ba primordial\u0103, originalul din noi. Esen\u021ba ne d\u0103 sentimentul de a fi cufunda\u021bi \u00een aceast\u0103 stare primordial\u0103 a oceanului \u00een Evul Mediu cu milioane de ani\u00a0 \u00een urm\u0103, de a participa la modul \u00een care apare prima via\u021b\u0103 din acest ocean primordial, de a fi una \u00een acest moment al crea\u021biei divine, de a fi condu\u0219i \u00eenapoi la originea a tot ce este.<\/p>\n<p><em>Are efect energetic asupra primei Chakre.<\/em><\/p>\n<p><img loading=\"lazy\" decoding=\"async\" class=\"wp-image-14202 alignleft\" src=\"https:\/\/esentevibrationale.com\/wp-content\/uploads\/2022\/10\/o28.jpg\" alt=\"\" width=\"172\" height=\"127\" srcset=\"https:\/\/esentevibrationale.com\/wp-content\/uploads\/2022\/10\/o28.jpg 300w, https:\/\/esentevibrationale.com\/wp-content\/uploads\/2022\/10\/o28-81x60.jpg 81w, https:\/\/esentevibrationale.com\/wp-content\/uploads\/2022\/10\/o28-122x90.jpg 122w\" sizes=\"auto, (max-width: 172px) 100vw, 172px\" \/><\/p>\n<p>&nbsp;<\/p>\n<p><strong>ESEN\u021aA OCEANIC\u0102 Nr. 28<\/strong><\/p>\n<p><strong>\u00a0<\/strong><\/p>\n<p>Esen\u021ba ne cre\u0219te for\u021ba vital\u0103 \u0219i vitalitatea. Are un efect pozitiv asupra organismului nostru \u0219i ne ofer\u0103 cur\u0103\u021benie interioar\u0103, claritate \u0219i dinamism. Procesele de grup \u0219i capacitatea de a lucra \u00eempreun\u0103 sunt sus\u021binute. Ne ajut\u0103 pe to\u021bi s\u0103 ne unim, adic\u0103 s\u0103 aliniem puterea grupului spre un obiectiv.<\/p>\n<p><img loading=\"lazy\" decoding=\"async\" class=\"wp-image-14203 alignleft\" src=\"https:\/\/esentevibrationale.com\/wp-content\/uploads\/2022\/10\/031.jpg\" alt=\"\" width=\"173\" height=\"181\" srcset=\"https:\/\/esentevibrationale.com\/wp-content\/uploads\/2022\/10\/031.jpg 288w, https:\/\/esentevibrationale.com\/wp-content\/uploads\/2022\/10\/031-58x60.jpg 58w, https:\/\/esentevibrationale.com\/wp-content\/uploads\/2022\/10\/031-86x90.jpg 86w\" sizes=\"auto, (max-width: 173px) 100vw, 173px\" \/><\/p>\n<p>&nbsp;<\/p>\n<p><strong>ESEN\u021aA OCEANIC\u0102 Nr. 31<\/strong><\/p>\n<p>&nbsp;<\/p>\n<p>&nbsp;<\/p>\n<p>Esen\u021ba ne conecteaz\u0103 cu informa\u021biile originale ale ADN-ului nostru. Din punct de vedere energetic are efect de cur\u0103\u021bare \u0219i ne ajut\u0103 energetic s\u0103 elimin\u0103m informa\u021biile &#8222;gre\u0219ite&#8221; sau &#8222;tulbur\u0103rile&#8221;. Are func\u021bia de protec\u021bie a celulelor. Esen\u021ba permite ca tulbur\u0103rile s\u0103 fie \u00eendep\u0103rtate \u0219i s\u0103 nu fie ata\u0219ate.<\/p>\n","protected":false},"excerpt":{"rendered":"<p>Dup\u0103 interven\u021bia chirurgical\u0103 exist\u0103 posibilitatea de a aplica tratamente HLT\u00ae direct \u00een timpul procesului de vindecare \u0219i astfel se va accelera procesul. Am putut s\u0103-l \u00eencerc \u0219i eu dup\u0103 o interven\u021bie chirurgical\u0103 la ochi, care a produs incizii mari deasupra \u0219i dedesubtul ambilor ochi. Primul tratament l-am f\u0103cut imediat dup\u0103 opera\u021bie, c\u00e2nd m-am trezit din &hellip; <a href=\"https:\/\/esentevibrationale.com\/?product=setul-hlt-post-operator\" class=\"more-link\">Continu\u0103 lectura <span class=\"screen-reader-text\">Setul HLT\u00ae Post-operator<\/span> <span class=\"meta-nav\">&rarr;<\/span><\/a><\/p>\n","protected":false},"featured_media":14199,"template":"","meta":[],"product_brand":[],"product_cat":[61],"product_tag":[],"class_list":{"0":"post-13569","1":"product","2":"type-product","3":"status-publish","4":"has-post-thumbnail","6":"product_cat-hlt-tratamentul-holistic-cu-lumina","8":"first","9":"instock","10":"shipping-taxable","11":"purchasable","12":"product-type-simple"},"_links":{"self":[{"href":"https:\/\/esentevibrationale.com\/index.php?rest_route=\/wp\/v2\/product\/13569","targetHints":{"allow":["GET"]}}],"collection":[{"href":"https:\/\/esentevibrationale.com\/index.php?rest_route=\/wp\/v2\/product"}],"about":[{"href":"https:\/\/esentevibrationale.com\/index.php?rest_route=\/wp\/v2\/types\/product"}],"wp:featuredmedia":[{"embeddable":true,"href":"https:\/\/esentevibrationale.com\/index.php?rest_route=\/wp\/v2\/media\/14199"}],"wp:attachment":[{"href":"https:\/\/esentevibrationale.com\/index.php?rest_route=%2Fwp%2Fv2%2Fmedia&parent=13569"}],"wp:term":[{"taxonomy":"product_brand","embeddable":true,"href":"https:\/\/esentevibrationale.com\/index.php?rest_route=%2Fwp%2Fv2%2Fproduct_brand&post=13569"},{"taxonomy":"product_cat","embeddable":true,"href":"https:\/\/esentevibrationale.com\/index.php?rest_route=%2Fwp%2Fv2%2Fproduct_cat&post=13569"},{"taxonomy":"product_tag","embeddable":true,"href":"https:\/\/esentevibrationale.com\/index.php?rest_route=%2Fwp%2Fv2%2Fproduct_tag&post=13569"}],"curies":[{"name":"wp","href":"https:\/\/api.w.org\/{rel}","templated":true}]}}