{"id":13594,"date":"2022-10-27T11:37:46","date_gmt":"2022-10-27T08:37:46","guid":{"rendered":"https:\/\/esentevibrationale.com\/?post_type=product&#038;p=13594"},"modified":"2026-01-03T17:37:59","modified_gmt":"2026-01-03T15:37:59","slug":"saqqara-pyramid-piramida-saqqara","status":"publish","type":"product","link":"https:\/\/esentevibrationale.com\/?product=saqqara-pyramid-piramida-saqqara","title":{"rendered":"Saqqara Pyramid \/ Piramida Saqqara"},"content":{"rendered":"<p><img loading=\"lazy\" decoding=\"async\" class=\"alignnone size-full wp-image-13598\" src=\"https:\/\/esentevibrationale.com\/wp-content\/uploads\/2022\/10\/saqqara1.jpg\" alt=\"\" width=\"101\" height=\"300\" \/><\/p>\n<p><span class=\"Y2IQFc\" lang=\"ro\">Aceasta este cea mai veche piramid\u0103, care a fost folosit\u0103 pentru ini\u021bierea original\u0103. Esen\u021ba are un efect de \u00eent\u0103rire energetic\u0103 \u0219i ne ajut\u0103 s\u0103 ne eliber\u0103m de vechile informa\u021bii despre durere. Ac\u021bioneaz\u0103 ca un tonic energetic, ne cre\u0219te stima de sine. Devenim con\u0219tien\u021bi de puterea noastr\u0103 at\u00e2t fizic\u0103, c\u00e2t \u0219i mental\u0103-spiritual\u0103. \u00cencrederea noastr\u0103 \u00een sine este crescut\u0103 \u0219i astfel ne putem \u00eendrepta \u00een interior \u0219i ne putem g\u0103si adev\u0103rata dimensiune \u0219i ne putem dezvolta poten\u021bialul interior.<\/span><\/p>\n","protected":false},"excerpt":{"rendered":"<p>Aceasta este cea mai veche piramid\u0103, care a fost folosit\u0103 pentru ini\u021bierea original\u0103. Esen\u021ba are un efect de \u00eent\u0103rire energetic\u0103 \u0219i ne ajut\u0103 s\u0103 ne eliber\u0103m de vechile informa\u021bii despre durere. Ac\u021bioneaz\u0103 ca un tonic energetic, ne cre\u0219te stima de sine. Devenim con\u0219tien\u021bi de puterea noastr\u0103 at\u00e2t fizic\u0103, c\u00e2t \u0219i mental\u0103-spiritual\u0103. \u00cencrederea noastr\u0103 \u00een sine &hellip; <a href=\"https:\/\/esentevibrationale.com\/?product=saqqara-pyramid-piramida-saqqara\" class=\"more-link\">Continu\u0103 lectura <span class=\"screen-reader-text\">Saqqara Pyramid \/ Piramida Saqqara<\/span> <span class=\"meta-nav\">&rarr;<\/span><\/a><\/p>\n","protected":false},"featured_media":13595,"template":"","meta":[],"product_brand":[],"product_cat":[58],"product_tag":[],"class_list":{"0":"post-13594","1":"product","2":"type-product","3":"status-publish","4":"has-post-thumbnail","6":"product_cat-esente-ambientale","7":"pa_size-15ml","8":"pa_size-30ml","10":"first","11":"instock","12":"shipping-taxable","13":"purchasable","14":"product-type-variable","15":"has-default-attributes"},"_links":{"self":[{"href":"https:\/\/esentevibrationale.com\/index.php?rest_route=\/wp\/v2\/product\/13594","targetHints":{"allow":["GET"]}}],"collection":[{"href":"https:\/\/esentevibrationale.com\/index.php?rest_route=\/wp\/v2\/product"}],"about":[{"href":"https:\/\/esentevibrationale.com\/index.php?rest_route=\/wp\/v2\/types\/product"}],"wp:featuredmedia":[{"embeddable":true,"href":"https:\/\/esentevibrationale.com\/index.php?rest_route=\/wp\/v2\/media\/13595"}],"wp:attachment":[{"href":"https:\/\/esentevibrationale.com\/index.php?rest_route=%2Fwp%2Fv2%2Fmedia&parent=13594"}],"wp:term":[{"taxonomy":"product_brand","embeddable":true,"href":"https:\/\/esentevibrationale.com\/index.php?rest_route=%2Fwp%2Fv2%2Fproduct_brand&post=13594"},{"taxonomy":"product_cat","embeddable":true,"href":"https:\/\/esentevibrationale.com\/index.php?rest_route=%2Fwp%2Fv2%2Fproduct_cat&post=13594"},{"taxonomy":"product_tag","embeddable":true,"href":"https:\/\/esentevibrationale.com\/index.php?rest_route=%2Fwp%2Fv2%2Fproduct_tag&post=13594"}],"curies":[{"name":"wp","href":"https:\/\/api.w.org\/{rel}","templated":true}]}}