{"id":13599,"date":"2022-10-27T11:43:25","date_gmt":"2022-10-27T08:43:25","guid":{"rendered":"https:\/\/esentevibrationale.com\/?post_type=product&#038;p=13599"},"modified":"2026-01-03T17:24:34","modified_gmt":"2026-01-03T15:24:34","slug":"bent-pyramid-dahshur-piramida-indoita-dahshur","status":"publish","type":"product","link":"https:\/\/esentevibrationale.com\/?product=bent-pyramid-dahshur-piramida-indoita-dahshur","title":{"rendered":"Bent Pyramid Dahshur \/ Piramida \u00cendoit\u0103 Dahshur"},"content":{"rendered":"<p><span class=\"Y2IQFc\" lang=\"ro\">Vechea piramid\u0103 egiptean\u0103 \u00eendoit\u0103 se afl\u0103 la sudul celor dou\u0103 mari piramide din Dahshur \u0219i difer\u0103 de toate celelalte piramide egiptene datorit\u0103 formei sale unice cauzate de problemele de construc\u021bie. Aici este un loc de ini\u021biere pentru deschiderea con\u0219tiin\u021bei c\u0103tre noi niveluri \u0219i alte dimensiuni. Esen\u021ba func\u021bioneaz\u0103 prin stimularea energetic\u0103 a con\u0219tiin\u021bei noastre \u0219i a ADN-ului nostru. Experiment\u0103m un impuls de energie, astfel \u00eenc\u00e2t s\u0103 ne putem conecta mai u\u0219or cu alte planete. Activarea creierului nostru.<\/span><\/p>\n","protected":false},"excerpt":{"rendered":"<p>Vechea piramid\u0103 egiptean\u0103 \u00eendoit\u0103 se afl\u0103 la sudul celor dou\u0103 mari piramide din Dahshur \u0219i difer\u0103 de toate celelalte piramide egiptene datorit\u0103 formei sale unice cauzate de problemele de construc\u021bie. Aici este un loc de ini\u021biere pentru deschiderea con\u0219tiin\u021bei c\u0103tre noi niveluri \u0219i alte dimensiuni. Esen\u021ba func\u021bioneaz\u0103 prin stimularea energetic\u0103 a con\u0219tiin\u021bei noastre \u0219i a &hellip; <a href=\"https:\/\/esentevibrationale.com\/?product=bent-pyramid-dahshur-piramida-indoita-dahshur\" class=\"more-link\">Continu\u0103 lectura <span class=\"screen-reader-text\">Bent Pyramid Dahshur \/ Piramida \u00cendoit\u0103 Dahshur<\/span> <span class=\"meta-nav\">&rarr;<\/span><\/a><\/p>\n","protected":false},"featured_media":13602,"template":"","meta":[],"product_brand":[],"product_cat":[58],"product_tag":[],"class_list":{"0":"post-13599","1":"product","2":"type-product","3":"status-publish","4":"has-post-thumbnail","6":"product_cat-esente-ambientale","7":"pa_size-15ml","8":"pa_size-30ml","10":"first","11":"instock","12":"shipping-taxable","13":"purchasable","14":"product-type-variable","15":"has-default-attributes"},"_links":{"self":[{"href":"https:\/\/esentevibrationale.com\/index.php?rest_route=\/wp\/v2\/product\/13599","targetHints":{"allow":["GET"]}}],"collection":[{"href":"https:\/\/esentevibrationale.com\/index.php?rest_route=\/wp\/v2\/product"}],"about":[{"href":"https:\/\/esentevibrationale.com\/index.php?rest_route=\/wp\/v2\/types\/product"}],"wp:featuredmedia":[{"embeddable":true,"href":"https:\/\/esentevibrationale.com\/index.php?rest_route=\/wp\/v2\/media\/13602"}],"wp:attachment":[{"href":"https:\/\/esentevibrationale.com\/index.php?rest_route=%2Fwp%2Fv2%2Fmedia&parent=13599"}],"wp:term":[{"taxonomy":"product_brand","embeddable":true,"href":"https:\/\/esentevibrationale.com\/index.php?rest_route=%2Fwp%2Fv2%2Fproduct_brand&post=13599"},{"taxonomy":"product_cat","embeddable":true,"href":"https:\/\/esentevibrationale.com\/index.php?rest_route=%2Fwp%2Fv2%2Fproduct_cat&post=13599"},{"taxonomy":"product_tag","embeddable":true,"href":"https:\/\/esentevibrationale.com\/index.php?rest_route=%2Fwp%2Fv2%2Fproduct_tag&post=13599"}],"curies":[{"name":"wp","href":"https:\/\/api.w.org\/{rel}","templated":true}]}}